{"id":6723,"date":"2025-02-21T16:04:21","date_gmt":"2025-02-21T15:04:21","guid":{"rendered":"https:\/\/smartfp.cz\/platform\/careers\/junior-developer\/"},"modified":"2025-03-25T21:32:49","modified_gmt":"2025-03-25T20:32:49","slug":"junior-developer","status":"publish","type":"page","link":"https:\/\/smartfp.cz\/en\/platform\/careers\/junior-developer\/","title":{"rendered":"Junior Developer"},"content":{"rendered":"\n<div class=\"wp-block-group has-global-padding is-layout-constrained wp-container-core-group-is-layout-da70f3a0 wp-block-group-is-layout-constrained\">\n<p class=\"has-large-font-size\">We are looking for a junior configurator developer to build applications in our low-code SmartFP platform.<\/p>\n\n\n\n<p class=\"has-medium-font-size\">Above all, we need the new colleague to be an IT enthusiast, with a technical mindset and basic knowledge of SQL and HTML.<\/p>\n\n\n<h2 class=\"wp-block-heading has-secondary-color has-text-color has-link-color has-x-large-font-size wp-elements-cd63f61df5e81a30fc08eec0fa03fedb\" style=\"padding-top:15px\" id=\"what-can-you-expect-from-us\"><strong>What can you expect from us?<\/strong><\/h2>\n\n\n<p class=\"has-medium-font-size\">We develop applications for companies from different industries, so there is no risk of routine. Your job will be to <strong>modify applications according to clients&#8217; requirements<\/strong>, work with code and configure solutions to meet their needs. <strong>Your work will be meaningful<\/strong> &#8211; every customization brings real value to end users. You don&#8217;t need to be a senior programmer. You just need to have a foundation in SQL and HTML and a technical enthusiasm.   <\/p>\n\n\n\n<p class=\"has-medium-font-size\">You won&#8217;t be on your own &#8211; you <strong>&#8216;ll be supported by more experienced colleagues and the whole team<\/strong>. We believe that face-to-face contact facilitates collaboration and learning, which is why <strong>we prefer working from the office<\/strong> for this position. We offer full-time work starting immediately.  <\/p>\n\n\n<h2 class=\"wp-block-heading has-secondary-color has-text-color has-link-color has-x-large-font-size wp-elements-75ace37e33b1fca7635f155dfbd7d502\" style=\"padding-top:15px\" id=\"what-do-we-need-from-you\"><strong>What do we need from you?<\/strong><\/h2>\n\n\n<ul class=\"wp-block-list\">\n<li class=\"has-medium-font-size\">Basic knowledge of SQL and HTML &#8211; you will work in code, but we don&#8217;t expect senior experience<\/li>\n\n\n\n<li class=\"has-medium-font-size\">Technical enthusiasm &#8211; if you enjoy finding out how things work, you&#8217;re our guy<\/li>\n\n\n\n<li class=\"has-medium-font-size\">Logical thinking and attention to detail &#8211; configurations must have a head and a tail<\/li>\n\n\n\n<li class=\"has-medium-font-size\">Ability to collaborate &#8211; cooperate with colleagues, share information, seek the best solutions<\/li>\n<\/ul>\n\n\n\n<p class=\"has-medium-font-size\" style=\"padding-top:var(--wp--preset--spacing--30)\">If you are interested in the position, <strong>please send your CV and motivation letter to Romana Petr\u00e1\u0148ov\u00e1<\/strong> <a href=\"mailto:rpetranova@smartfp.cz\">rpetranova@smartfp.cz.<\/a><\/p>\n<\/div>\n","protected":false},"excerpt":{"rendered":"<p>We are looking for a junior developer &#8211; configurator who will create applications in our platform. You just need to have basic knowledge of HTML and SQL and a passion for technology.   <\/p>\n","protected":false},"author":4,"featured_media":4839,"parent":5142,"menu_order":0,"comment_status":"closed","ping_status":"closed","template":"","meta":{"_eb_attr":"","inline_featured_image":false,"_eb_data_table":"","footnotes":""},"class_list":["post-6723","page","type-page","status-publish","has-post-thumbnail","hentry"],"yoast_head":"<!-- This site is optimized with the Yoast SEO plugin v27.4 - https:\/\/yoast.com\/product\/yoast-seo-wordpress\/ -->\n<title>Junior Developer - SmartFP<\/title>\n<meta name=\"description\" content=\"We are looking for a junior configurator developer to build applications in our low-code SmartFP platform. No need to be a senior programmer. You just need to have a basic knowledge of SQL, HTML and technical enthusiasm.\" \/>\n<meta name=\"robots\" content=\"index, follow, max-snippet:-1, max-image-preview:large, max-video-preview:-1\" \/>\n<link rel=\"canonical\" href=\"https:\/\/smartfp.cz\/en\/platform\/careers\/junior-developer\/\" \/>\n<meta property=\"og:locale\" content=\"en_US\" \/>\n<meta property=\"og:type\" content=\"article\" \/>\n<meta property=\"og:title\" content=\"Junior Developer - SmartFP\" \/>\n<meta property=\"og:description\" content=\"We are looking for a junior configurator developer to build applications in our low-code SmartFP platform. No need to be a senior programmer. You just need to have a basic knowledge of SQL, HTML and technical enthusiasm.\" \/>\n<meta property=\"og:url\" content=\"https:\/\/smartfp.cz\/en\/platform\/careers\/junior-developer\/\" \/>\n<meta property=\"og:site_name\" content=\"SmartFP\" \/>\n<meta property=\"article:publisher\" content=\"https:\/\/www.facebook.com\/smartformplatform\" \/>\n<meta property=\"article:modified_time\" content=\"2025-03-25T20:32:49+00:00\" \/>\n<meta property=\"og:image\" content=\"https:\/\/smartfp.cz\/wp-content\/uploads\/2024\/10\/detaily-v-obr-zku-pros-m-vytvo-s-barvami-1e88e5-2.png\" \/>\n\t<meta property=\"og:image:width\" content=\"1024\" \/>\n\t<meta property=\"og:image:height\" content=\"1024\" \/>\n\t<meta property=\"og:image:type\" content=\"image\/png\" \/>\n<meta name=\"twitter:card\" content=\"summary_large_image\" \/>\n<script type=\"application\/ld+json\" class=\"yoast-schema-graph\">{\"@context\":\"https:\\\/\\\/schema.org\",\"@graph\":[{\"@type\":\"WebPage\",\"@id\":\"https:\\\/\\\/smartfp.cz\\\/en\\\/platform\\\/careers\\\/junior-developer\\\/\",\"url\":\"https:\\\/\\\/smartfp.cz\\\/en\\\/platform\\\/careers\\\/junior-developer\\\/\",\"name\":\"Junior Developer - SmartFP\",\"isPartOf\":{\"@id\":\"https:\\\/\\\/smartfp.cz\\\/en\\\/#website\"},\"primaryImageOfPage\":{\"@id\":\"https:\\\/\\\/smartfp.cz\\\/en\\\/platform\\\/careers\\\/junior-developer\\\/#primaryimage\"},\"image\":{\"@id\":\"https:\\\/\\\/smartfp.cz\\\/en\\\/platform\\\/careers\\\/junior-developer\\\/#primaryimage\"},\"thumbnailUrl\":\"https:\\\/\\\/smartfp.cz\\\/wp-content\\\/uploads\\\/2024\\\/10\\\/detaily-v-obr-zku-pros-m-vytvo-s-barvami-1e88e5-2.png\",\"datePublished\":\"2025-02-21T15:04:21+00:00\",\"dateModified\":\"2025-03-25T20:32:49+00:00\",\"description\":\"We are looking for a junior configurator developer to build applications in our low-code SmartFP platform. No need to be a senior programmer. You just need to have a basic knowledge of SQL, HTML and technical enthusiasm.\",\"breadcrumb\":{\"@id\":\"https:\\\/\\\/smartfp.cz\\\/en\\\/platform\\\/careers\\\/junior-developer\\\/#breadcrumb\"},\"inLanguage\":\"en-US\",\"potentialAction\":[{\"@type\":\"ReadAction\",\"target\":[\"https:\\\/\\\/smartfp.cz\\\/en\\\/platform\\\/careers\\\/junior-developer\\\/\"]}]},{\"@type\":\"ImageObject\",\"inLanguage\":\"en-US\",\"@id\":\"https:\\\/\\\/smartfp.cz\\\/en\\\/platform\\\/careers\\\/junior-developer\\\/#primaryimage\",\"url\":\"https:\\\/\\\/smartfp.cz\\\/wp-content\\\/uploads\\\/2024\\\/10\\\/detaily-v-obr-zku-pros-m-vytvo-s-barvami-1e88e5-2.png\",\"contentUrl\":\"https:\\\/\\\/smartfp.cz\\\/wp-content\\\/uploads\\\/2024\\\/10\\\/detaily-v-obr-zku-pros-m-vytvo-s-barvami-1e88e5-2.png\",\"width\":1024,\"height\":1024},{\"@type\":\"BreadcrumbList\",\"@id\":\"https:\\\/\\\/smartfp.cz\\\/en\\\/platform\\\/careers\\\/junior-developer\\\/#breadcrumb\",\"itemListElement\":[{\"@type\":\"ListItem\",\"position\":1,\"name\":\"Home\",\"item\":\"https:\\\/\\\/smartfp.cz\\\/en\\\/\"},{\"@type\":\"ListItem\",\"position\":2,\"name\":\"Platform\",\"item\":\"https:\\\/\\\/smartfp.cz\\\/en\\\/platform\\\/\"},{\"@type\":\"ListItem\",\"position\":3,\"name\":\"Careers\",\"item\":\"https:\\\/\\\/smartfp.cz\\\/en\\\/platform\\\/careers\\\/\"},{\"@type\":\"ListItem\",\"position\":4,\"name\":\"Junior Developer\"}]},{\"@type\":\"WebSite\",\"@id\":\"https:\\\/\\\/smartfp.cz\\\/en\\\/#website\",\"url\":\"https:\\\/\\\/smartfp.cz\\\/en\\\/\",\"name\":\"SmartFP\",\"description\":\"Firemn\u00ed aplikace a integrace\",\"publisher\":{\"@id\":\"https:\\\/\\\/smartfp.cz\\\/en\\\/#organization\"},\"potentialAction\":[{\"@type\":\"SearchAction\",\"target\":{\"@type\":\"EntryPoint\",\"urlTemplate\":\"https:\\\/\\\/smartfp.cz\\\/en\\\/?s={search_term_string}\"},\"query-input\":{\"@type\":\"PropertyValueSpecification\",\"valueRequired\":true,\"valueName\":\"search_term_string\"}}],\"inLanguage\":\"en-US\"},{\"@type\":\"Organization\",\"@id\":\"https:\\\/\\\/smartfp.cz\\\/en\\\/#organization\",\"name\":\"Gappex s.r.o.\",\"alternateName\":\"SmartFP\",\"url\":\"https:\\\/\\\/smartfp.cz\\\/en\\\/\",\"logo\":{\"@type\":\"ImageObject\",\"inLanguage\":\"en-US\",\"@id\":\"https:\\\/\\\/smartfp.cz\\\/en\\\/#\\\/schema\\\/logo\\\/image\\\/\",\"url\":\"https:\\\/\\\/smartfp.cz\\\/wp-content\\\/uploads\\\/2024\\\/05\\\/SFP-long-color-1.svg\",\"contentUrl\":\"https:\\\/\\\/smartfp.cz\\\/wp-content\\\/uploads\\\/2024\\\/05\\\/SFP-long-color-1.svg\",\"width\":100,\"height\":100,\"caption\":\"Gappex s.r.o.\"},\"image\":{\"@id\":\"https:\\\/\\\/smartfp.cz\\\/en\\\/#\\\/schema\\\/logo\\\/image\\\/\"},\"sameAs\":[\"https:\\\/\\\/www.facebook.com\\\/smartformplatform\",\"https:\\\/\\\/www.instagram.com\\\/smart.fp\\\/\",\"https:\\\/\\\/cz.linkedin.com\\\/company\\\/gappex\",\"https:\\\/\\\/www.youtube.com\\\/@smartfp\"]}]}<\/script>\n<!-- \/ Yoast SEO plugin. -->","yoast_head_json":{"title":"Junior Developer - SmartFP","description":"We are looking for a junior configurator developer to build applications in our low-code SmartFP platform. No need to be a senior programmer. You just need to have a basic knowledge of SQL, HTML and technical enthusiasm.","robots":{"index":"index","follow":"follow","max-snippet":"max-snippet:-1","max-image-preview":"max-image-preview:large","max-video-preview":"max-video-preview:-1"},"canonical":"https:\/\/smartfp.cz\/en\/platform\/careers\/junior-developer\/","og_locale":"en_US","og_type":"article","og_title":"Junior Developer - SmartFP","og_description":"We are looking for a junior configurator developer to build applications in our low-code SmartFP platform. No need to be a senior programmer. You just need to have a basic knowledge of SQL, HTML and technical enthusiasm.","og_url":"https:\/\/smartfp.cz\/en\/platform\/careers\/junior-developer\/","og_site_name":"SmartFP","article_publisher":"https:\/\/www.facebook.com\/smartformplatform","article_modified_time":"2025-03-25T20:32:49+00:00","og_image":[{"width":1024,"height":1024,"url":"https:\/\/smartfp.cz\/wp-content\/uploads\/2024\/10\/detaily-v-obr-zku-pros-m-vytvo-s-barvami-1e88e5-2.png","type":"image\/png"}],"twitter_card":"summary_large_image","schema":{"@context":"https:\/\/schema.org","@graph":[{"@type":"WebPage","@id":"https:\/\/smartfp.cz\/en\/platform\/careers\/junior-developer\/","url":"https:\/\/smartfp.cz\/en\/platform\/careers\/junior-developer\/","name":"Junior Developer - SmartFP","isPartOf":{"@id":"https:\/\/smartfp.cz\/en\/#website"},"primaryImageOfPage":{"@id":"https:\/\/smartfp.cz\/en\/platform\/careers\/junior-developer\/#primaryimage"},"image":{"@id":"https:\/\/smartfp.cz\/en\/platform\/careers\/junior-developer\/#primaryimage"},"thumbnailUrl":"https:\/\/smartfp.cz\/wp-content\/uploads\/2024\/10\/detaily-v-obr-zku-pros-m-vytvo-s-barvami-1e88e5-2.png","datePublished":"2025-02-21T15:04:21+00:00","dateModified":"2025-03-25T20:32:49+00:00","description":"We are looking for a junior configurator developer to build applications in our low-code SmartFP platform. No need to be a senior programmer. You just need to have a basic knowledge of SQL, HTML and technical enthusiasm.","breadcrumb":{"@id":"https:\/\/smartfp.cz\/en\/platform\/careers\/junior-developer\/#breadcrumb"},"inLanguage":"en-US","potentialAction":[{"@type":"ReadAction","target":["https:\/\/smartfp.cz\/en\/platform\/careers\/junior-developer\/"]}]},{"@type":"ImageObject","inLanguage":"en-US","@id":"https:\/\/smartfp.cz\/en\/platform\/careers\/junior-developer\/#primaryimage","url":"https:\/\/smartfp.cz\/wp-content\/uploads\/2024\/10\/detaily-v-obr-zku-pros-m-vytvo-s-barvami-1e88e5-2.png","contentUrl":"https:\/\/smartfp.cz\/wp-content\/uploads\/2024\/10\/detaily-v-obr-zku-pros-m-vytvo-s-barvami-1e88e5-2.png","width":1024,"height":1024},{"@type":"BreadcrumbList","@id":"https:\/\/smartfp.cz\/en\/platform\/careers\/junior-developer\/#breadcrumb","itemListElement":[{"@type":"ListItem","position":1,"name":"Home","item":"https:\/\/smartfp.cz\/en\/"},{"@type":"ListItem","position":2,"name":"Platform","item":"https:\/\/smartfp.cz\/en\/platform\/"},{"@type":"ListItem","position":3,"name":"Careers","item":"https:\/\/smartfp.cz\/en\/platform\/careers\/"},{"@type":"ListItem","position":4,"name":"Junior Developer"}]},{"@type":"WebSite","@id":"https:\/\/smartfp.cz\/en\/#website","url":"https:\/\/smartfp.cz\/en\/","name":"SmartFP","description":"Firemn\u00ed aplikace a integrace","publisher":{"@id":"https:\/\/smartfp.cz\/en\/#organization"},"potentialAction":[{"@type":"SearchAction","target":{"@type":"EntryPoint","urlTemplate":"https:\/\/smartfp.cz\/en\/?s={search_term_string}"},"query-input":{"@type":"PropertyValueSpecification","valueRequired":true,"valueName":"search_term_string"}}],"inLanguage":"en-US"},{"@type":"Organization","@id":"https:\/\/smartfp.cz\/en\/#organization","name":"Gappex s.r.o.","alternateName":"SmartFP","url":"https:\/\/smartfp.cz\/en\/","logo":{"@type":"ImageObject","inLanguage":"en-US","@id":"https:\/\/smartfp.cz\/en\/#\/schema\/logo\/image\/","url":"https:\/\/smartfp.cz\/wp-content\/uploads\/2024\/05\/SFP-long-color-1.svg","contentUrl":"https:\/\/smartfp.cz\/wp-content\/uploads\/2024\/05\/SFP-long-color-1.svg","width":100,"height":100,"caption":"Gappex s.r.o."},"image":{"@id":"https:\/\/smartfp.cz\/en\/#\/schema\/logo\/image\/"},"sameAs":["https:\/\/www.facebook.com\/smartformplatform","https:\/\/www.instagram.com\/smart.fp\/","https:\/\/cz.linkedin.com\/company\/gappex","https:\/\/www.youtube.com\/@smartfp"]}]}},"_links":{"self":[{"href":"https:\/\/smartfp.cz\/en\/wp-json\/wp\/v2\/pages\/6723","targetHints":{"allow":["GET"]}}],"collection":[{"href":"https:\/\/smartfp.cz\/en\/wp-json\/wp\/v2\/pages"}],"about":[{"href":"https:\/\/smartfp.cz\/en\/wp-json\/wp\/v2\/types\/page"}],"author":[{"embeddable":true,"href":"https:\/\/smartfp.cz\/en\/wp-json\/wp\/v2\/users\/4"}],"replies":[{"embeddable":true,"href":"https:\/\/smartfp.cz\/en\/wp-json\/wp\/v2\/comments?post=6723"}],"version-history":[{"count":1,"href":"https:\/\/smartfp.cz\/en\/wp-json\/wp\/v2\/pages\/6723\/revisions"}],"predecessor-version":[{"id":6725,"href":"https:\/\/smartfp.cz\/en\/wp-json\/wp\/v2\/pages\/6723\/revisions\/6725"}],"up":[{"embeddable":true,"href":"https:\/\/smartfp.cz\/en\/wp-json\/wp\/v2\/pages\/5142"}],"wp:featuredmedia":[{"embeddable":true,"href":"https:\/\/smartfp.cz\/en\/wp-json\/wp\/v2\/media\/4839"}],"wp:attachment":[{"href":"https:\/\/smartfp.cz\/en\/wp-json\/wp\/v2\/media?parent=6723"}],"curies":[{"name":"wp","href":"https:\/\/api.w.org\/{rel}","templated":true}]}}