{"id":5085,"date":"2024-10-17T17:11:29","date_gmt":"2024-10-17T15:11:29","guid":{"rendered":"https:\/\/smartfp.cz\/it-project-manager\/"},"modified":"2024-12-04T14:21:38","modified_gmt":"2024-12-04T13:21:38","slug":"it-project-manager","status":"publish","type":"page","link":"https:\/\/smartfp.cz\/en\/platform\/careers\/it-project-manager\/","title":{"rendered":"IT Project Manager"},"content":{"rendered":"\n<div class=\"wp-block-group has-global-padding is-layout-constrained wp-container-core-group-is-layout-da70f3a0 wp-block-group-is-layout-constrained\">\n<p class=\"has-large-font-size\">We are looking for a Project Manager to lead communication with clients and address their requirements with our programmers and configurators.<\/p>\n\n\n\n<p class=\"has-medium-font-size\">We need the new colleague to be a fan of IT technology and know what application development entails. It is not necessary to know programming languages, but to be familiar with the terminology and know the basic principles. Communication and organizational skills should definitely be a strength and have the ability to handle multiple tasks at once.    <\/p>\n\n\n<h2 class=\"wp-block-heading has-secondary-color has-text-color has-link-color has-x-large-font-size wp-elements-cd63f61df5e81a30fc08eec0fa03fedb\" style=\"padding-top:15px\" id=\"what-can-you-expect-from-us\"><strong>What can you expect from us?<\/strong><\/h2>\n\n\n<p class=\"has-medium-font-size\">The applications are for clients from different industries, with different focuses, so you definitely won&#8217;t be bored in the same tracks. You are an important link between the client and our development team, supported by other people in the company. You will become part of a group that has clear and common goals &#8211; to grow, to be consistent, to expand the number of satisfied clients. You do meaningful work that is diverse with added value to the end user. We consider face-to-face contact with the team to be important, which is why we require working from the office for this position.    <\/p>\n\n\n<h2 class=\"wp-block-heading has-secondary-color has-text-color has-link-color has-x-large-font-size wp-elements-75ace37e33b1fca7635f155dfbd7d502\" style=\"padding-top:15px\" id=\"what-do-we-need-from-you\"><strong>What do we need from you?<\/strong><\/h2>\n\n\n<ul class=\"wp-block-list\">\n<li class=\"has-medium-font-size\">Organisational skills<\/li>\n\n\n\n<li class=\"has-medium-font-size\">Communication skills<\/li>\n\n\n\n<li class=\"has-medium-font-size\">Solve multiple tasks at once<\/li>\n\n\n\n<li class=\"has-medium-font-size\">Systematic approach<\/li>\n\n\n\n<li class=\"has-medium-font-size\">Technical enthusiasm<\/li>\n\n\n\n<li class=\"has-medium-font-size\">Basic understanding of what application development means<\/li>\n\n\n\n<li class=\"has-medium-font-size\">Experience in project management an advantage<\/li>\n<\/ul>\n\n\n\n<p class=\"has-medium-font-size\" style=\"padding-top:var(--wp--preset--spacing--30)\">If you are interested in the position, <strong>please send your CV and motivation letter to Romana Petr\u00e1\u0148ov\u00e1<\/strong> <a href=\"mailto:rpetranova@smartfp.cz\">rpetranova@smartfp.cz.<\/a><\/p>\n<\/div>\n","protected":false},"excerpt":{"rendered":"<p>We are looking for a Project Manager to lead communication with clients and address their requirements with our programmers and configurators.<\/p>\n","protected":false},"author":4,"featured_media":4838,"parent":5142,"menu_order":0,"comment_status":"closed","ping_status":"closed","template":"","meta":{"_eb_attr":"","inline_featured_image":false,"_eb_data_table":"","footnotes":""},"class_list":["post-5085","page","type-page","status-publish","has-post-thumbnail","hentry"],"yoast_head":"<!-- This site is optimized with the Yoast SEO plugin v27.5 - https:\/\/yoast.com\/product\/yoast-seo-wordpress\/ -->\n<title>IT Project Manager - SmartFP<\/title>\n<meta name=\"description\" content=\"We are looking for a Project Manager to lead communication with clients and address their requirements with our programmers and configurators.\" \/>\n<meta name=\"robots\" content=\"index, follow, max-snippet:-1, max-image-preview:large, max-video-preview:-1\" \/>\n<link rel=\"canonical\" href=\"https:\/\/smartfp.cz\/en\/platform\/careers\/it-project-manager\/\" \/>\n<meta property=\"og:locale\" content=\"en_US\" \/>\n<meta property=\"og:type\" content=\"article\" \/>\n<meta property=\"og:title\" content=\"IT Project Manager - SmartFP\" \/>\n<meta property=\"og:description\" content=\"We are looking for a Project Manager to lead communication with clients and address their requirements with our programmers and configurators.\" \/>\n<meta property=\"og:url\" content=\"https:\/\/smartfp.cz\/en\/platform\/careers\/it-project-manager\/\" \/>\n<meta property=\"og:site_name\" content=\"SmartFP\" \/>\n<meta property=\"article:publisher\" content=\"https:\/\/www.facebook.com\/smartformplatform\" \/>\n<meta property=\"article:modified_time\" content=\"2024-12-04T13:21:38+00:00\" \/>\n<meta property=\"og:image\" content=\"https:\/\/smartfp.cz\/wp-content\/uploads\/2024\/10\/detaily-v-obr-zku-pros-m-vytvo-s-barvami-1e88e5-3.png\" \/>\n\t<meta property=\"og:image:width\" content=\"1024\" \/>\n\t<meta property=\"og:image:height\" content=\"1024\" \/>\n\t<meta property=\"og:image:type\" content=\"image\/png\" \/>\n<meta name=\"twitter:card\" content=\"summary_large_image\" \/>\n<script type=\"application\/ld+json\" class=\"yoast-schema-graph\">{\"@context\":\"https:\\\/\\\/schema.org\",\"@graph\":[{\"@type\":\"WebPage\",\"@id\":\"https:\\\/\\\/smartfp.cz\\\/en\\\/platform\\\/careers\\\/it-project-manager\\\/\",\"url\":\"https:\\\/\\\/smartfp.cz\\\/en\\\/platform\\\/careers\\\/it-project-manager\\\/\",\"name\":\"IT Project Manager - SmartFP\",\"isPartOf\":{\"@id\":\"https:\\\/\\\/smartfp.cz\\\/en\\\/#website\"},\"primaryImageOfPage\":{\"@id\":\"https:\\\/\\\/smartfp.cz\\\/en\\\/platform\\\/careers\\\/it-project-manager\\\/#primaryimage\"},\"image\":{\"@id\":\"https:\\\/\\\/smartfp.cz\\\/en\\\/platform\\\/careers\\\/it-project-manager\\\/#primaryimage\"},\"thumbnailUrl\":\"https:\\\/\\\/smartfp.cz\\\/wp-content\\\/uploads\\\/2024\\\/10\\\/detaily-v-obr-zku-pros-m-vytvo-s-barvami-1e88e5-3.png\",\"datePublished\":\"2024-10-17T15:11:29+00:00\",\"dateModified\":\"2024-12-04T13:21:38+00:00\",\"description\":\"We are looking for a Project Manager to lead communication with clients and address their requirements with our programmers and configurators.\",\"breadcrumb\":{\"@id\":\"https:\\\/\\\/smartfp.cz\\\/en\\\/platform\\\/careers\\\/it-project-manager\\\/#breadcrumb\"},\"inLanguage\":\"en-US\",\"potentialAction\":[{\"@type\":\"ReadAction\",\"target\":[\"https:\\\/\\\/smartfp.cz\\\/en\\\/platform\\\/careers\\\/it-project-manager\\\/\"]}]},{\"@type\":\"ImageObject\",\"inLanguage\":\"en-US\",\"@id\":\"https:\\\/\\\/smartfp.cz\\\/en\\\/platform\\\/careers\\\/it-project-manager\\\/#primaryimage\",\"url\":\"https:\\\/\\\/smartfp.cz\\\/wp-content\\\/uploads\\\/2024\\\/10\\\/detaily-v-obr-zku-pros-m-vytvo-s-barvami-1e88e5-3.png\",\"contentUrl\":\"https:\\\/\\\/smartfp.cz\\\/wp-content\\\/uploads\\\/2024\\\/10\\\/detaily-v-obr-zku-pros-m-vytvo-s-barvami-1e88e5-3.png\",\"width\":1024,\"height\":1024},{\"@type\":\"BreadcrumbList\",\"@id\":\"https:\\\/\\\/smartfp.cz\\\/en\\\/platform\\\/careers\\\/it-project-manager\\\/#breadcrumb\",\"itemListElement\":[{\"@type\":\"ListItem\",\"position\":1,\"name\":\"Home\",\"item\":\"https:\\\/\\\/smartfp.cz\\\/en\\\/\"},{\"@type\":\"ListItem\",\"position\":2,\"name\":\"Platform\",\"item\":\"https:\\\/\\\/smartfp.cz\\\/en\\\/platform\\\/\"},{\"@type\":\"ListItem\",\"position\":3,\"name\":\"Careers\",\"item\":\"https:\\\/\\\/smartfp.cz\\\/en\\\/platform\\\/careers\\\/\"},{\"@type\":\"ListItem\",\"position\":4,\"name\":\"IT Project Manager\"}]},{\"@type\":\"WebSite\",\"@id\":\"https:\\\/\\\/smartfp.cz\\\/en\\\/#website\",\"url\":\"https:\\\/\\\/smartfp.cz\\\/en\\\/\",\"name\":\"SmartFP\",\"description\":\"Firemn\u00ed aplikace a integrace\",\"publisher\":{\"@id\":\"https:\\\/\\\/smartfp.cz\\\/en\\\/#organization\"},\"potentialAction\":[{\"@type\":\"SearchAction\",\"target\":{\"@type\":\"EntryPoint\",\"urlTemplate\":\"https:\\\/\\\/smartfp.cz\\\/en\\\/?s={search_term_string}\"},\"query-input\":{\"@type\":\"PropertyValueSpecification\",\"valueRequired\":true,\"valueName\":\"search_term_string\"}}],\"inLanguage\":\"en-US\"},{\"@type\":\"Organization\",\"@id\":\"https:\\\/\\\/smartfp.cz\\\/en\\\/#organization\",\"name\":\"Gappex s.r.o.\",\"alternateName\":\"SmartFP\",\"url\":\"https:\\\/\\\/smartfp.cz\\\/en\\\/\",\"logo\":{\"@type\":\"ImageObject\",\"inLanguage\":\"en-US\",\"@id\":\"https:\\\/\\\/smartfp.cz\\\/en\\\/#\\\/schema\\\/logo\\\/image\\\/\",\"url\":\"https:\\\/\\\/smartfp.cz\\\/wp-content\\\/uploads\\\/2024\\\/05\\\/SFP-long-color-1.svg\",\"contentUrl\":\"https:\\\/\\\/smartfp.cz\\\/wp-content\\\/uploads\\\/2024\\\/05\\\/SFP-long-color-1.svg\",\"width\":100,\"height\":100,\"caption\":\"Gappex s.r.o.\"},\"image\":{\"@id\":\"https:\\\/\\\/smartfp.cz\\\/en\\\/#\\\/schema\\\/logo\\\/image\\\/\"},\"sameAs\":[\"https:\\\/\\\/www.facebook.com\\\/smartformplatform\",\"https:\\\/\\\/www.instagram.com\\\/smart.fp\\\/\",\"https:\\\/\\\/cz.linkedin.com\\\/company\\\/gappex\",\"https:\\\/\\\/www.youtube.com\\\/@smartfp\"]}]}<\/script>\n<!-- \/ Yoast SEO plugin. -->","yoast_head_json":{"title":"IT Project Manager - SmartFP","description":"We are looking for a Project Manager to lead communication with clients and address their requirements with our programmers and configurators.","robots":{"index":"index","follow":"follow","max-snippet":"max-snippet:-1","max-image-preview":"max-image-preview:large","max-video-preview":"max-video-preview:-1"},"canonical":"https:\/\/smartfp.cz\/en\/platform\/careers\/it-project-manager\/","og_locale":"en_US","og_type":"article","og_title":"IT Project Manager - SmartFP","og_description":"We are looking for a Project Manager to lead communication with clients and address their requirements with our programmers and configurators.","og_url":"https:\/\/smartfp.cz\/en\/platform\/careers\/it-project-manager\/","og_site_name":"SmartFP","article_publisher":"https:\/\/www.facebook.com\/smartformplatform","article_modified_time":"2024-12-04T13:21:38+00:00","og_image":[{"width":1024,"height":1024,"url":"https:\/\/smartfp.cz\/wp-content\/uploads\/2024\/10\/detaily-v-obr-zku-pros-m-vytvo-s-barvami-1e88e5-3.png","type":"image\/png"}],"twitter_card":"summary_large_image","schema":{"@context":"https:\/\/schema.org","@graph":[{"@type":"WebPage","@id":"https:\/\/smartfp.cz\/en\/platform\/careers\/it-project-manager\/","url":"https:\/\/smartfp.cz\/en\/platform\/careers\/it-project-manager\/","name":"IT Project Manager - SmartFP","isPartOf":{"@id":"https:\/\/smartfp.cz\/en\/#website"},"primaryImageOfPage":{"@id":"https:\/\/smartfp.cz\/en\/platform\/careers\/it-project-manager\/#primaryimage"},"image":{"@id":"https:\/\/smartfp.cz\/en\/platform\/careers\/it-project-manager\/#primaryimage"},"thumbnailUrl":"https:\/\/smartfp.cz\/wp-content\/uploads\/2024\/10\/detaily-v-obr-zku-pros-m-vytvo-s-barvami-1e88e5-3.png","datePublished":"2024-10-17T15:11:29+00:00","dateModified":"2024-12-04T13:21:38+00:00","description":"We are looking for a Project Manager to lead communication with clients and address their requirements with our programmers and configurators.","breadcrumb":{"@id":"https:\/\/smartfp.cz\/en\/platform\/careers\/it-project-manager\/#breadcrumb"},"inLanguage":"en-US","potentialAction":[{"@type":"ReadAction","target":["https:\/\/smartfp.cz\/en\/platform\/careers\/it-project-manager\/"]}]},{"@type":"ImageObject","inLanguage":"en-US","@id":"https:\/\/smartfp.cz\/en\/platform\/careers\/it-project-manager\/#primaryimage","url":"https:\/\/smartfp.cz\/wp-content\/uploads\/2024\/10\/detaily-v-obr-zku-pros-m-vytvo-s-barvami-1e88e5-3.png","contentUrl":"https:\/\/smartfp.cz\/wp-content\/uploads\/2024\/10\/detaily-v-obr-zku-pros-m-vytvo-s-barvami-1e88e5-3.png","width":1024,"height":1024},{"@type":"BreadcrumbList","@id":"https:\/\/smartfp.cz\/en\/platform\/careers\/it-project-manager\/#breadcrumb","itemListElement":[{"@type":"ListItem","position":1,"name":"Home","item":"https:\/\/smartfp.cz\/en\/"},{"@type":"ListItem","position":2,"name":"Platform","item":"https:\/\/smartfp.cz\/en\/platform\/"},{"@type":"ListItem","position":3,"name":"Careers","item":"https:\/\/smartfp.cz\/en\/platform\/careers\/"},{"@type":"ListItem","position":4,"name":"IT Project Manager"}]},{"@type":"WebSite","@id":"https:\/\/smartfp.cz\/en\/#website","url":"https:\/\/smartfp.cz\/en\/","name":"SmartFP","description":"Firemn\u00ed aplikace a integrace","publisher":{"@id":"https:\/\/smartfp.cz\/en\/#organization"},"potentialAction":[{"@type":"SearchAction","target":{"@type":"EntryPoint","urlTemplate":"https:\/\/smartfp.cz\/en\/?s={search_term_string}"},"query-input":{"@type":"PropertyValueSpecification","valueRequired":true,"valueName":"search_term_string"}}],"inLanguage":"en-US"},{"@type":"Organization","@id":"https:\/\/smartfp.cz\/en\/#organization","name":"Gappex s.r.o.","alternateName":"SmartFP","url":"https:\/\/smartfp.cz\/en\/","logo":{"@type":"ImageObject","inLanguage":"en-US","@id":"https:\/\/smartfp.cz\/en\/#\/schema\/logo\/image\/","url":"https:\/\/smartfp.cz\/wp-content\/uploads\/2024\/05\/SFP-long-color-1.svg","contentUrl":"https:\/\/smartfp.cz\/wp-content\/uploads\/2024\/05\/SFP-long-color-1.svg","width":100,"height":100,"caption":"Gappex s.r.o."},"image":{"@id":"https:\/\/smartfp.cz\/en\/#\/schema\/logo\/image\/"},"sameAs":["https:\/\/www.facebook.com\/smartformplatform","https:\/\/www.instagram.com\/smart.fp\/","https:\/\/cz.linkedin.com\/company\/gappex","https:\/\/www.youtube.com\/@smartfp"]}]}},"_links":{"self":[{"href":"https:\/\/smartfp.cz\/en\/wp-json\/wp\/v2\/pages\/5085","targetHints":{"allow":["GET"]}}],"collection":[{"href":"https:\/\/smartfp.cz\/en\/wp-json\/wp\/v2\/pages"}],"about":[{"href":"https:\/\/smartfp.cz\/en\/wp-json\/wp\/v2\/types\/page"}],"author":[{"embeddable":true,"href":"https:\/\/smartfp.cz\/en\/wp-json\/wp\/v2\/users\/4"}],"replies":[{"embeddable":true,"href":"https:\/\/smartfp.cz\/en\/wp-json\/wp\/v2\/comments?post=5085"}],"version-history":[{"count":1,"href":"https:\/\/smartfp.cz\/en\/wp-json\/wp\/v2\/pages\/5085\/revisions"}],"predecessor-version":[{"id":5087,"href":"https:\/\/smartfp.cz\/en\/wp-json\/wp\/v2\/pages\/5085\/revisions\/5087"}],"up":[{"embeddable":true,"href":"https:\/\/smartfp.cz\/en\/wp-json\/wp\/v2\/pages\/5142"}],"wp:featuredmedia":[{"embeddable":true,"href":"https:\/\/smartfp.cz\/en\/wp-json\/wp\/v2\/media\/4838"}],"wp:attachment":[{"href":"https:\/\/smartfp.cz\/en\/wp-json\/wp\/v2\/media?parent=5085"}],"curies":[{"name":"wp","href":"https:\/\/api.w.org\/{rel}","templated":true}]}}