{"id":7686,"date":"2025-05-27T16:06:40","date_gmt":"2025-05-27T14:06:40","guid":{"rendered":"https:\/\/smartfp.cz\/plattform\/karriere\/assistent-im-gesamten-team\/"},"modified":"2025-07-21T18:21:16","modified_gmt":"2025-07-21T16:21:16","slug":"assistent-im-gesamten-team","status":"publish","type":"page","link":"https:\/\/smartfp.cz\/de\/plattform\/karriere\/assistent-im-gesamten-team\/","title":{"rendered":"Assistent im gesamten Team"},"content":{"rendered":"\n<div class=\"wp-block-group has-global-padding is-layout-constrained wp-container-core-group-is-layout-da70f3a0 wp-block-group-is-layout-constrained\">\n<p class=\"has-large-font-size\">Wir suchen einen Assistenten, der keine Angst vor Verantwortung hat, der wei\u00df, wie man Dinge erledigt und der gerne etwas bewegt.<\/p>\n\n\n\n<p class=\"has-medium-font-size\">Wir sind auf der Suche nach einer zuverl\u00e4ssigen und unabh\u00e4ngigen Person, die unser Team bei der Verwaltung, der Gesch\u00e4ftsagenda und der Organisation der t\u00e4glichen Arbeit unterst\u00fctzt. Wir suchen keine &#8222;Sekret\u00e4rin&#8220;, sondern eine Kollegin oder einen Kollegen, die\/der Ordnung mag, Dinge erledigt und wei\u00df, wie man kommuniziert. <\/p>\n\n\n<h2 class=\"wp-block-heading has-secondary-color has-text-color has-link-color has-x-large-font-size wp-elements-173ea07c3e85d2abd6f23dd898f71996\" style=\"padding-top:15px\" id=\"was-koennen-sie-von-uns-erwarten\"><strong>Was k\u00f6nnen Sie von uns erwarten?<\/strong><\/h2>\n\n\n<ul class=\"wp-block-list has-medium-font-size\">\n<li class=\"has-medium-font-size\">Abwechslungsreiche Arbeit im Team &#8211; Sie werden nicht nur eine Sache immer und immer wieder tun, sondern in verschiedenen Bereichen des Unternehmens arbeiten.<\/li>\n\n\n\n<li class=\"has-medium-font-size\">Sie werden ein wichtiger Teil des Teams sein &#8211; Sie helfen, die Dinge in Gang zu bringen, den \u00dcberblick zu behalten und schaffen eine Kulisse f\u00fcr Kollegen, die dank Ihnen mehr leisten k\u00f6nnen.<\/li>\n\n\n\n<li class=\"has-medium-font-size\">Ein Job, der Sinn macht &#8211; es geht nicht nur um Verwaltung, sondern darum, Dinge voranzubringen, Aufgaben auf dem richtigen Weg zu halten und Kunden und Kollegen zufrieden zu stellen.<\/li>\n\n\n\n<li>Ein Umfeld, das Raum f\u00fcr Eigeninitiative bietet &#8211; gute Ideen sind bei uns nicht verloren.<\/li>\n<\/ul>\n\n\n<h2 class=\"wp-block-heading has-secondary-color has-text-color has-link-color has-x-large-font-size wp-elements-e948d8dce6cf905cafef5494a13b287e\" style=\"padding-top:15px\" id=\"was-ist-ihr-job\"><strong>Was ist Ihr Job?<\/strong><\/h2>\n\n\n<ul class=\"wp-block-list\">\n<li class=\"has-medium-font-size\">Verwaltung und Organisation von Dokumenten<\/li>\n\n\n\n<li class=\"has-medium-font-size\">Unterst\u00fctzung bei der Finalisierung von Angeboten und der Arbeit mit kommerziellen Dokumenten nach klaren Vorgaben des Verkaufsteams<\/li>\n\n\n\n<li class=\"has-medium-font-size\">Behalten Sie den \u00dcberblick in unserem CRM-System<\/li>\n\n\n\n<li class=\"has-medium-font-size\">Unterst\u00fctzung anderer Teammitglieder bei administrativen Aufgaben<\/li>\n\n\n\n<li class=\"has-medium-font-size\">Vorbereitung von Dokumenten f\u00fcr Meetings, Verhandlungen oder Pr\u00e4sentationen<\/li>\n\n\n\n<li class=\"has-medium-font-size\">Organisation von internen und externen Treffen<\/li>\n\n\n\n<li class=\"has-medium-font-size\">Protokolle der Sitzungen<\/li>\n\n\n\n<li class=\"has-medium-font-size\">Assistenz bei der Koordination von Firmenveranstaltungen (Teambuilding, Kundenveranstaltungen)<\/li>\n\n\n\n<li class=\"has-medium-font-size\">Koordinierung kleinerer Marketingaufgaben in Zusammenarbeit mit unserem Marketing<\/li>\n<\/ul>\n\n\n<h2 class=\"wp-block-heading has-secondary-color has-text-color has-link-color has-x-large-font-size wp-elements-584ed8214a0e4713a8e69704a4bc0808\" style=\"padding-top:15px\" id=\"was-brauchen-wir-von-ihnen\"><strong>Was brauchen wir von Ihnen?<\/strong><\/h2>\n\n\n<ul class=\"wp-block-list\">\n<li class=\"has-medium-font-size\">Unabh\u00e4ngigkeit und ein eigener Antrieb<\/li>\n\n\n\n<li class=\"has-medium-font-size\">Idealerweise zumindest etwas Erfahrung in der Verwaltung<\/li>\n\n\n\n<li class=\"has-medium-font-size\">Organisatorische und kommunikative F\u00e4higkeiten<\/li>\n\n\n\n<li class=\"has-medium-font-size\">Erledigen Sie mehrere Aufgaben auf einmal<\/li>\n<\/ul>\n\n\n\n<p class=\"has-medium-font-size\" style=\"padding-top:var(--wp--preset--spacing--30);padding-bottom:0\"><strong>Wenn Sie Freude an einer Arbeit haben, die Ordnung, Bedeutung und Wirkung hat, dann kommen Sie zu uns!<\/strong><br\/>In dieser Position ist es f\u00fcr uns wichtig, t\u00e4glich mit dem Team zusammenzuarbeiten. Daher ist es notwendig, vom B\u00fcro aus zu arbeiten, damit wir gemeinsam an einem Strang ziehen und die Dinge erledigen k\u00f6nnen.<\/p>\n\n\n\n<p class=\"has-medium-font-size\" style=\"padding-top:0;padding-bottom:0\">Wenn Sie an der Stelle interessiert sind, <strong>senden Sie bitte Ihren Lebenslauf und Ihr Motivationsschreiben an Romana Petr\u00e1\u0148ov\u00e1<\/strong> <a href=\"mailto:rpetranova@smartfp.cz\">rpetranova@smartfp.cz.<\/a><\/p>\n<\/div>\n","protected":false},"excerpt":{"rendered":"<p>Wenn Sie zuverl\u00e4ssig, f\u00fcrsorglich und kommunikationsfreudig sind, lassen Sie es uns wissen &#8211; vielleicht suchen wir Sie.<\/p>\n","protected":false},"author":4,"featured_media":7680,"parent":5825,"menu_order":0,"comment_status":"closed","ping_status":"closed","template":"","meta":{"_eb_attr":"","inline_featured_image":false,"_eb_data_table":"","footnotes":""},"class_list":["post-7686","page","type-page","status-publish","has-post-thumbnail","hentry"],"yoast_head":"<!-- This site is optimized with the Yoast SEO plugin v27.4 - https:\/\/yoast.com\/product\/yoast-seo-wordpress\/ -->\n<title>Assistent im gesamten Team - SmartFP<\/title>\n<meta name=\"description\" content=\"Firemn\u00ed aplikace a integrace\" \/>\n<meta name=\"robots\" content=\"index, follow, max-snippet:-1, max-image-preview:large, max-video-preview:-1\" \/>\n<link rel=\"canonical\" href=\"https:\/\/smartfp.cz\/de\/plattform\/karriere\/assistent-im-gesamten-team\/\" \/>\n<meta property=\"og:locale\" content=\"de_DE\" \/>\n<meta property=\"og:type\" content=\"article\" \/>\n<meta property=\"og:title\" content=\"Assistent im gesamten Team - SmartFP\" \/>\n<meta property=\"og:description\" content=\"Firemn\u00ed aplikace a integrace\" \/>\n<meta property=\"og:url\" content=\"https:\/\/smartfp.cz\/de\/plattform\/karriere\/assistent-im-gesamten-team\/\" \/>\n<meta property=\"og:site_name\" content=\"SmartFP\" \/>\n<meta property=\"article:publisher\" content=\"https:\/\/www.facebook.com\/smartformplatform\" \/>\n<meta property=\"article:modified_time\" content=\"2025-07-21T16:21:16+00:00\" \/>\n<meta property=\"og:image\" content=\"https:\/\/smartfp.cz\/wp-content\/uploads\/2025\/05\/Asistentka.png\" \/>\n\t<meta property=\"og:image:width\" content=\"1024\" \/>\n\t<meta property=\"og:image:height\" content=\"1024\" \/>\n\t<meta property=\"og:image:type\" content=\"image\/png\" \/>\n<meta name=\"twitter:card\" content=\"summary_large_image\" \/>\n<script type=\"application\/ld+json\" class=\"yoast-schema-graph\">{\"@context\":\"https:\\\/\\\/schema.org\",\"@graph\":[{\"@type\":\"WebPage\",\"@id\":\"https:\\\/\\\/smartfp.cz\\\/de\\\/plattform\\\/karriere\\\/assistent-im-gesamten-team\\\/\",\"url\":\"https:\\\/\\\/smartfp.cz\\\/de\\\/plattform\\\/karriere\\\/assistent-im-gesamten-team\\\/\",\"name\":\"Assistent im gesamten Team - SmartFP\",\"isPartOf\":{\"@id\":\"https:\\\/\\\/smartfp.cz\\\/de\\\/#website\"},\"primaryImageOfPage\":{\"@id\":\"https:\\\/\\\/smartfp.cz\\\/de\\\/plattform\\\/karriere\\\/assistent-im-gesamten-team\\\/#primaryimage\"},\"image\":{\"@id\":\"https:\\\/\\\/smartfp.cz\\\/de\\\/plattform\\\/karriere\\\/assistent-im-gesamten-team\\\/#primaryimage\"},\"thumbnailUrl\":\"https:\\\/\\\/smartfp.cz\\\/wp-content\\\/uploads\\\/2025\\\/05\\\/Asistentka.png\",\"datePublished\":\"2025-05-27T14:06:40+00:00\",\"dateModified\":\"2025-07-21T16:21:16+00:00\",\"description\":\"Firemn\u00ed aplikace a integrace\",\"breadcrumb\":{\"@id\":\"https:\\\/\\\/smartfp.cz\\\/de\\\/plattform\\\/karriere\\\/assistent-im-gesamten-team\\\/#breadcrumb\"},\"inLanguage\":\"de\",\"potentialAction\":[{\"@type\":\"ReadAction\",\"target\":[\"https:\\\/\\\/smartfp.cz\\\/de\\\/plattform\\\/karriere\\\/assistent-im-gesamten-team\\\/\"]}]},{\"@type\":\"ImageObject\",\"inLanguage\":\"de\",\"@id\":\"https:\\\/\\\/smartfp.cz\\\/de\\\/plattform\\\/karriere\\\/assistent-im-gesamten-team\\\/#primaryimage\",\"url\":\"https:\\\/\\\/smartfp.cz\\\/wp-content\\\/uploads\\\/2025\\\/05\\\/Asistentka.png\",\"contentUrl\":\"https:\\\/\\\/smartfp.cz\\\/wp-content\\\/uploads\\\/2025\\\/05\\\/Asistentka.png\",\"width\":1024,\"height\":1024},{\"@type\":\"BreadcrumbList\",\"@id\":\"https:\\\/\\\/smartfp.cz\\\/de\\\/plattform\\\/karriere\\\/assistent-im-gesamten-team\\\/#breadcrumb\",\"itemListElement\":[{\"@type\":\"ListItem\",\"position\":1,\"name\":\"Dom\u016f\",\"item\":\"https:\\\/\\\/smartfp.cz\\\/de\\\/\"},{\"@type\":\"ListItem\",\"position\":2,\"name\":\"Plattform\",\"item\":\"https:\\\/\\\/smartfp.cz\\\/de\\\/plattform\\\/\"},{\"@type\":\"ListItem\",\"position\":3,\"name\":\"Karriere\",\"item\":\"https:\\\/\\\/smartfp.cz\\\/de\\\/plattform\\\/karriere\\\/\"},{\"@type\":\"ListItem\",\"position\":4,\"name\":\"Assistent im gesamten Team\"}]},{\"@type\":\"WebSite\",\"@id\":\"https:\\\/\\\/smartfp.cz\\\/de\\\/#website\",\"url\":\"https:\\\/\\\/smartfp.cz\\\/de\\\/\",\"name\":\"SmartFP\",\"description\":\"Firemn\u00ed aplikace a integrace\",\"publisher\":{\"@id\":\"https:\\\/\\\/smartfp.cz\\\/de\\\/#organization\"},\"potentialAction\":[{\"@type\":\"SearchAction\",\"target\":{\"@type\":\"EntryPoint\",\"urlTemplate\":\"https:\\\/\\\/smartfp.cz\\\/de\\\/?s={search_term_string}\"},\"query-input\":{\"@type\":\"PropertyValueSpecification\",\"valueRequired\":true,\"valueName\":\"search_term_string\"}}],\"inLanguage\":\"de\"},{\"@type\":\"Organization\",\"@id\":\"https:\\\/\\\/smartfp.cz\\\/de\\\/#organization\",\"name\":\"Gappex s.r.o.\",\"alternateName\":\"SmartFP\",\"url\":\"https:\\\/\\\/smartfp.cz\\\/de\\\/\",\"logo\":{\"@type\":\"ImageObject\",\"inLanguage\":\"de\",\"@id\":\"https:\\\/\\\/smartfp.cz\\\/de\\\/#\\\/schema\\\/logo\\\/image\\\/\",\"url\":\"https:\\\/\\\/smartfp.cz\\\/wp-content\\\/uploads\\\/2024\\\/05\\\/SFP-long-color-1.svg\",\"contentUrl\":\"https:\\\/\\\/smartfp.cz\\\/wp-content\\\/uploads\\\/2024\\\/05\\\/SFP-long-color-1.svg\",\"width\":100,\"height\":100,\"caption\":\"Gappex s.r.o.\"},\"image\":{\"@id\":\"https:\\\/\\\/smartfp.cz\\\/de\\\/#\\\/schema\\\/logo\\\/image\\\/\"},\"sameAs\":[\"https:\\\/\\\/www.facebook.com\\\/smartformplatform\",\"https:\\\/\\\/www.instagram.com\\\/smart.fp\\\/\",\"https:\\\/\\\/cz.linkedin.com\\\/company\\\/gappex\",\"https:\\\/\\\/www.youtube.com\\\/@smartfp\"]}]}<\/script>\n<!-- \/ Yoast SEO plugin. -->","yoast_head_json":{"title":"Assistent im gesamten Team - SmartFP","description":"Firemn\u00ed aplikace a integrace","robots":{"index":"index","follow":"follow","max-snippet":"max-snippet:-1","max-image-preview":"max-image-preview:large","max-video-preview":"max-video-preview:-1"},"canonical":"https:\/\/smartfp.cz\/de\/plattform\/karriere\/assistent-im-gesamten-team\/","og_locale":"de_DE","og_type":"article","og_title":"Assistent im gesamten Team - SmartFP","og_description":"Firemn\u00ed aplikace a integrace","og_url":"https:\/\/smartfp.cz\/de\/plattform\/karriere\/assistent-im-gesamten-team\/","og_site_name":"SmartFP","article_publisher":"https:\/\/www.facebook.com\/smartformplatform","article_modified_time":"2025-07-21T16:21:16+00:00","og_image":[{"width":1024,"height":1024,"url":"https:\/\/smartfp.cz\/wp-content\/uploads\/2025\/05\/Asistentka.png","type":"image\/png"}],"twitter_card":"summary_large_image","schema":{"@context":"https:\/\/schema.org","@graph":[{"@type":"WebPage","@id":"https:\/\/smartfp.cz\/de\/plattform\/karriere\/assistent-im-gesamten-team\/","url":"https:\/\/smartfp.cz\/de\/plattform\/karriere\/assistent-im-gesamten-team\/","name":"Assistent im gesamten Team - SmartFP","isPartOf":{"@id":"https:\/\/smartfp.cz\/de\/#website"},"primaryImageOfPage":{"@id":"https:\/\/smartfp.cz\/de\/plattform\/karriere\/assistent-im-gesamten-team\/#primaryimage"},"image":{"@id":"https:\/\/smartfp.cz\/de\/plattform\/karriere\/assistent-im-gesamten-team\/#primaryimage"},"thumbnailUrl":"https:\/\/smartfp.cz\/wp-content\/uploads\/2025\/05\/Asistentka.png","datePublished":"2025-05-27T14:06:40+00:00","dateModified":"2025-07-21T16:21:16+00:00","description":"Firemn\u00ed aplikace a integrace","breadcrumb":{"@id":"https:\/\/smartfp.cz\/de\/plattform\/karriere\/assistent-im-gesamten-team\/#breadcrumb"},"inLanguage":"de","potentialAction":[{"@type":"ReadAction","target":["https:\/\/smartfp.cz\/de\/plattform\/karriere\/assistent-im-gesamten-team\/"]}]},{"@type":"ImageObject","inLanguage":"de","@id":"https:\/\/smartfp.cz\/de\/plattform\/karriere\/assistent-im-gesamten-team\/#primaryimage","url":"https:\/\/smartfp.cz\/wp-content\/uploads\/2025\/05\/Asistentka.png","contentUrl":"https:\/\/smartfp.cz\/wp-content\/uploads\/2025\/05\/Asistentka.png","width":1024,"height":1024},{"@type":"BreadcrumbList","@id":"https:\/\/smartfp.cz\/de\/plattform\/karriere\/assistent-im-gesamten-team\/#breadcrumb","itemListElement":[{"@type":"ListItem","position":1,"name":"Dom\u016f","item":"https:\/\/smartfp.cz\/de\/"},{"@type":"ListItem","position":2,"name":"Plattform","item":"https:\/\/smartfp.cz\/de\/plattform\/"},{"@type":"ListItem","position":3,"name":"Karriere","item":"https:\/\/smartfp.cz\/de\/plattform\/karriere\/"},{"@type":"ListItem","position":4,"name":"Assistent im gesamten Team"}]},{"@type":"WebSite","@id":"https:\/\/smartfp.cz\/de\/#website","url":"https:\/\/smartfp.cz\/de\/","name":"SmartFP","description":"Firemn\u00ed aplikace a integrace","publisher":{"@id":"https:\/\/smartfp.cz\/de\/#organization"},"potentialAction":[{"@type":"SearchAction","target":{"@type":"EntryPoint","urlTemplate":"https:\/\/smartfp.cz\/de\/?s={search_term_string}"},"query-input":{"@type":"PropertyValueSpecification","valueRequired":true,"valueName":"search_term_string"}}],"inLanguage":"de"},{"@type":"Organization","@id":"https:\/\/smartfp.cz\/de\/#organization","name":"Gappex s.r.o.","alternateName":"SmartFP","url":"https:\/\/smartfp.cz\/de\/","logo":{"@type":"ImageObject","inLanguage":"de","@id":"https:\/\/smartfp.cz\/de\/#\/schema\/logo\/image\/","url":"https:\/\/smartfp.cz\/wp-content\/uploads\/2024\/05\/SFP-long-color-1.svg","contentUrl":"https:\/\/smartfp.cz\/wp-content\/uploads\/2024\/05\/SFP-long-color-1.svg","width":100,"height":100,"caption":"Gappex s.r.o."},"image":{"@id":"https:\/\/smartfp.cz\/de\/#\/schema\/logo\/image\/"},"sameAs":["https:\/\/www.facebook.com\/smartformplatform","https:\/\/www.instagram.com\/smart.fp\/","https:\/\/cz.linkedin.com\/company\/gappex","https:\/\/www.youtube.com\/@smartfp"]}]}},"_links":{"self":[{"href":"https:\/\/smartfp.cz\/de\/wp-json\/wp\/v2\/pages\/7686","targetHints":{"allow":["GET"]}}],"collection":[{"href":"https:\/\/smartfp.cz\/de\/wp-json\/wp\/v2\/pages"}],"about":[{"href":"https:\/\/smartfp.cz\/de\/wp-json\/wp\/v2\/types\/page"}],"author":[{"embeddable":true,"href":"https:\/\/smartfp.cz\/de\/wp-json\/wp\/v2\/users\/4"}],"replies":[{"embeddable":true,"href":"https:\/\/smartfp.cz\/de\/wp-json\/wp\/v2\/comments?post=7686"}],"version-history":[{"count":4,"href":"https:\/\/smartfp.cz\/de\/wp-json\/wp\/v2\/pages\/7686\/revisions"}],"predecessor-version":[{"id":8256,"href":"https:\/\/smartfp.cz\/de\/wp-json\/wp\/v2\/pages\/7686\/revisions\/8256"}],"up":[{"embeddable":true,"href":"https:\/\/smartfp.cz\/de\/wp-json\/wp\/v2\/pages\/5825"}],"wp:featuredmedia":[{"embeddable":true,"href":"https:\/\/smartfp.cz\/de\/wp-json\/wp\/v2\/media\/7680"}],"wp:attachment":[{"href":"https:\/\/smartfp.cz\/de\/wp-json\/wp\/v2\/media?parent=7686"}],"curies":[{"name":"wp","href":"https:\/\/api.w.org\/{rel}","templated":true}]}}