{"id":6726,"date":"2025-02-21T16:04:21","date_gmt":"2025-02-21T15:04:21","guid":{"rendered":"https:\/\/smartfp.cz\/plattform\/karriere\/junior-entwickler\/"},"modified":"2025-03-25T21:32:49","modified_gmt":"2025-03-25T20:32:49","slug":"junior-entwickler","status":"publish","type":"page","link":"https:\/\/smartfp.cz\/de\/plattform\/karriere\/junior-entwickler\/","title":{"rendered":"Junior Entwickler"},"content":{"rendered":"\n<div class=\"wp-block-group has-global-padding is-layout-constrained wp-container-core-group-is-layout-da70f3a0 wp-block-group-is-layout-constrained\">\n<p class=\"has-large-font-size\">Wir sind auf der Suche nach einem Junior-Konfigurator-Entwickler, der Anwendungen in unserer Low-Code SmartFP-Plattform erstellt.<\/p>\n\n\n\n<p class=\"has-medium-font-size\">Vor allem brauchen wir einen IT-begeisterten Mitarbeiter mit einer technischen Einstellung und Grundkenntnissen in SQL und HTML.<\/p>\n\n\n<h2 class=\"wp-block-heading has-secondary-color has-text-color has-link-color has-x-large-font-size wp-elements-173ea07c3e85d2abd6f23dd898f71996\" style=\"padding-top:15px\" id=\"was-koennen-sie-von-uns-erwarten\"><strong>Was k\u00f6nnen Sie von uns erwarten?<\/strong><\/h2>\n\n\n<p class=\"has-medium-font-size\">Wir entwickeln Anwendungen f\u00fcr Unternehmen aus verschiedenen Branchen, so dass keine Routine aufkommen kann. Ihre Aufgabe wird es sein, <strong>Anwendungen entsprechend den Anforderungen der Kunden zu modifizieren<\/strong>, mit Code zu arbeiten und L\u00f6sungen zu konfigurieren, die den Bed\u00fcrfnissen der Kunden entsprechen. <strong>Ihre Arbeit wird sinnvoll sein<\/strong> &#8211; jede Anpassung bringt den Endbenutzern einen echten Mehrwert. Sie m\u00fcssen nicht unbedingt ein erfahrener Programmierer sein. Sie sollten lediglich \u00fcber Grundkenntnisse in SQL und HTML und technischen Enthusiasmus verf\u00fcgen.   <\/p>\n\n\n\n<p class=\"has-medium-font-size\">Sie werden nicht auf sich allein gestellt sein &#8211; Sie <strong>werden von erfahreneren Kollegen und dem gesamten Team unterst\u00fctzt<\/strong>. Wir sind der Meinung, dass der pers\u00f6nliche Kontakt die Zusammenarbeit und das Lernen erleichtert, weshalb wir f\u00fcr diese Stelle <strong>die Arbeit im B\u00fcro bevorzugen<\/strong>. Wir bieten Ihnen eine Vollzeitstelle mit sofortiger Arbeitsaufnahme.  <\/p>\n\n\n<h2 class=\"wp-block-heading has-secondary-color has-text-color has-link-color has-x-large-font-size wp-elements-584ed8214a0e4713a8e69704a4bc0808\" style=\"padding-top:15px\" id=\"was-brauchen-wir-von-ihnen\"><strong>Was brauchen wir von Ihnen?<\/strong><\/h2>\n\n\n<ul class=\"wp-block-list\">\n<li class=\"has-medium-font-size\">Grundlegende Kenntnisse von SQL und HTML &#8211; Sie werden mit Code arbeiten, aber wir erwarten keine Erfahrung als Senior<\/li>\n\n\n\n<li class=\"has-medium-font-size\">Technischer Enthusiasmus &#8211; wenn Sie gerne herausfinden, wie Dinge funktionieren, sind Sie unser Mann<\/li>\n\n\n\n<li class=\"has-medium-font-size\">Logisches Denken und Liebe zum Detail &#8211; Konfigurationen m\u00fcssen einen Kopf und einen Schwanz haben<\/li>\n\n\n\n<li class=\"has-medium-font-size\">F\u00e4higkeit zur Zusammenarbeit &#8211; mit Kollegen kooperieren, Informationen austauschen, nach den besten L\u00f6sungen suchen<\/li>\n<\/ul>\n\n\n\n<p class=\"has-medium-font-size\" style=\"padding-top:var(--wp--preset--spacing--30)\">Wenn Sie an der Stelle interessiert sind, <strong>senden Sie bitte Ihren Lebenslauf und Ihr Motivationsschreiben an Romana Petr\u00e1\u0148ov\u00e1<\/strong> <a href=\"mailto:rpetranova@smartfp.cz\">rpetranova@smartfp.cz.<\/a><\/p>\n<\/div>\n","protected":false},"excerpt":{"rendered":"<p>Wir sind auf der Suche nach einem Junior-Entwickler &#8211; Konfigurator, der Anwendungen auf unserer Plattform erstellt. Sie sollten lediglich \u00fcber Grundkenntnisse in HTML und SQL verf\u00fcgen und eine Leidenschaft f\u00fcr Technologie haben.   <\/p>\n","protected":false},"author":4,"featured_media":5772,"parent":5825,"menu_order":0,"comment_status":"closed","ping_status":"closed","template":"","meta":{"_eb_attr":"","inline_featured_image":false,"_eb_data_table":"","footnotes":""},"class_list":["post-6726","page","type-page","status-publish","has-post-thumbnail","hentry"],"yoast_head":"<!-- This site is optimized with the Yoast SEO plugin v27.4 - https:\/\/yoast.com\/product\/yoast-seo-wordpress\/ -->\n<title>Junior Entwickler - SmartFP<\/title>\n<meta name=\"description\" content=\"Wir sind auf der Suche nach einem Junior-Konfigurator-Entwickler, der Anwendungen in unserer Low-Code SmartFP-Plattform erstellt. Sie m\u00fcssen kein erfahrener Programmierer sein. Sie m\u00fcssen lediglich \u00fcber Grundkenntnisse in SQL, HTML und technischem Enthusiasmus verf\u00fcgen.\" \/>\n<meta name=\"robots\" content=\"index, follow, max-snippet:-1, max-image-preview:large, max-video-preview:-1\" \/>\n<link rel=\"canonical\" href=\"https:\/\/smartfp.cz\/de\/plattform\/karriere\/junior-entwickler\/\" \/>\n<meta property=\"og:locale\" content=\"de_DE\" \/>\n<meta property=\"og:type\" content=\"article\" \/>\n<meta property=\"og:title\" content=\"Junior Entwickler - SmartFP\" \/>\n<meta property=\"og:description\" content=\"Wir sind auf der Suche nach einem Junior-Konfigurator-Entwickler, der Anwendungen in unserer Low-Code SmartFP-Plattform erstellt. Sie m\u00fcssen kein erfahrener Programmierer sein. Sie m\u00fcssen lediglich \u00fcber Grundkenntnisse in SQL, HTML und technischem Enthusiasmus verf\u00fcgen.\" \/>\n<meta property=\"og:url\" content=\"https:\/\/smartfp.cz\/de\/plattform\/karriere\/junior-entwickler\/\" \/>\n<meta property=\"og:site_name\" content=\"SmartFP\" \/>\n<meta property=\"article:publisher\" content=\"https:\/\/www.facebook.com\/smartformplatform\" \/>\n<meta property=\"article:modified_time\" content=\"2025-03-25T20:32:49+00:00\" \/>\n<meta property=\"og:image\" content=\"https:\/\/smartfp.cz\/wp-content\/uploads\/2024\/10\/detaily-v-obr-zku-pros-m-vytvo-s-barvami-1e88e5-2.png\" \/>\n\t<meta property=\"og:image:width\" content=\"1024\" \/>\n\t<meta property=\"og:image:height\" content=\"1024\" \/>\n\t<meta property=\"og:image:type\" content=\"image\/png\" \/>\n<meta name=\"twitter:card\" content=\"summary_large_image\" \/>\n<script type=\"application\/ld+json\" class=\"yoast-schema-graph\">{\"@context\":\"https:\\\/\\\/schema.org\",\"@graph\":[{\"@type\":\"WebPage\",\"@id\":\"https:\\\/\\\/smartfp.cz\\\/de\\\/plattform\\\/karriere\\\/junior-entwickler\\\/\",\"url\":\"https:\\\/\\\/smartfp.cz\\\/de\\\/plattform\\\/karriere\\\/junior-entwickler\\\/\",\"name\":\"Junior Entwickler - SmartFP\",\"isPartOf\":{\"@id\":\"https:\\\/\\\/smartfp.cz\\\/de\\\/#website\"},\"primaryImageOfPage\":{\"@id\":\"https:\\\/\\\/smartfp.cz\\\/de\\\/plattform\\\/karriere\\\/junior-entwickler\\\/#primaryimage\"},\"image\":{\"@id\":\"https:\\\/\\\/smartfp.cz\\\/de\\\/plattform\\\/karriere\\\/junior-entwickler\\\/#primaryimage\"},\"thumbnailUrl\":\"https:\\\/\\\/smartfp.cz\\\/wp-content\\\/uploads\\\/2024\\\/10\\\/detaily-v-obr-zku-pros-m-vytvo-s-barvami-1e88e5-2.png\",\"datePublished\":\"2025-02-21T15:04:21+00:00\",\"dateModified\":\"2025-03-25T20:32:49+00:00\",\"description\":\"Wir sind auf der Suche nach einem Junior-Konfigurator-Entwickler, der Anwendungen in unserer Low-Code SmartFP-Plattform erstellt. Sie m\u00fcssen kein erfahrener Programmierer sein. Sie m\u00fcssen lediglich \u00fcber Grundkenntnisse in SQL, HTML und technischem Enthusiasmus verf\u00fcgen.\",\"breadcrumb\":{\"@id\":\"https:\\\/\\\/smartfp.cz\\\/de\\\/plattform\\\/karriere\\\/junior-entwickler\\\/#breadcrumb\"},\"inLanguage\":\"de\",\"potentialAction\":[{\"@type\":\"ReadAction\",\"target\":[\"https:\\\/\\\/smartfp.cz\\\/de\\\/plattform\\\/karriere\\\/junior-entwickler\\\/\"]}]},{\"@type\":\"ImageObject\",\"inLanguage\":\"de\",\"@id\":\"https:\\\/\\\/smartfp.cz\\\/de\\\/plattform\\\/karriere\\\/junior-entwickler\\\/#primaryimage\",\"url\":\"https:\\\/\\\/smartfp.cz\\\/wp-content\\\/uploads\\\/2024\\\/10\\\/detaily-v-obr-zku-pros-m-vytvo-s-barvami-1e88e5-2.png\",\"contentUrl\":\"https:\\\/\\\/smartfp.cz\\\/wp-content\\\/uploads\\\/2024\\\/10\\\/detaily-v-obr-zku-pros-m-vytvo-s-barvami-1e88e5-2.png\",\"width\":1024,\"height\":1024},{\"@type\":\"BreadcrumbList\",\"@id\":\"https:\\\/\\\/smartfp.cz\\\/de\\\/plattform\\\/karriere\\\/junior-entwickler\\\/#breadcrumb\",\"itemListElement\":[{\"@type\":\"ListItem\",\"position\":1,\"name\":\"Dom\u016f\",\"item\":\"https:\\\/\\\/smartfp.cz\\\/de\\\/\"},{\"@type\":\"ListItem\",\"position\":2,\"name\":\"Plattform\",\"item\":\"https:\\\/\\\/smartfp.cz\\\/de\\\/plattform\\\/\"},{\"@type\":\"ListItem\",\"position\":3,\"name\":\"Karriere\",\"item\":\"https:\\\/\\\/smartfp.cz\\\/de\\\/plattform\\\/karriere\\\/\"},{\"@type\":\"ListItem\",\"position\":4,\"name\":\"Junior Entwickler\"}]},{\"@type\":\"WebSite\",\"@id\":\"https:\\\/\\\/smartfp.cz\\\/de\\\/#website\",\"url\":\"https:\\\/\\\/smartfp.cz\\\/de\\\/\",\"name\":\"SmartFP\",\"description\":\"Firemn\u00ed aplikace a integrace\",\"publisher\":{\"@id\":\"https:\\\/\\\/smartfp.cz\\\/de\\\/#organization\"},\"potentialAction\":[{\"@type\":\"SearchAction\",\"target\":{\"@type\":\"EntryPoint\",\"urlTemplate\":\"https:\\\/\\\/smartfp.cz\\\/de\\\/?s={search_term_string}\"},\"query-input\":{\"@type\":\"PropertyValueSpecification\",\"valueRequired\":true,\"valueName\":\"search_term_string\"}}],\"inLanguage\":\"de\"},{\"@type\":\"Organization\",\"@id\":\"https:\\\/\\\/smartfp.cz\\\/de\\\/#organization\",\"name\":\"Gappex s.r.o.\",\"alternateName\":\"SmartFP\",\"url\":\"https:\\\/\\\/smartfp.cz\\\/de\\\/\",\"logo\":{\"@type\":\"ImageObject\",\"inLanguage\":\"de\",\"@id\":\"https:\\\/\\\/smartfp.cz\\\/de\\\/#\\\/schema\\\/logo\\\/image\\\/\",\"url\":\"https:\\\/\\\/smartfp.cz\\\/wp-content\\\/uploads\\\/2024\\\/05\\\/SFP-long-color-1.svg\",\"contentUrl\":\"https:\\\/\\\/smartfp.cz\\\/wp-content\\\/uploads\\\/2024\\\/05\\\/SFP-long-color-1.svg\",\"width\":100,\"height\":100,\"caption\":\"Gappex s.r.o.\"},\"image\":{\"@id\":\"https:\\\/\\\/smartfp.cz\\\/de\\\/#\\\/schema\\\/logo\\\/image\\\/\"},\"sameAs\":[\"https:\\\/\\\/www.facebook.com\\\/smartformplatform\",\"https:\\\/\\\/www.instagram.com\\\/smart.fp\\\/\",\"https:\\\/\\\/cz.linkedin.com\\\/company\\\/gappex\",\"https:\\\/\\\/www.youtube.com\\\/@smartfp\"]}]}<\/script>\n<!-- \/ Yoast SEO plugin. -->","yoast_head_json":{"title":"Junior Entwickler - SmartFP","description":"Wir sind auf der Suche nach einem Junior-Konfigurator-Entwickler, der Anwendungen in unserer Low-Code SmartFP-Plattform erstellt. Sie m\u00fcssen kein erfahrener Programmierer sein. Sie m\u00fcssen lediglich \u00fcber Grundkenntnisse in SQL, HTML und technischem Enthusiasmus verf\u00fcgen.","robots":{"index":"index","follow":"follow","max-snippet":"max-snippet:-1","max-image-preview":"max-image-preview:large","max-video-preview":"max-video-preview:-1"},"canonical":"https:\/\/smartfp.cz\/de\/plattform\/karriere\/junior-entwickler\/","og_locale":"de_DE","og_type":"article","og_title":"Junior Entwickler - SmartFP","og_description":"Wir sind auf der Suche nach einem Junior-Konfigurator-Entwickler, der Anwendungen in unserer Low-Code SmartFP-Plattform erstellt. Sie m\u00fcssen kein erfahrener Programmierer sein. Sie m\u00fcssen lediglich \u00fcber Grundkenntnisse in SQL, HTML und technischem Enthusiasmus verf\u00fcgen.","og_url":"https:\/\/smartfp.cz\/de\/plattform\/karriere\/junior-entwickler\/","og_site_name":"SmartFP","article_publisher":"https:\/\/www.facebook.com\/smartformplatform","article_modified_time":"2025-03-25T20:32:49+00:00","og_image":[{"width":1024,"height":1024,"url":"https:\/\/smartfp.cz\/wp-content\/uploads\/2024\/10\/detaily-v-obr-zku-pros-m-vytvo-s-barvami-1e88e5-2.png","type":"image\/png"}],"twitter_card":"summary_large_image","schema":{"@context":"https:\/\/schema.org","@graph":[{"@type":"WebPage","@id":"https:\/\/smartfp.cz\/de\/plattform\/karriere\/junior-entwickler\/","url":"https:\/\/smartfp.cz\/de\/plattform\/karriere\/junior-entwickler\/","name":"Junior Entwickler - SmartFP","isPartOf":{"@id":"https:\/\/smartfp.cz\/de\/#website"},"primaryImageOfPage":{"@id":"https:\/\/smartfp.cz\/de\/plattform\/karriere\/junior-entwickler\/#primaryimage"},"image":{"@id":"https:\/\/smartfp.cz\/de\/plattform\/karriere\/junior-entwickler\/#primaryimage"},"thumbnailUrl":"https:\/\/smartfp.cz\/wp-content\/uploads\/2024\/10\/detaily-v-obr-zku-pros-m-vytvo-s-barvami-1e88e5-2.png","datePublished":"2025-02-21T15:04:21+00:00","dateModified":"2025-03-25T20:32:49+00:00","description":"Wir sind auf der Suche nach einem Junior-Konfigurator-Entwickler, der Anwendungen in unserer Low-Code SmartFP-Plattform erstellt. Sie m\u00fcssen kein erfahrener Programmierer sein. Sie m\u00fcssen lediglich \u00fcber Grundkenntnisse in SQL, HTML und technischem Enthusiasmus verf\u00fcgen.","breadcrumb":{"@id":"https:\/\/smartfp.cz\/de\/plattform\/karriere\/junior-entwickler\/#breadcrumb"},"inLanguage":"de","potentialAction":[{"@type":"ReadAction","target":["https:\/\/smartfp.cz\/de\/plattform\/karriere\/junior-entwickler\/"]}]},{"@type":"ImageObject","inLanguage":"de","@id":"https:\/\/smartfp.cz\/de\/plattform\/karriere\/junior-entwickler\/#primaryimage","url":"https:\/\/smartfp.cz\/wp-content\/uploads\/2024\/10\/detaily-v-obr-zku-pros-m-vytvo-s-barvami-1e88e5-2.png","contentUrl":"https:\/\/smartfp.cz\/wp-content\/uploads\/2024\/10\/detaily-v-obr-zku-pros-m-vytvo-s-barvami-1e88e5-2.png","width":1024,"height":1024},{"@type":"BreadcrumbList","@id":"https:\/\/smartfp.cz\/de\/plattform\/karriere\/junior-entwickler\/#breadcrumb","itemListElement":[{"@type":"ListItem","position":1,"name":"Dom\u016f","item":"https:\/\/smartfp.cz\/de\/"},{"@type":"ListItem","position":2,"name":"Plattform","item":"https:\/\/smartfp.cz\/de\/plattform\/"},{"@type":"ListItem","position":3,"name":"Karriere","item":"https:\/\/smartfp.cz\/de\/plattform\/karriere\/"},{"@type":"ListItem","position":4,"name":"Junior Entwickler"}]},{"@type":"WebSite","@id":"https:\/\/smartfp.cz\/de\/#website","url":"https:\/\/smartfp.cz\/de\/","name":"SmartFP","description":"Firemn\u00ed aplikace a integrace","publisher":{"@id":"https:\/\/smartfp.cz\/de\/#organization"},"potentialAction":[{"@type":"SearchAction","target":{"@type":"EntryPoint","urlTemplate":"https:\/\/smartfp.cz\/de\/?s={search_term_string}"},"query-input":{"@type":"PropertyValueSpecification","valueRequired":true,"valueName":"search_term_string"}}],"inLanguage":"de"},{"@type":"Organization","@id":"https:\/\/smartfp.cz\/de\/#organization","name":"Gappex s.r.o.","alternateName":"SmartFP","url":"https:\/\/smartfp.cz\/de\/","logo":{"@type":"ImageObject","inLanguage":"de","@id":"https:\/\/smartfp.cz\/de\/#\/schema\/logo\/image\/","url":"https:\/\/smartfp.cz\/wp-content\/uploads\/2024\/05\/SFP-long-color-1.svg","contentUrl":"https:\/\/smartfp.cz\/wp-content\/uploads\/2024\/05\/SFP-long-color-1.svg","width":100,"height":100,"caption":"Gappex s.r.o."},"image":{"@id":"https:\/\/smartfp.cz\/de\/#\/schema\/logo\/image\/"},"sameAs":["https:\/\/www.facebook.com\/smartformplatform","https:\/\/www.instagram.com\/smart.fp\/","https:\/\/cz.linkedin.com\/company\/gappex","https:\/\/www.youtube.com\/@smartfp"]}]}},"_links":{"self":[{"href":"https:\/\/smartfp.cz\/de\/wp-json\/wp\/v2\/pages\/6726","targetHints":{"allow":["GET"]}}],"collection":[{"href":"https:\/\/smartfp.cz\/de\/wp-json\/wp\/v2\/pages"}],"about":[{"href":"https:\/\/smartfp.cz\/de\/wp-json\/wp\/v2\/types\/page"}],"author":[{"embeddable":true,"href":"https:\/\/smartfp.cz\/de\/wp-json\/wp\/v2\/users\/4"}],"replies":[{"embeddable":true,"href":"https:\/\/smartfp.cz\/de\/wp-json\/wp\/v2\/comments?post=6726"}],"version-history":[{"count":1,"href":"https:\/\/smartfp.cz\/de\/wp-json\/wp\/v2\/pages\/6726\/revisions"}],"predecessor-version":[{"id":6728,"href":"https:\/\/smartfp.cz\/de\/wp-json\/wp\/v2\/pages\/6726\/revisions\/6728"}],"up":[{"embeddable":true,"href":"https:\/\/smartfp.cz\/de\/wp-json\/wp\/v2\/pages\/5825"}],"wp:featuredmedia":[{"embeddable":true,"href":"https:\/\/smartfp.cz\/de\/wp-json\/wp\/v2\/media\/5772"}],"wp:attachment":[{"href":"https:\/\/smartfp.cz\/de\/wp-json\/wp\/v2\/media?parent=6726"}],"curies":[{"name":"wp","href":"https:\/\/api.w.org\/{rel}","templated":true}]}}