{"id":5905,"date":"2024-04-19T15:43:25","date_gmt":"2024-04-19T13:43:25","guid":{"rendered":"https:\/\/smartfp.cz\/datenschutzbestimmungen\/"},"modified":"2026-02-09T16:19:37","modified_gmt":"2026-02-09T15:19:37","slug":"datenschutzbestimmungen","status":"publish","type":"page","link":"https:\/\/smartfp.cz\/de\/datenschutzbestimmungen\/","title":{"rendered":"Datenschutzbestimmungen"},"content":{"rendered":"\n<div class=\"wp-block-group has-medium-font-size has-global-padding is-layout-constrained wp-container-core-group-is-layout-da70f3a0 wp-block-group-is-layout-constrained\">\n<p class=\"has-custom-sfp-dark-grey-color has-text-color has-link-color wp-elements-9b1c57f058adfa92c5d510535636138e\">Zuletzt aktualisiert am 24. Oktober 2024 <\/p>\n\n\n\n<p>Datum des Inkrafttretens 1. Januar 2024 <\/p>\n\n\n\n<p>Diese Datenschutzrichtlinie beschreibt die Richtlinien von Gappex s.r.o., Na Cimb\u00e1le 104, Prag 4, Hlavn\u00ed m\u011bsto Praha 143 00, Tschechische Republik, E-Mail: info@smartfp.cz, Telefon: +420 774 899 438, bez\u00fcglich der Erhebung, Verwendung und Weitergabe Ihrer Daten, die wir bei der Nutzung unserer Website (https:\/\/smartfp.cz) (der &#8222;Service&#8220;) erheben. Durch den Zugriff auf oder die Nutzung des Service erkl\u00e4ren Sie sich mit der Erhebung, Verwendung und Weitergabe Ihrer Daten gem\u00e4\u00df dieser Datenschutzrichtlinie einverstanden. Wenn Sie damit nicht einverstanden sind, greifen Sie bitte nicht auf den Service zu und nutzen Sie ihn nicht.  <\/p>\n\n\n\n<p>Wir k\u00f6nnen diese Datenschutzrichtlinie jederzeit ohne Vorank\u00fcndigung \u00e4ndern und werden die ge\u00e4nderte Datenschutzrichtlinie auf dem Service ver\u00f6ffentlichen. Die ge\u00e4nderte Richtlinie tritt 180 Tage nach ihrer Ver\u00f6ffentlichung im Service in Kraft, und Ihr fortgesetzter Zugriff auf den Service oder dessen Nutzung nach diesem Datum gilt als Zustimmung zu der ge\u00e4nderten Datenschutzrichtlinie. Wir empfehlen Ihnen daher, diese Seite regelm\u00e4\u00dfig zu \u00fcberpr\u00fcfen.  <\/p>\n\n\n\n<p>Wir verwenden das Zustimmungstool &#8222;Real Cookie Banner&#8220;, um Cookies und \u00e4hnliche Technologien (Z\u00e4hlpixel, Web Beacons usw.) und die damit verbundenen Zustimmungen zu verwalten. Einzelheiten zur Funktionsweise des &#8222;Real Cookie Banner&#8220;-Tools finden Sie unter <a href=\"https:\/\/devowl.io\/rcb\/data-processing\/\" rel=\"noreferrer noopener\" target=\"_blank\">https:\/\/devowl.io\/rcb\/data-processing\/.<\/a> <\/p>\n\n\n\n<p>Die Rechtsgrundlage f\u00fcr die Verarbeitung von personenbezogenen Daten in diesem Zusammenhang ist Art. 6 Abs. 1 Lit. (c) GDPR und Art. 6 Abs. 1 Lit. f) GDPR. Wir haben ein berechtigtes Interesse daran, die Verwendung von Cookies und \u00e4hnlichen Technologien und die damit verbundenen Zustimmungen zu verwalten.<\/p>\n\n\n\n<p>Die Bereitstellung personenbezogener Daten ist weder vertraglich vorgeschrieben noch f\u00fcr den Abschluss eines Vertrages erforderlich. Sie sind nicht verpflichtet, personenbezogene Daten bereitzustellen. Wenn Sie keine personenbezogenen Daten zur Verf\u00fcgung stellen, k\u00f6nnen wir Ihre Zustimmung nicht verwalten.  <\/p>\n\n\n<h2 class=\"wp-block-heading has-large-font-size\" style=\"padding-top:15px\" id=\"informationen-die-wir-sammeln\">Informationen, die wir sammeln:<\/h2>\n\n\n<p><strong>Wir werden die folgenden pers\u00f6nlichen Daten \u00fcber Sie sammeln und verarbeiten:<\/strong><\/p>\n\n\n\n<ul class=\"wp-block-list\">\n<li>Vorname und Nachname<\/li>\n\n\n\n<li>E-Mail<\/li>\n\n\n\n<li>Telefon<\/li>\n\n\n\n<li>Name des Unternehmens<\/li>\n<\/ul>\n\n\n<h2 class=\"wp-block-heading has-large-font-size\" style=\"padding-top:15px\" id=\"wie-wir-ihre-informationen-verwenden\">Wie wir Ihre Informationen verwenden:<\/h2>\n\n\n<p><strong>Wir werden die Informationen, die wir \u00fcber Sie sammeln, f\u00fcr die folgenden Zwecke verwenden:<\/strong><\/p>\n\n\n\n<ul class=\"wp-block-list\">\n<li>Marketing\/Werbung<\/li>\n\n\n\n<li>Verwaltung von Kundenauftr\u00e4gen<\/li>\n<\/ul>\n\n\n\n<p>Wenn wir Ihre Daten f\u00fcr andere Zwecke verwenden m\u00f6chten, werden wir Sie um Ihr Einverst\u00e4ndnis bitten. Wir werden Ihre Daten nur auf der Grundlage Ihres Einverst\u00e4ndnisses und nur f\u00fcr die Zwecke verwenden, f\u00fcr die Sie Ihr Einverst\u00e4ndnis gegeben haben, es sei denn, dies ist gesetzlich vorgeschrieben.<\/p>\n\n\n<h2 class=\"wp-block-heading has-large-font-size\" style=\"padding-top:15px\" id=\"wie-wir-ihre-informationen-weitergeben\">Wie wir Ihre Informationen weitergeben:<\/h2>\n\n\n<p><strong>Wir werden Ihre pers\u00f6nlichen Daten nicht ohne Ihre Zustimmung an Dritte weitergeben, au\u00dfer unter den unten beschriebenen begrenzten Umst\u00e4nden:<\/strong><\/p>\n\n\n\n<ul class=\"wp-block-list\">\n<li>Analytik<\/li>\n<\/ul>\n\n\n\n<p>Wir verlangen, dass Dritte, an die wir personenbezogene Daten weitergeben, diese Daten nur f\u00fcr den Zweck verwenden, f\u00fcr den sie weitergegeben wurden, und dass sie sie nicht l\u00e4nger aufbewahren, als es zur Erreichung dieses Zwecks erforderlich ist.<\/p>\n\n\n\n<p>Wir k\u00f6nnen Ihre pers\u00f6nlichen Daten auch offenlegen, um (1) geltende Gesetze, Vorschriften, Gerichtsbeschl\u00fcsse oder andere rechtliche Verfahren einzuhalten; (2) Ihre Vereinbarungen mit uns, einschlie\u00dflich dieser Datenschutzrichtlinie, durchzusetzen; oder (3) auf Klagen zu reagieren, dass Ihre Nutzung des Dienstes die Rechte Dritter verletzt. Sollte der Dienst oder unser Unternehmen mit einem anderen Unternehmen fusionieren oder von diesem \u00fcbernommen werden, w\u00fcrden Ihre Daten zu den Verm\u00f6genswerten geh\u00f6ren, die an den neuen Eigent\u00fcmer \u00fcbertragen werden. <\/p>\n\n\n<h2 class=\"wp-block-heading has-large-font-size\" style=\"padding-top:15px\" id=\"speichern-sie-ihre-informationen\">Speichern Sie Ihre Informationen:<\/h2>\n\n\n<p>Wir bewahren Ihre pers\u00f6nlichen Daten 90 Tage bis 2 Jahre nach Beendigung Ihres Benutzerkontos auf oder so lange, wie es f\u00fcr die Erf\u00fcllung der Zwecke, f\u00fcr die sie gesammelt wurden, erforderlich ist, wie in dieser Datenschutzrichtlinie beschrieben. Es kann sein, dass wir einige Daten f\u00fcr l\u00e4ngere Zeitr\u00e4ume aufbewahren, z.B. um rechtlichen Verpflichtungen nachzukommen oder unsere berechtigten Interessen zu sch\u00fctzen, wie z.B. die Verfolgung von Rechtsanspr\u00fcchen, die Verhinderung von Betrug usw. Anonyme Restdaten und aggregierte Daten, die Sie in keiner Weise identifizieren, k\u00f6nnen auf unbestimmte Zeit gespeichert werden.  <\/p>\n\n\n<h2 class=\"wp-block-heading has-large-font-size\" style=\"padding-top:15px\" id=\"ihre-rechte\">Ihre Rechte:<\/h2>\n\n\n<p>Je nach geltendem Recht haben Sie das Recht auf Zugang, Berichtigung, L\u00f6schung oder Erhalt einer Kopie Ihrer personenbezogenen Daten, das Recht, die aktive Verarbeitung Ihrer Daten einzuschr\u00e4nken oder ihr zu widersprechen, das Recht, uns zu bitten, Ihre personenbezogenen Daten an eine andere Stelle zu \u00fcbermitteln, das Recht, die von Ihnen erteilte Zustimmung zur Verarbeitung Ihrer Daten zu widerrufen, sowie weitere Rechte, die das geltende Recht vorsieht. Um diese Rechte auszu\u00fcben, k\u00f6nnen Sie uns unter info@smartfp.cz kontaktieren. Wir werden Ihre Anfrage in \u00dcbereinstimmung mit dem geltenden Recht beantworten.  <\/p>\n\n\n\n<p>Sie k\u00f6nnen sich auch gegen Direktmarketing oder Profiling zu Marketingzwecken entscheiden, indem Sie uns eine E-Mail an info@smartfp.cz schicken.<\/p>\n\n\n\n<p>Bitte beachten Sie, dass Sie, wenn Sie uns nicht erlauben, die angeforderten personenbezogenen Daten zu erheben oder zu verarbeiten, oder wenn Sie Ihre Zustimmung zur Verarbeitung f\u00fcr notwendige Zwecke zur\u00fcckziehen, m\u00f6glicherweise nicht auf bestimmte Dienste zugreifen k\u00f6nnen, f\u00fcr die Ihre Daten angefordert wurden.<\/p>\n\n\n<h2 class=\"wp-block-heading has-large-font-size\" style=\"padding-top:15px\" id=\"cookies-und-andere-technologien\">Cookies und andere Technologien:<\/h2>\n\n\n<p>Um mehr dar\u00fcber zu erfahren, wie wir diese Technologien verwenden und welche M\u00f6glichkeiten Sie in Bezug auf diese Tracking-Technologien haben, lesen Sie bitte unsere Cookie-Richtlinie.<\/p>\n\n\n<h2 class=\"wp-block-heading has-large-font-size\" style=\"padding-top:15px\" id=\"sicherheit\">Sicherheit:<\/h2>\n\n\n<p>Die Sicherheit Ihrer Daten ist uns wichtig und wir werden angemessene Sicherheitsma\u00dfnahmen ergreifen, um den Verlust, den Missbrauch oder die unbefugte \u00c4nderung Ihrer Daten unter unserer Kontrolle zu verhindern. Aufgrund inh\u00e4renter Risiken k\u00f6nnen wir jedoch keine absolute Sicherheit garantieren. Daher k\u00f6nnen wir die Sicherheit von Informationen, die Sie uns \u00fcbermitteln, nicht gew\u00e4hrleisten oder garantieren, und Sie tun dies auf eigenes Risiko. <\/p>\n\n\n<h2 class=\"wp-block-heading has-large-font-size\" style=\"padding-top:15px\" id=\"datenschutzbeauftragterbeschwerden\">Datenschutzbeauftragter\/Beschwerden:<\/h2>\n\n\n<p>Wenn Sie Fragen oder Bedenken bez\u00fcglich der Verarbeitung Ihrer Daten bei uns haben, k\u00f6nnen Sie sich an unseren Datenschutzbeauftragten wenden: Gappex s.r.o., Na Cimb\u00e1le 104, Prag 4, E-Mail: info@smartfp.cz. Wir werden Ihre Bedenken in \u00dcbereinstimmung mit dem geltenden Recht behandeln. <\/p>\n\n\n<h2 class=\"wp-block-heading has-large-font-size\" style=\"padding-top:15px\" id=\"microsoft-klarheit\">Microsoft Klarheit<\/h2>\n\n\n<p>Unsere Website verwendet Microsoft Clarity, ein Tool zur Analyse des Datenverkehrs, das uns hilft, das Nutzerverhalten besser zu verstehen. Clarity verfolgt Interaktionen auf unserer Website, wie z.B. Klicks oder Mausbewegungen, und erm\u00f6glicht es uns so, das Benutzererlebnis zu optimieren. Alle gesammelten Daten sind anonymisiert und werden nur f\u00fcr analytische Zwecke verwendet. Weitere Informationen zum Schutz Ihrer pers\u00f6nlichen Daten finden Sie in der Datenschutzrichtlinie von Microsoft.   <\/p>\n\n\n<h2 class=\"wp-block-heading has-large-font-size\" style=\"padding-top:15px\" id=\"google-analytics\">Google Analytics<\/h2>\n\n\n<p>Unsere Website verwendet Google Analytics, einen Webanalysedienst von Google. Dieses Tool hilft uns, besser zu verstehen, wie Besucher unsere Website nutzen, damit wir ihre Funktionalit\u00e4t und ihren Inhalt verbessern k\u00f6nnen. Google Analytics sammelt Daten wie die besuchten Seiten, die Dauer des Besuchs oder den Ger\u00e4tetyp. Alle Informationen werden anonymisiert und ausschlie\u00dflich f\u00fcr analytische Zwecke verwendet. Weitere Informationen finden Sie in den <a href=\"https:\/\/policies.google.com\/privacy\">Datenschutzrichtlinien von Google<\/a>.    <\/p>\n<\/div>\n\n<p><\/p>\n","protected":false},"excerpt":{"rendered":"<p>Informationen \u00fcber die Verwendung von Cookies auf unserer Website und die Datenschutzbestimmungen der SmartFP-Website.<\/p>\n","protected":false},"author":4,"featured_media":5452,"parent":0,"menu_order":6,"comment_status":"closed","ping_status":"closed","template":"","meta":{"_eb_attr":"","inline_featured_image":false,"_eb_data_table":"","footnotes":""},"class_list":["post-5905","page","type-page","status-publish","has-post-thumbnail","hentry"],"yoast_head":"<!-- This site is optimized with the Yoast SEO plugin v27.4 - https:\/\/yoast.com\/product\/yoast-seo-wordpress\/ -->\n<title>Datenschutzbestimmungen - SmartFP<\/title>\n<meta name=\"description\" content=\"Informationen \u00fcber die Verwendung von Cookies auf unserer Website und die Datenschutzbestimmungen der SmartFP-Website.\" \/>\n<meta name=\"robots\" content=\"index, follow, max-snippet:-1, max-image-preview:large, max-video-preview:-1\" \/>\n<link rel=\"canonical\" href=\"https:\/\/smartfp.cz\/de\/datenschutzbestimmungen\/\" \/>\n<meta property=\"og:locale\" content=\"de_DE\" \/>\n<meta property=\"og:type\" content=\"article\" \/>\n<meta property=\"og:title\" content=\"Datenschutzbestimmungen - SmartFP\" \/>\n<meta property=\"og:description\" content=\"Informationen \u00fcber die Verwendung von Cookies auf unserer Website und die Datenschutzbestimmungen der SmartFP-Website.\" \/>\n<meta property=\"og:url\" content=\"https:\/\/smartfp.cz\/de\/datenschutzbestimmungen\/\" \/>\n<meta property=\"og:site_name\" content=\"SmartFP\" \/>\n<meta property=\"article:publisher\" content=\"https:\/\/www.facebook.com\/smartformplatform\" \/>\n<meta property=\"article:modified_time\" content=\"2026-02-09T15:19:37+00:00\" \/>\n<meta property=\"og:image\" content=\"https:\/\/smartfp.cz\/wp-content\/uploads\/2024\/10\/og-image-web.png\" \/>\n\t<meta property=\"og:image:width\" content=\"1200\" \/>\n\t<meta property=\"og:image:height\" content=\"628\" \/>\n\t<meta property=\"og:image:type\" content=\"image\/png\" \/>\n<meta name=\"twitter:card\" content=\"summary_large_image\" \/>\n<script type=\"application\/ld+json\" class=\"yoast-schema-graph\">{\"@context\":\"https:\\\/\\\/schema.org\",\"@graph\":[{\"@type\":\"WebPage\",\"@id\":\"https:\\\/\\\/smartfp.cz\\\/de\\\/datenschutzbestimmungen\\\/\",\"url\":\"https:\\\/\\\/smartfp.cz\\\/de\\\/datenschutzbestimmungen\\\/\",\"name\":\"Datenschutzbestimmungen - SmartFP\",\"isPartOf\":{\"@id\":\"https:\\\/\\\/smartfp.cz\\\/de\\\/#website\"},\"primaryImageOfPage\":{\"@id\":\"https:\\\/\\\/smartfp.cz\\\/de\\\/datenschutzbestimmungen\\\/#primaryimage\"},\"image\":{\"@id\":\"https:\\\/\\\/smartfp.cz\\\/de\\\/datenschutzbestimmungen\\\/#primaryimage\"},\"thumbnailUrl\":\"https:\\\/\\\/smartfp.cz\\\/wp-content\\\/uploads\\\/2024\\\/10\\\/og-image-web.png\",\"datePublished\":\"2024-04-19T13:43:25+00:00\",\"dateModified\":\"2026-02-09T15:19:37+00:00\",\"description\":\"Informationen \u00fcber die Verwendung von Cookies auf unserer Website und die Datenschutzbestimmungen der SmartFP-Website.\",\"breadcrumb\":{\"@id\":\"https:\\\/\\\/smartfp.cz\\\/de\\\/datenschutzbestimmungen\\\/#breadcrumb\"},\"inLanguage\":\"de\",\"potentialAction\":[{\"@type\":\"ReadAction\",\"target\":[\"https:\\\/\\\/smartfp.cz\\\/de\\\/datenschutzbestimmungen\\\/\"]}]},{\"@type\":\"ImageObject\",\"inLanguage\":\"de\",\"@id\":\"https:\\\/\\\/smartfp.cz\\\/de\\\/datenschutzbestimmungen\\\/#primaryimage\",\"url\":\"https:\\\/\\\/smartfp.cz\\\/wp-content\\\/uploads\\\/2024\\\/10\\\/og-image-web.png\",\"contentUrl\":\"https:\\\/\\\/smartfp.cz\\\/wp-content\\\/uploads\\\/2024\\\/10\\\/og-image-web.png\",\"width\":1200,\"height\":628},{\"@type\":\"BreadcrumbList\",\"@id\":\"https:\\\/\\\/smartfp.cz\\\/de\\\/datenschutzbestimmungen\\\/#breadcrumb\",\"itemListElement\":[{\"@type\":\"ListItem\",\"position\":1,\"name\":\"Dom\u016f\",\"item\":\"https:\\\/\\\/smartfp.cz\\\/de\\\/\"},{\"@type\":\"ListItem\",\"position\":2,\"name\":\"Datenschutzbestimmungen\"}]},{\"@type\":\"WebSite\",\"@id\":\"https:\\\/\\\/smartfp.cz\\\/de\\\/#website\",\"url\":\"https:\\\/\\\/smartfp.cz\\\/de\\\/\",\"name\":\"SmartFP\",\"description\":\"Firemn\u00ed aplikace a integrace\",\"publisher\":{\"@id\":\"https:\\\/\\\/smartfp.cz\\\/de\\\/#organization\"},\"potentialAction\":[{\"@type\":\"SearchAction\",\"target\":{\"@type\":\"EntryPoint\",\"urlTemplate\":\"https:\\\/\\\/smartfp.cz\\\/de\\\/?s={search_term_string}\"},\"query-input\":{\"@type\":\"PropertyValueSpecification\",\"valueRequired\":true,\"valueName\":\"search_term_string\"}}],\"inLanguage\":\"de\"},{\"@type\":\"Organization\",\"@id\":\"https:\\\/\\\/smartfp.cz\\\/de\\\/#organization\",\"name\":\"Gappex s.r.o.\",\"alternateName\":\"SmartFP\",\"url\":\"https:\\\/\\\/smartfp.cz\\\/de\\\/\",\"logo\":{\"@type\":\"ImageObject\",\"inLanguage\":\"de\",\"@id\":\"https:\\\/\\\/smartfp.cz\\\/de\\\/#\\\/schema\\\/logo\\\/image\\\/\",\"url\":\"https:\\\/\\\/smartfp.cz\\\/wp-content\\\/uploads\\\/2024\\\/05\\\/SFP-long-color-1.svg\",\"contentUrl\":\"https:\\\/\\\/smartfp.cz\\\/wp-content\\\/uploads\\\/2024\\\/05\\\/SFP-long-color-1.svg\",\"width\":100,\"height\":100,\"caption\":\"Gappex s.r.o.\"},\"image\":{\"@id\":\"https:\\\/\\\/smartfp.cz\\\/de\\\/#\\\/schema\\\/logo\\\/image\\\/\"},\"sameAs\":[\"https:\\\/\\\/www.facebook.com\\\/smartformplatform\",\"https:\\\/\\\/www.instagram.com\\\/smart.fp\\\/\",\"https:\\\/\\\/cz.linkedin.com\\\/company\\\/gappex\",\"https:\\\/\\\/www.youtube.com\\\/@smartfp\"]}]}<\/script>\n<!-- \/ Yoast SEO plugin. -->","yoast_head_json":{"title":"Datenschutzbestimmungen - SmartFP","description":"Informationen \u00fcber die Verwendung von Cookies auf unserer Website und die Datenschutzbestimmungen der SmartFP-Website.","robots":{"index":"index","follow":"follow","max-snippet":"max-snippet:-1","max-image-preview":"max-image-preview:large","max-video-preview":"max-video-preview:-1"},"canonical":"https:\/\/smartfp.cz\/de\/datenschutzbestimmungen\/","og_locale":"de_DE","og_type":"article","og_title":"Datenschutzbestimmungen - SmartFP","og_description":"Informationen \u00fcber die Verwendung von Cookies auf unserer Website und die Datenschutzbestimmungen der SmartFP-Website.","og_url":"https:\/\/smartfp.cz\/de\/datenschutzbestimmungen\/","og_site_name":"SmartFP","article_publisher":"https:\/\/www.facebook.com\/smartformplatform","article_modified_time":"2026-02-09T15:19:37+00:00","og_image":[{"width":1200,"height":628,"url":"https:\/\/smartfp.cz\/wp-content\/uploads\/2024\/10\/og-image-web.png","type":"image\/png"}],"twitter_card":"summary_large_image","schema":{"@context":"https:\/\/schema.org","@graph":[{"@type":"WebPage","@id":"https:\/\/smartfp.cz\/de\/datenschutzbestimmungen\/","url":"https:\/\/smartfp.cz\/de\/datenschutzbestimmungen\/","name":"Datenschutzbestimmungen - SmartFP","isPartOf":{"@id":"https:\/\/smartfp.cz\/de\/#website"},"primaryImageOfPage":{"@id":"https:\/\/smartfp.cz\/de\/datenschutzbestimmungen\/#primaryimage"},"image":{"@id":"https:\/\/smartfp.cz\/de\/datenschutzbestimmungen\/#primaryimage"},"thumbnailUrl":"https:\/\/smartfp.cz\/wp-content\/uploads\/2024\/10\/og-image-web.png","datePublished":"2024-04-19T13:43:25+00:00","dateModified":"2026-02-09T15:19:37+00:00","description":"Informationen \u00fcber die Verwendung von Cookies auf unserer Website und die Datenschutzbestimmungen der SmartFP-Website.","breadcrumb":{"@id":"https:\/\/smartfp.cz\/de\/datenschutzbestimmungen\/#breadcrumb"},"inLanguage":"de","potentialAction":[{"@type":"ReadAction","target":["https:\/\/smartfp.cz\/de\/datenschutzbestimmungen\/"]}]},{"@type":"ImageObject","inLanguage":"de","@id":"https:\/\/smartfp.cz\/de\/datenschutzbestimmungen\/#primaryimage","url":"https:\/\/smartfp.cz\/wp-content\/uploads\/2024\/10\/og-image-web.png","contentUrl":"https:\/\/smartfp.cz\/wp-content\/uploads\/2024\/10\/og-image-web.png","width":1200,"height":628},{"@type":"BreadcrumbList","@id":"https:\/\/smartfp.cz\/de\/datenschutzbestimmungen\/#breadcrumb","itemListElement":[{"@type":"ListItem","position":1,"name":"Dom\u016f","item":"https:\/\/smartfp.cz\/de\/"},{"@type":"ListItem","position":2,"name":"Datenschutzbestimmungen"}]},{"@type":"WebSite","@id":"https:\/\/smartfp.cz\/de\/#website","url":"https:\/\/smartfp.cz\/de\/","name":"SmartFP","description":"Firemn\u00ed aplikace a integrace","publisher":{"@id":"https:\/\/smartfp.cz\/de\/#organization"},"potentialAction":[{"@type":"SearchAction","target":{"@type":"EntryPoint","urlTemplate":"https:\/\/smartfp.cz\/de\/?s={search_term_string}"},"query-input":{"@type":"PropertyValueSpecification","valueRequired":true,"valueName":"search_term_string"}}],"inLanguage":"de"},{"@type":"Organization","@id":"https:\/\/smartfp.cz\/de\/#organization","name":"Gappex s.r.o.","alternateName":"SmartFP","url":"https:\/\/smartfp.cz\/de\/","logo":{"@type":"ImageObject","inLanguage":"de","@id":"https:\/\/smartfp.cz\/de\/#\/schema\/logo\/image\/","url":"https:\/\/smartfp.cz\/wp-content\/uploads\/2024\/05\/SFP-long-color-1.svg","contentUrl":"https:\/\/smartfp.cz\/wp-content\/uploads\/2024\/05\/SFP-long-color-1.svg","width":100,"height":100,"caption":"Gappex s.r.o."},"image":{"@id":"https:\/\/smartfp.cz\/de\/#\/schema\/logo\/image\/"},"sameAs":["https:\/\/www.facebook.com\/smartformplatform","https:\/\/www.instagram.com\/smart.fp\/","https:\/\/cz.linkedin.com\/company\/gappex","https:\/\/www.youtube.com\/@smartfp"]}]}},"_links":{"self":[{"href":"https:\/\/smartfp.cz\/de\/wp-json\/wp\/v2\/pages\/5905","targetHints":{"allow":["GET"]}}],"collection":[{"href":"https:\/\/smartfp.cz\/de\/wp-json\/wp\/v2\/pages"}],"about":[{"href":"https:\/\/smartfp.cz\/de\/wp-json\/wp\/v2\/types\/page"}],"author":[{"embeddable":true,"href":"https:\/\/smartfp.cz\/de\/wp-json\/wp\/v2\/users\/4"}],"replies":[{"embeddable":true,"href":"https:\/\/smartfp.cz\/de\/wp-json\/wp\/v2\/comments?post=5905"}],"version-history":[{"count":5,"href":"https:\/\/smartfp.cz\/de\/wp-json\/wp\/v2\/pages\/5905\/revisions"}],"predecessor-version":[{"id":10823,"href":"https:\/\/smartfp.cz\/de\/wp-json\/wp\/v2\/pages\/5905\/revisions\/10823"}],"wp:featuredmedia":[{"embeddable":true,"href":"https:\/\/smartfp.cz\/de\/wp-json\/wp\/v2\/media\/5452"}],"wp:attachment":[{"href":"https:\/\/smartfp.cz\/de\/wp-json\/wp\/v2\/media?parent=5905"}],"curies":[{"name":"wp","href":"https:\/\/api.w.org\/{rel}","templated":true}]}}