{"id":5867,"date":"2024-06-01T16:55:55","date_gmt":"2024-06-01T14:55:55","guid":{"rendered":"https:\/\/smartfp.cz\/massgeschneiderte-entwicklung\/"},"modified":"2025-04-30T14:27:06","modified_gmt":"2025-04-30T12:27:06","slug":"massgeschneiderte-entwicklung","status":"publish","type":"page","link":"https:\/\/smartfp.cz\/de\/plattform\/warum-smartfp\/massgeschneiderte-entwicklung\/","title":{"rendered":"Ma\u00dfgeschneiderte Entwicklung"},"content":{"rendered":"\n<div class=\"wp-block-group has-global-padding is-layout-constrained wp-container-core-group-is-layout-da70f3a0 wp-block-group-is-layout-constrained\">\n<p class=\"has-large-font-size\">Auf der SmartFP-Plattform haben wir uns auf die Digitalisierung von Gesch\u00e4ftsprozessen spezialisiert. Dank unserer Low-Code-Technologie ist die Entwicklung bis zu doppelt so schnell wie die herk\u00f6mmliche Entwicklung. <\/p>\n\n\n\n<p class=\"has-medium-font-size\">Wir wissen, dass jedes Unternehmen spezifische Bed\u00fcrfnisse hat. Deshalb bieten wir ma\u00dfgeschneiderte L\u00f6sungen f\u00fcr Ihre Anforderungen. Unsere Plattform ist so konzipiert, dass sie Ihre Gesch\u00e4ftsprozesse genau abbildet, das Wachstum Ihres Unternehmens unterst\u00fctzt und gleichzeitig benutzerfreundlich ist. Wir entwickeln nicht nur Software f\u00fcr IT-Profis, sondern auch f\u00fcr F\u00fchrungskr\u00e4fte, Buchhalter, Personalverantwortliche und Empfangsmitarbeiter, damit sie f\u00fcr jeden Benutzer leicht zu bedienen ist.  <\/p>\n\n\n\n<p class=\"has-medium-font-size\"><strong>DER PROZESS DER ERSTELLUNG EINER MASSGESCHNEIDERTEN L\u00d6SUNG UMFASST VIER EINFACHE SCHRITTE:<\/strong><\/p>\n\n\n\n<ol class=\"wp-block-list has-medium-font-size\">\n<li><strong>Beratung<\/strong>: Wir treffen uns mit Ihnen, um Ihre Bed\u00fcrfnisse zu verstehen und gemeinsam ein Grundkonzept f\u00fcr eine neue L\u00f6sung zu erstellen.<\/li>\n\n\n\n<li><strong>Kostenvoranschlag und Entwicklung<\/strong>: Sobald der Kostenvoranschlag erstellt und genehmigt ist, beginnen wir mit der Entwicklung, die je nach Komplexit\u00e4t des Projekts etwa 1-2 Wochen dauert.<\/li>\n\n\n\n<li><strong>Pr\u00e4sentation und Test<\/strong>: Wir pr\u00e4sentieren Ihnen die implementierte L\u00f6sung und lassen Ihnen Zeit, sie zu testen und kennenzulernen.<\/li>\n\n\n\n<li><strong>Fertigstellung und Einsatz<\/strong>: Auf der Grundlage Ihres Feedbacks nehmen wir letzte Anpassungen vor und setzen das System nach Ihrer Zustimmung im Echtbetrieb ein.<\/li>\n<\/ol>\n\n\n\n<p class=\"has-medium-font-size\">Wir verwenden moderne Technologien und sind auf die Entwicklung von Anwendungen auf der .NET-Plattform spezialisiert, wobei wir die MVC-Softwarearchitektur anwenden. Wir f\u00fchren Ihr Projekt auf unserer leistungsstarken Serverinfrastruktur aus, die eine kontinuierliche \u00dcberwachung und regelm\u00e4\u00dfige Datensicherungen umfasst.<\/p>\n\n\n\n<p class=\"has-medium-font-size\">Wir verwenden die Docker-Technologie und pflegen den Quellcode in einem GitLab-Repository, was Migrationen und Projektmanagement vereinfacht. Unsere L\u00f6sungen sind so konzipiert, dass sie sich mit einer Vielzahl von Anwendungen und Technologien integrieren lassen, darunter Webanwendungen und IoT-Ger\u00e4te. <\/p>\n<\/div>\n","protected":false},"excerpt":{"rendered":"<p>Wir bieten ma\u00dfgeschneiderte Entwicklung nach Ihren Bed\u00fcrfnissen. Wir passen unsere Anwendungen an Ihre Anforderungen an oder erstellen v\u00f6llig neue Anwendungen. <\/p>\n","protected":false},"author":4,"featured_media":0,"parent":5879,"menu_order":2,"comment_status":"closed","ping_status":"closed","template":"","meta":{"_eb_attr":"","inline_featured_image":false,"_eb_data_table":"","footnotes":""},"class_list":["post-5867","page","type-page","status-publish","hentry"],"yoast_head":"<!-- This site is optimized with the Yoast SEO plugin v27.6 - https:\/\/yoast.com\/product\/yoast-seo-wordpress\/ -->\n<title>Ma\u00dfgeschneiderte Entwicklung - SmartFP<\/title>\n<meta name=\"description\" content=\"Wir bieten ma\u00dfgeschneiderte Entwicklung nach Ihren Bed\u00fcrfnissen. Wir passen unsere Anwendungen an Ihre Anforderungen an oder erstellen v\u00f6llig neue Anwendungen.\" \/>\n<meta name=\"robots\" content=\"index, follow, max-snippet:-1, max-image-preview:large, max-video-preview:-1\" \/>\n<link rel=\"canonical\" href=\"https:\/\/smartfp.cz\/de\/plattform\/warum-smartfp\/massgeschneiderte-entwicklung\/\" \/>\n<meta property=\"og:locale\" content=\"de_DE\" \/>\n<meta property=\"og:type\" content=\"article\" \/>\n<meta property=\"og:title\" content=\"Ma\u00dfgeschneiderte Entwicklung - SmartFP\" \/>\n<meta property=\"og:description\" content=\"Wir bieten ma\u00dfgeschneiderte Entwicklung nach Ihren Bed\u00fcrfnissen. Wir passen unsere Anwendungen an Ihre Anforderungen an oder erstellen v\u00f6llig neue Anwendungen.\" \/>\n<meta property=\"og:url\" content=\"https:\/\/smartfp.cz\/de\/plattform\/warum-smartfp\/massgeschneiderte-entwicklung\/\" \/>\n<meta property=\"og:site_name\" content=\"SmartFP\" \/>\n<meta property=\"article:publisher\" content=\"https:\/\/www.facebook.com\/smartformplatform\" \/>\n<meta property=\"article:modified_time\" content=\"2025-04-30T12:27:06+00:00\" \/>\n<meta name=\"twitter:card\" content=\"summary_large_image\" \/>\n<script type=\"application\/ld+json\" class=\"yoast-schema-graph\">{\"@context\":\"https:\\\/\\\/schema.org\",\"@graph\":[{\"@type\":\"WebPage\",\"@id\":\"https:\\\/\\\/smartfp.cz\\\/de\\\/plattform\\\/warum-smartfp\\\/massgeschneiderte-entwicklung\\\/\",\"url\":\"https:\\\/\\\/smartfp.cz\\\/de\\\/plattform\\\/warum-smartfp\\\/massgeschneiderte-entwicklung\\\/\",\"name\":\"Ma\u00dfgeschneiderte Entwicklung - SmartFP\",\"isPartOf\":{\"@id\":\"https:\\\/\\\/smartfp.cz\\\/de\\\/#website\"},\"datePublished\":\"2024-06-01T14:55:55+00:00\",\"dateModified\":\"2025-04-30T12:27:06+00:00\",\"description\":\"Wir bieten ma\u00dfgeschneiderte Entwicklung nach Ihren Bed\u00fcrfnissen. Wir passen unsere Anwendungen an Ihre Anforderungen an oder erstellen v\u00f6llig neue Anwendungen.\",\"breadcrumb\":{\"@id\":\"https:\\\/\\\/smartfp.cz\\\/de\\\/plattform\\\/warum-smartfp\\\/massgeschneiderte-entwicklung\\\/#breadcrumb\"},\"inLanguage\":\"de\",\"potentialAction\":[{\"@type\":\"ReadAction\",\"target\":[\"https:\\\/\\\/smartfp.cz\\\/de\\\/plattform\\\/warum-smartfp\\\/massgeschneiderte-entwicklung\\\/\"]}]},{\"@type\":\"BreadcrumbList\",\"@id\":\"https:\\\/\\\/smartfp.cz\\\/de\\\/plattform\\\/warum-smartfp\\\/massgeschneiderte-entwicklung\\\/#breadcrumb\",\"itemListElement\":[{\"@type\":\"ListItem\",\"position\":1,\"name\":\"Dom\u016f\",\"item\":\"https:\\\/\\\/smartfp.cz\\\/de\\\/\"},{\"@type\":\"ListItem\",\"position\":2,\"name\":\"Plattform\",\"item\":\"https:\\\/\\\/smartfp.cz\\\/de\\\/plattform\\\/\"},{\"@type\":\"ListItem\",\"position\":3,\"name\":\"Warum SmartFP\",\"item\":\"https:\\\/\\\/smartfp.cz\\\/de\\\/plattform\\\/warum-smartfp\\\/\"},{\"@type\":\"ListItem\",\"position\":4,\"name\":\"Ma\u00dfgeschneiderte Entwicklung\"}]},{\"@type\":\"WebSite\",\"@id\":\"https:\\\/\\\/smartfp.cz\\\/de\\\/#website\",\"url\":\"https:\\\/\\\/smartfp.cz\\\/de\\\/\",\"name\":\"SmartFP\",\"description\":\"Firemn\u00ed aplikace a integrace\",\"publisher\":{\"@id\":\"https:\\\/\\\/smartfp.cz\\\/de\\\/#organization\"},\"potentialAction\":[{\"@type\":\"SearchAction\",\"target\":{\"@type\":\"EntryPoint\",\"urlTemplate\":\"https:\\\/\\\/smartfp.cz\\\/de\\\/?s={search_term_string}\"},\"query-input\":{\"@type\":\"PropertyValueSpecification\",\"valueRequired\":true,\"valueName\":\"search_term_string\"}}],\"inLanguage\":\"de\"},{\"@type\":\"Organization\",\"@id\":\"https:\\\/\\\/smartfp.cz\\\/de\\\/#organization\",\"name\":\"Gappex s.r.o.\",\"alternateName\":\"SmartFP\",\"url\":\"https:\\\/\\\/smartfp.cz\\\/de\\\/\",\"logo\":{\"@type\":\"ImageObject\",\"inLanguage\":\"de\",\"@id\":\"https:\\\/\\\/smartfp.cz\\\/de\\\/#\\\/schema\\\/logo\\\/image\\\/\",\"url\":\"https:\\\/\\\/smartfp.cz\\\/wp-content\\\/uploads\\\/2024\\\/05\\\/SFP-long-color-1.svg\",\"contentUrl\":\"https:\\\/\\\/smartfp.cz\\\/wp-content\\\/uploads\\\/2024\\\/05\\\/SFP-long-color-1.svg\",\"width\":100,\"height\":100,\"caption\":\"Gappex s.r.o.\"},\"image\":{\"@id\":\"https:\\\/\\\/smartfp.cz\\\/de\\\/#\\\/schema\\\/logo\\\/image\\\/\"},\"sameAs\":[\"https:\\\/\\\/www.facebook.com\\\/smartformplatform\",\"https:\\\/\\\/www.instagram.com\\\/smart.fp\\\/\",\"https:\\\/\\\/cz.linkedin.com\\\/company\\\/gappex\",\"https:\\\/\\\/www.youtube.com\\\/@smartfp\"]}]}<\/script>\n<!-- \/ Yoast SEO plugin. -->","yoast_head_json":{"title":"Ma\u00dfgeschneiderte Entwicklung - SmartFP","description":"Wir bieten ma\u00dfgeschneiderte Entwicklung nach Ihren Bed\u00fcrfnissen. Wir passen unsere Anwendungen an Ihre Anforderungen an oder erstellen v\u00f6llig neue Anwendungen.","robots":{"index":"index","follow":"follow","max-snippet":"max-snippet:-1","max-image-preview":"max-image-preview:large","max-video-preview":"max-video-preview:-1"},"canonical":"https:\/\/smartfp.cz\/de\/plattform\/warum-smartfp\/massgeschneiderte-entwicklung\/","og_locale":"de_DE","og_type":"article","og_title":"Ma\u00dfgeschneiderte Entwicklung - SmartFP","og_description":"Wir bieten ma\u00dfgeschneiderte Entwicklung nach Ihren Bed\u00fcrfnissen. Wir passen unsere Anwendungen an Ihre Anforderungen an oder erstellen v\u00f6llig neue Anwendungen.","og_url":"https:\/\/smartfp.cz\/de\/plattform\/warum-smartfp\/massgeschneiderte-entwicklung\/","og_site_name":"SmartFP","article_publisher":"https:\/\/www.facebook.com\/smartformplatform","article_modified_time":"2025-04-30T12:27:06+00:00","twitter_card":"summary_large_image","schema":{"@context":"https:\/\/schema.org","@graph":[{"@type":"WebPage","@id":"https:\/\/smartfp.cz\/de\/plattform\/warum-smartfp\/massgeschneiderte-entwicklung\/","url":"https:\/\/smartfp.cz\/de\/plattform\/warum-smartfp\/massgeschneiderte-entwicklung\/","name":"Ma\u00dfgeschneiderte Entwicklung - SmartFP","isPartOf":{"@id":"https:\/\/smartfp.cz\/de\/#website"},"datePublished":"2024-06-01T14:55:55+00:00","dateModified":"2025-04-30T12:27:06+00:00","description":"Wir bieten ma\u00dfgeschneiderte Entwicklung nach Ihren Bed\u00fcrfnissen. Wir passen unsere Anwendungen an Ihre Anforderungen an oder erstellen v\u00f6llig neue Anwendungen.","breadcrumb":{"@id":"https:\/\/smartfp.cz\/de\/plattform\/warum-smartfp\/massgeschneiderte-entwicklung\/#breadcrumb"},"inLanguage":"de","potentialAction":[{"@type":"ReadAction","target":["https:\/\/smartfp.cz\/de\/plattform\/warum-smartfp\/massgeschneiderte-entwicklung\/"]}]},{"@type":"BreadcrumbList","@id":"https:\/\/smartfp.cz\/de\/plattform\/warum-smartfp\/massgeschneiderte-entwicklung\/#breadcrumb","itemListElement":[{"@type":"ListItem","position":1,"name":"Dom\u016f","item":"https:\/\/smartfp.cz\/de\/"},{"@type":"ListItem","position":2,"name":"Plattform","item":"https:\/\/smartfp.cz\/de\/plattform\/"},{"@type":"ListItem","position":3,"name":"Warum SmartFP","item":"https:\/\/smartfp.cz\/de\/plattform\/warum-smartfp\/"},{"@type":"ListItem","position":4,"name":"Ma\u00dfgeschneiderte Entwicklung"}]},{"@type":"WebSite","@id":"https:\/\/smartfp.cz\/de\/#website","url":"https:\/\/smartfp.cz\/de\/","name":"SmartFP","description":"Firemn\u00ed aplikace a integrace","publisher":{"@id":"https:\/\/smartfp.cz\/de\/#organization"},"potentialAction":[{"@type":"SearchAction","target":{"@type":"EntryPoint","urlTemplate":"https:\/\/smartfp.cz\/de\/?s={search_term_string}"},"query-input":{"@type":"PropertyValueSpecification","valueRequired":true,"valueName":"search_term_string"}}],"inLanguage":"de"},{"@type":"Organization","@id":"https:\/\/smartfp.cz\/de\/#organization","name":"Gappex s.r.o.","alternateName":"SmartFP","url":"https:\/\/smartfp.cz\/de\/","logo":{"@type":"ImageObject","inLanguage":"de","@id":"https:\/\/smartfp.cz\/de\/#\/schema\/logo\/image\/","url":"https:\/\/smartfp.cz\/wp-content\/uploads\/2024\/05\/SFP-long-color-1.svg","contentUrl":"https:\/\/smartfp.cz\/wp-content\/uploads\/2024\/05\/SFP-long-color-1.svg","width":100,"height":100,"caption":"Gappex s.r.o."},"image":{"@id":"https:\/\/smartfp.cz\/de\/#\/schema\/logo\/image\/"},"sameAs":["https:\/\/www.facebook.com\/smartformplatform","https:\/\/www.instagram.com\/smart.fp\/","https:\/\/cz.linkedin.com\/company\/gappex","https:\/\/www.youtube.com\/@smartfp"]}]}},"_links":{"self":[{"href":"https:\/\/smartfp.cz\/de\/wp-json\/wp\/v2\/pages\/5867","targetHints":{"allow":["GET"]}}],"collection":[{"href":"https:\/\/smartfp.cz\/de\/wp-json\/wp\/v2\/pages"}],"about":[{"href":"https:\/\/smartfp.cz\/de\/wp-json\/wp\/v2\/types\/page"}],"author":[{"embeddable":true,"href":"https:\/\/smartfp.cz\/de\/wp-json\/wp\/v2\/users\/4"}],"replies":[{"embeddable":true,"href":"https:\/\/smartfp.cz\/de\/wp-json\/wp\/v2\/comments?post=5867"}],"version-history":[{"count":1,"href":"https:\/\/smartfp.cz\/de\/wp-json\/wp\/v2\/pages\/5867\/revisions"}],"predecessor-version":[{"id":5869,"href":"https:\/\/smartfp.cz\/de\/wp-json\/wp\/v2\/pages\/5867\/revisions\/5869"}],"up":[{"embeddable":true,"href":"https:\/\/smartfp.cz\/de\/wp-json\/wp\/v2\/pages\/5879"}],"wp:attachment":[{"href":"https:\/\/smartfp.cz\/de\/wp-json\/wp\/v2\/media?parent=5867"}],"curies":[{"name":"wp","href":"https:\/\/api.w.org\/{rel}","templated":true}]}}