{"id":5856,"date":"2024-06-01T17:06:40","date_gmt":"2024-06-01T15:06:40","guid":{"rendered":"https:\/\/smartfp.cz\/kioske\/"},"modified":"2025-01-27T12:42:50","modified_gmt":"2025-01-27T11:42:50","slug":"kioske","status":"publish","type":"page","link":"https:\/\/smartfp.cz\/de\/plattform\/warum-smartfp\/kioske\/","title":{"rendered":"Kioske"},"content":{"rendered":"\n<p class=\"has-medium-font-size\">Mit SmartFP ausgestattete Informationskioske sind ideal f\u00fcr Unternehmen mit Mitarbeitern, die nicht t\u00e4glich Zugang zu einem Computer am Arbeitsplatz haben.<\/p>\n\n<p class=\"has-medium-font-size\">Stecken Sie einfach Ihre ID-Karte ein (optional k\u00f6nnen Sie auch Ihre PIN eingeben) und Sie erhalten sofort Zugang zu den Funktionen, die Sie ben\u00f6tigen.<\/p>\n\n<p class=\"has-medium-font-size\">Der Kiosk ist die ideale L\u00f6sung f\u00fcr Unternehmen mit Mitarbeitern au\u00dferhalb des Verwaltungsbereichs. Benutzer, die keinen Zugang zu einem Computer haben, k\u00f6nnen sich mit ihrer Mitarbeiterkarte am Kiosk anmelden und dann z.B. eingeben: <\/p>\n\n<ul class=\"wp-block-list\">\n<li class=\"has-medium-font-size\">Gehen Sie,<\/li>\n\n\n\n<li class=\"has-medium-font-size\">die Erkl\u00e4rung f\u00fcr Einkommenssteuerpflichtige unterschreiben<\/li>\n\n\n\n<li class=\"has-medium-font-size\">best\u00e4tigen, dass sie die neu herausgegebenen Richtlinien zur Kenntnis genommen haben.<\/li>\n\n\n\n<li class=\"has-medium-font-size\">und andere je nach den Bed\u00fcrfnissen der Organisation<\/li>\n<\/ul>\n\n<p class=\"has-medium-font-size\">Alles wird von einem Personalverantwortlichen verwaltet, der die volle Kontrolle \u00fcber das System hat. Die am Kiosk eingegebenen Daten werden sofort in das System \u00fcbertragen und sind sofort in der gesamten SmartFP-Plattform verf\u00fcgbar. <\/p>\n","protected":false},"excerpt":{"rendered":"<p>Verwenden Sie eine Unternehmens-App auch auf Kiosken. Sie erhalten Zugriff auf Informationen und Anwendungen, ohne dass Sie einen Computer vor Ort ben\u00f6tigen. <\/p>\n","protected":false},"author":4,"featured_media":0,"parent":5879,"menu_order":8,"comment_status":"closed","ping_status":"closed","template":"","meta":{"_eb_attr":"","inline_featured_image":false,"_eb_data_table":"","footnotes":""},"class_list":["post-5856","page","type-page","status-publish","hentry"],"yoast_head":"<!-- This site is optimized with the Yoast SEO plugin v27.6 - https:\/\/yoast.com\/product\/yoast-seo-wordpress\/ -->\n<title>Kioske - SmartFP<\/title>\n<meta name=\"description\" content=\"Verwenden Sie eine Unternehmens-App auch auf Kiosken. Sie erhalten Zugriff auf Informationen und Anwendungen, ohne dass Sie einen Computer vor Ort ben\u00f6tigen.\" \/>\n<meta name=\"robots\" content=\"index, follow, max-snippet:-1, max-image-preview:large, max-video-preview:-1\" \/>\n<link rel=\"canonical\" href=\"https:\/\/smartfp.cz\/de\/plattform\/warum-smartfp\/kioske\/\" \/>\n<meta property=\"og:locale\" content=\"de_DE\" \/>\n<meta property=\"og:type\" content=\"article\" \/>\n<meta property=\"og:title\" content=\"Kioske - SmartFP\" \/>\n<meta property=\"og:description\" content=\"Verwenden Sie eine Unternehmens-App auch auf Kiosken. Sie erhalten Zugriff auf Informationen und Anwendungen, ohne dass Sie einen Computer vor Ort ben\u00f6tigen.\" \/>\n<meta property=\"og:url\" content=\"https:\/\/smartfp.cz\/de\/plattform\/warum-smartfp\/kioske\/\" \/>\n<meta property=\"og:site_name\" content=\"SmartFP\" \/>\n<meta property=\"article:publisher\" content=\"https:\/\/www.facebook.com\/smartformplatform\" \/>\n<meta property=\"article:modified_time\" content=\"2025-01-27T11:42:50+00:00\" \/>\n<meta name=\"twitter:card\" content=\"summary_large_image\" \/>\n<script type=\"application\/ld+json\" class=\"yoast-schema-graph\">{\"@context\":\"https:\\\/\\\/schema.org\",\"@graph\":[{\"@type\":\"WebPage\",\"@id\":\"https:\\\/\\\/smartfp.cz\\\/de\\\/plattform\\\/warum-smartfp\\\/kioske\\\/\",\"url\":\"https:\\\/\\\/smartfp.cz\\\/de\\\/plattform\\\/warum-smartfp\\\/kioske\\\/\",\"name\":\"Kioske - SmartFP\",\"isPartOf\":{\"@id\":\"https:\\\/\\\/smartfp.cz\\\/de\\\/#website\"},\"datePublished\":\"2024-06-01T15:06:40+00:00\",\"dateModified\":\"2025-01-27T11:42:50+00:00\",\"description\":\"Verwenden Sie eine Unternehmens-App auch auf Kiosken. Sie erhalten Zugriff auf Informationen und Anwendungen, ohne dass Sie einen Computer vor Ort ben\u00f6tigen.\",\"breadcrumb\":{\"@id\":\"https:\\\/\\\/smartfp.cz\\\/de\\\/plattform\\\/warum-smartfp\\\/kioske\\\/#breadcrumb\"},\"inLanguage\":\"de\",\"potentialAction\":[{\"@type\":\"ReadAction\",\"target\":[\"https:\\\/\\\/smartfp.cz\\\/de\\\/plattform\\\/warum-smartfp\\\/kioske\\\/\"]}]},{\"@type\":\"BreadcrumbList\",\"@id\":\"https:\\\/\\\/smartfp.cz\\\/de\\\/plattform\\\/warum-smartfp\\\/kioske\\\/#breadcrumb\",\"itemListElement\":[{\"@type\":\"ListItem\",\"position\":1,\"name\":\"Dom\u016f\",\"item\":\"https:\\\/\\\/smartfp.cz\\\/de\\\/\"},{\"@type\":\"ListItem\",\"position\":2,\"name\":\"Warum SmartFP\",\"item\":\"https:\\\/\\\/smartfp.cz\\\/de\\\/plattform\\\/warum-smartfp\\\/\"},{\"@type\":\"ListItem\",\"position\":3,\"name\":\"Kioske\"}]},{\"@type\":\"WebSite\",\"@id\":\"https:\\\/\\\/smartfp.cz\\\/de\\\/#website\",\"url\":\"https:\\\/\\\/smartfp.cz\\\/de\\\/\",\"name\":\"SmartFP\",\"description\":\"Firemn\u00ed aplikace a integrace\",\"publisher\":{\"@id\":\"https:\\\/\\\/smartfp.cz\\\/de\\\/#organization\"},\"potentialAction\":[{\"@type\":\"SearchAction\",\"target\":{\"@type\":\"EntryPoint\",\"urlTemplate\":\"https:\\\/\\\/smartfp.cz\\\/de\\\/?s={search_term_string}\"},\"query-input\":{\"@type\":\"PropertyValueSpecification\",\"valueRequired\":true,\"valueName\":\"search_term_string\"}}],\"inLanguage\":\"de\"},{\"@type\":\"Organization\",\"@id\":\"https:\\\/\\\/smartfp.cz\\\/de\\\/#organization\",\"name\":\"Gappex s.r.o.\",\"alternateName\":\"SmartFP\",\"url\":\"https:\\\/\\\/smartfp.cz\\\/de\\\/\",\"logo\":{\"@type\":\"ImageObject\",\"inLanguage\":\"de\",\"@id\":\"https:\\\/\\\/smartfp.cz\\\/de\\\/#\\\/schema\\\/logo\\\/image\\\/\",\"url\":\"https:\\\/\\\/smartfp.cz\\\/wp-content\\\/uploads\\\/2024\\\/05\\\/SFP-long-color-1.svg\",\"contentUrl\":\"https:\\\/\\\/smartfp.cz\\\/wp-content\\\/uploads\\\/2024\\\/05\\\/SFP-long-color-1.svg\",\"width\":100,\"height\":100,\"caption\":\"Gappex s.r.o.\"},\"image\":{\"@id\":\"https:\\\/\\\/smartfp.cz\\\/de\\\/#\\\/schema\\\/logo\\\/image\\\/\"},\"sameAs\":[\"https:\\\/\\\/www.facebook.com\\\/smartformplatform\",\"https:\\\/\\\/www.instagram.com\\\/smart.fp\\\/\",\"https:\\\/\\\/cz.linkedin.com\\\/company\\\/gappex\",\"https:\\\/\\\/www.youtube.com\\\/@smartfp\"]}]}<\/script>\n<!-- \/ Yoast SEO plugin. -->","yoast_head_json":{"title":"Kioske - SmartFP","description":"Verwenden Sie eine Unternehmens-App auch auf Kiosken. Sie erhalten Zugriff auf Informationen und Anwendungen, ohne dass Sie einen Computer vor Ort ben\u00f6tigen.","robots":{"index":"index","follow":"follow","max-snippet":"max-snippet:-1","max-image-preview":"max-image-preview:large","max-video-preview":"max-video-preview:-1"},"canonical":"https:\/\/smartfp.cz\/de\/plattform\/warum-smartfp\/kioske\/","og_locale":"de_DE","og_type":"article","og_title":"Kioske - SmartFP","og_description":"Verwenden Sie eine Unternehmens-App auch auf Kiosken. Sie erhalten Zugriff auf Informationen und Anwendungen, ohne dass Sie einen Computer vor Ort ben\u00f6tigen.","og_url":"https:\/\/smartfp.cz\/de\/plattform\/warum-smartfp\/kioske\/","og_site_name":"SmartFP","article_publisher":"https:\/\/www.facebook.com\/smartformplatform","article_modified_time":"2025-01-27T11:42:50+00:00","twitter_card":"summary_large_image","schema":{"@context":"https:\/\/schema.org","@graph":[{"@type":"WebPage","@id":"https:\/\/smartfp.cz\/de\/plattform\/warum-smartfp\/kioske\/","url":"https:\/\/smartfp.cz\/de\/plattform\/warum-smartfp\/kioske\/","name":"Kioske - SmartFP","isPartOf":{"@id":"https:\/\/smartfp.cz\/de\/#website"},"datePublished":"2024-06-01T15:06:40+00:00","dateModified":"2025-01-27T11:42:50+00:00","description":"Verwenden Sie eine Unternehmens-App auch auf Kiosken. Sie erhalten Zugriff auf Informationen und Anwendungen, ohne dass Sie einen Computer vor Ort ben\u00f6tigen.","breadcrumb":{"@id":"https:\/\/smartfp.cz\/de\/plattform\/warum-smartfp\/kioske\/#breadcrumb"},"inLanguage":"de","potentialAction":[{"@type":"ReadAction","target":["https:\/\/smartfp.cz\/de\/plattform\/warum-smartfp\/kioske\/"]}]},{"@type":"BreadcrumbList","@id":"https:\/\/smartfp.cz\/de\/plattform\/warum-smartfp\/kioske\/#breadcrumb","itemListElement":[{"@type":"ListItem","position":1,"name":"Dom\u016f","item":"https:\/\/smartfp.cz\/de\/"},{"@type":"ListItem","position":2,"name":"Warum SmartFP","item":"https:\/\/smartfp.cz\/de\/plattform\/warum-smartfp\/"},{"@type":"ListItem","position":3,"name":"Kioske"}]},{"@type":"WebSite","@id":"https:\/\/smartfp.cz\/de\/#website","url":"https:\/\/smartfp.cz\/de\/","name":"SmartFP","description":"Firemn\u00ed aplikace a integrace","publisher":{"@id":"https:\/\/smartfp.cz\/de\/#organization"},"potentialAction":[{"@type":"SearchAction","target":{"@type":"EntryPoint","urlTemplate":"https:\/\/smartfp.cz\/de\/?s={search_term_string}"},"query-input":{"@type":"PropertyValueSpecification","valueRequired":true,"valueName":"search_term_string"}}],"inLanguage":"de"},{"@type":"Organization","@id":"https:\/\/smartfp.cz\/de\/#organization","name":"Gappex s.r.o.","alternateName":"SmartFP","url":"https:\/\/smartfp.cz\/de\/","logo":{"@type":"ImageObject","inLanguage":"de","@id":"https:\/\/smartfp.cz\/de\/#\/schema\/logo\/image\/","url":"https:\/\/smartfp.cz\/wp-content\/uploads\/2024\/05\/SFP-long-color-1.svg","contentUrl":"https:\/\/smartfp.cz\/wp-content\/uploads\/2024\/05\/SFP-long-color-1.svg","width":100,"height":100,"caption":"Gappex s.r.o."},"image":{"@id":"https:\/\/smartfp.cz\/de\/#\/schema\/logo\/image\/"},"sameAs":["https:\/\/www.facebook.com\/smartformplatform","https:\/\/www.instagram.com\/smart.fp\/","https:\/\/cz.linkedin.com\/company\/gappex","https:\/\/www.youtube.com\/@smartfp"]}]}},"_links":{"self":[{"href":"https:\/\/smartfp.cz\/de\/wp-json\/wp\/v2\/pages\/5856","targetHints":{"allow":["GET"]}}],"collection":[{"href":"https:\/\/smartfp.cz\/de\/wp-json\/wp\/v2\/pages"}],"about":[{"href":"https:\/\/smartfp.cz\/de\/wp-json\/wp\/v2\/types\/page"}],"author":[{"embeddable":true,"href":"https:\/\/smartfp.cz\/de\/wp-json\/wp\/v2\/users\/4"}],"replies":[{"embeddable":true,"href":"https:\/\/smartfp.cz\/de\/wp-json\/wp\/v2\/comments?post=5856"}],"version-history":[{"count":1,"href":"https:\/\/smartfp.cz\/de\/wp-json\/wp\/v2\/pages\/5856\/revisions"}],"predecessor-version":[{"id":5857,"href":"https:\/\/smartfp.cz\/de\/wp-json\/wp\/v2\/pages\/5856\/revisions\/5857"}],"up":[{"embeddable":true,"href":"https:\/\/smartfp.cz\/de\/wp-json\/wp\/v2\/pages\/5879"}],"wp:attachment":[{"href":"https:\/\/smartfp.cz\/de\/wp-json\/wp\/v2\/media?parent=5856"}],"curies":[{"name":"wp","href":"https:\/\/api.w.org\/{rel}","templated":true}]}}