{"id":5852,"date":"2024-06-01T17:24:07","date_gmt":"2024-06-01T15:24:07","guid":{"rendered":"https:\/\/smartfp.cz\/haeufig-gestellte-fragen\/"},"modified":"2025-01-27T12:42:54","modified_gmt":"2025-01-27T11:42:54","slug":"haeufig-gestellte-fragen","status":"publish","type":"page","link":"https:\/\/smartfp.cz\/de\/plattform\/haeufig-gestellte-fragen\/","title":{"rendered":"H\u00e4ufig gestellte Fragen"},"content":{"rendered":"\n<div class=\"wp-block-group has-global-padding is-layout-constrained wp-block-group-is-layout-constrained\">\n<p class=\"has-large-font-size\">Sie suchen Antworten auf Ihre Fragen oder brauchen Hilfe mit unserem System? Wir haben eine Liste mit h\u00e4ufig gestellten Fragen zusammengestellt, in der Sie n\u00fctzliche Informationen und L\u00f6sungen f\u00fcr h\u00e4ufige Probleme finden k\u00f6nnen. <\/p>\n\n\n\n<div class=\"wp-block-group has-global-padding is-layout-constrained wp-container-core-group-is-layout-145f4d48 wp-block-group-is-layout-constrained\" style=\"margin-top:var(--wp--preset--spacing--30);margin-bottom:var(--wp--preset--spacing--30)\">\n<div class=\"wp-block-group has-global-padding is-layout-constrained wp-container-core-group-is-layout-c9f963f1 wp-block-group-is-layout-constrained\" style=\"padding-top:10px;padding-right:15px;padding-bottom:10px;padding-left:15px\">\n<details class=\"wp-block-details has-medium-font-size is-layout-flow wp-block-details-is-layout-flow\"><summary>Ist es m\u00f6glich, SmartFP vor Ort oder in der Cloud einzusetzen?<\/summary>\n<p style=\"padding-top:15px\">Ja, beide Optionen sind verf\u00fcgbar. Au\u00dferdem k\u00f6nnen Sie w\u00e4hlen, ob Sie eine Lizenz kaufen oder mieten m\u00f6chten. F\u00fcr weitere Informationen besuchen Sie bitte die Seite <a href=\"https:\/\/smartfp.cz\/de\/plattform\/warum-smartfp\/lizenzierung-und-betrieb\/\" data-type=\"page\" data-id=\"1226\">Lizenzen und Betrieb<\/a>.  <\/p>\n<\/details>\n<\/div>\n\n\n\n<hr class=\"wp-block-separator has-text-color has-tertiary-color has-alpha-channel-opacity has-tertiary-background-color has-background is-style-wide\"\/>\n\n\n\n<div class=\"wp-block-group has-global-padding is-layout-constrained wp-container-core-group-is-layout-c9f963f1 wp-block-group-is-layout-constrained\" style=\"padding-top:10px;padding-right:15px;padding-bottom:10px;padding-left:15px\">\n<details class=\"wp-block-details has-medium-font-size is-layout-flow wp-block-details-is-layout-flow\"><summary>Wie viel kostet die SmartFP-Plattform? Zahle ich f\u00fcr Funktionen, die ich nicht brauche? <\/summary>\n<p style=\"padding-top:15px\">Sie zahlen nur f\u00fcr das, was Sie nutzen. Der Preis h\u00e4ngt von den Modulen ab, die Sie w\u00e4hlen. Wir erstellen Ihnen gerne ein ma\u00dfgeschneidertes Angebot. Sind Sie an einem konkreten Angebot interessiert?<a href=\"https:\/\/smartfp.cz\/de\/kontaktieren-sie-uns\/\" data-type=\"page\" data-id=\"27\">Kontaktieren Sie uns<\/a>.    <\/p>\n<\/details>\n<\/div>\n\n\n\n<hr class=\"wp-block-separator has-text-color has-tertiary-color has-alpha-channel-opacity has-tertiary-background-color has-background is-style-wide\"\/>\n\n\n\n<div class=\"wp-block-group has-global-padding is-layout-constrained wp-container-core-group-is-layout-c9f963f1 wp-block-group-is-layout-constrained\" style=\"padding-top:10px;padding-right:15px;padding-bottom:10px;padding-left:15px\">\n<details class=\"wp-block-details has-medium-font-size is-layout-flow wp-block-details-is-layout-flow\"><summary>Kann das Genehmigungsverfahren an die Bed\u00fcrfnisse unseres Unternehmens angepasst werden?<\/summary>\n<p style=\"padding-top:15px\">Ja, der Arbeitsablauf kann angepasst werden. Dar\u00fcber hinaus k\u00f6nnen wir auch die Formulare und Ansichten aller Module anpassen. Weitere Informationen finden Sie auf der Seite <a href=\"https:\/\/smartfp.cz\/de\/plattform\/warum-smartfp\/massgeschneiderte-entwicklung\/\" data-type=\"page\" data-id=\"1209\">Individuelle Entwicklung<\/a>.  <\/p>\n<\/details>\n<\/div>\n\n\n\n<hr class=\"wp-block-separator has-text-color has-tertiary-color has-alpha-channel-opacity has-tertiary-background-color has-background is-style-wide\"\/>\n\n\n\n<div class=\"wp-block-group has-global-padding is-layout-constrained wp-container-core-group-is-layout-c9f963f1 wp-block-group-is-layout-constrained\" style=\"padding-top:10px;padding-right:15px;padding-bottom:10px;padding-left:15px\">\n<details class=\"wp-block-details has-medium-font-size is-layout-flow wp-block-details-is-layout-flow\"><summary>Kann ich mich anmelden, ohne mir zus\u00e4tzliche Anmeldedaten merken zu m\u00fcssen?<\/summary>\n<p style=\"padding-top:15px\">Ja, unsere Plattform unterst\u00fctzt SSO (Single Sign-On). Wenn Sie sich bei einer Anwendung anmelden, melden Sie sich automatisch auch bei den anderen Anwendungen an. Weitere Informationen finden Sie auf der Seite <a href=\"https:\/\/smartfp.cz\/de\/plattform\/warum-smartfp\/benutzeroberflaeche\/\" data-type=\"page\" data-id=\"1211\">Benutzeroberfl\u00e4che<\/a>.  <\/p>\n<\/details>\n<\/div>\n\n\n\n<hr class=\"wp-block-separator has-text-color has-tertiary-color has-alpha-channel-opacity has-tertiary-background-color has-background is-style-wide\"\/>\n\n\n\n<div class=\"wp-block-group has-global-padding is-layout-constrained wp-container-core-group-is-layout-c9f963f1 wp-block-group-is-layout-constrained\" style=\"padding-top:10px;padding-right:15px;padding-bottom:10px;padding-left:15px\">\n<details class=\"wp-block-details has-medium-font-size is-layout-flow wp-block-details-is-layout-flow\"><summary>Wir verwenden ein anderes Buchhaltungssystem. Kann es mit der SmartFP-Plattform verbunden werden?<\/summary>\n<p style=\"padding-top:15px\">Ja, die SmartFP-Plattform verf\u00fcgt \u00fcber eine REST-API, die nahezu unbegrenzte Integrationsm\u00f6glichkeiten bietet. Dar\u00fcber hinaus haben wir bereits fertige Verbindungen zu vielen g\u00e4ngigen Anwendungen. Weitere Informationen finden Sie auf der Seite <a href=\"\" data-type=\"\" data-id=\"\">Integration<\/a>.  <\/p>\n<\/details>\n<\/div>\n\n\n\n<hr class=\"wp-block-separator has-text-color has-tertiary-color has-alpha-channel-opacity has-tertiary-background-color has-background is-style-wide\"\/>\n\n\n\n<div class=\"wp-block-group has-global-padding is-layout-constrained wp-container-core-group-is-layout-c9f963f1 wp-block-group-is-layout-constrained\" style=\"padding-top:10px;padding-right:15px;padding-bottom:10px;padding-left:15px\">\n<details class=\"wp-block-details has-medium-font-size is-layout-flow wp-block-details-is-layout-flow\"><summary>Was ist eine Low-Code-Plattform?<\/summary>\n<p style=\"padding-top:15px\">Low-Code ist eine Entwicklungsmethode, die bis zur H\u00e4lfte schneller und billiger ist als die traditionelle Entwicklung. Unsere Plattform nutzt diesen Ansatz in vollem Umfang, was f\u00fcr Sie viele Vorteile bedeutet. Erfahren Sie mehr auf der <a href=\"https:\/\/smartfp.cz\/de\/plattform\/warum-smartfp\/einfacher-code\/\" data-type=\"page\" data-id=\"1207\">Low-code-Seite<\/a>.  <\/p>\n<\/details>\n<\/div>\n<\/div>\n<\/div>\n","protected":false},"excerpt":{"rendered":"<p>Antworten auf die am h\u00e4ufigsten gestellten Fragen zur SmartFP-Plattform. Hier finden Sie alle Informationen, die Sie ben\u00f6tigen, um die richtige Entscheidung bei der Auswahl Ihrer Unternehmenssoftware zu treffen. <\/p>\n","protected":false},"author":4,"featured_media":0,"parent":5892,"menu_order":2,"comment_status":"closed","ping_status":"closed","template":"","meta":{"_eb_attr":"","inline_featured_image":false,"_eb_data_table":"","footnotes":""},"class_list":["post-5852","page","type-page","status-publish","hentry"],"yoast_head":"<!-- This site is optimized with the Yoast SEO plugin v27.4 - https:\/\/yoast.com\/product\/yoast-seo-wordpress\/ -->\n<title>H\u00e4ufig gestellte Fragen - SmartFP<\/title>\n<meta name=\"description\" content=\"Antworten auf die am h\u00e4ufigsten gestellten Fragen zur SmartFP-Plattform. Hier finden Sie alle Informationen, die Sie ben\u00f6tigen, um die richtige Entscheidung bei der Auswahl Ihrer Unternehmenssoftware zu treffen.\" \/>\n<meta name=\"robots\" content=\"index, follow, max-snippet:-1, max-image-preview:large, max-video-preview:-1\" \/>\n<link rel=\"canonical\" href=\"https:\/\/smartfp.cz\/de\/plattform\/haeufig-gestellte-fragen\/\" \/>\n<meta property=\"og:locale\" content=\"de_DE\" \/>\n<meta property=\"og:type\" content=\"article\" \/>\n<meta property=\"og:title\" content=\"H\u00e4ufig gestellte Fragen - SmartFP\" \/>\n<meta property=\"og:description\" content=\"Antworten auf die am h\u00e4ufigsten gestellten Fragen zur SmartFP-Plattform. Hier finden Sie alle Informationen, die Sie ben\u00f6tigen, um die richtige Entscheidung bei der Auswahl Ihrer Unternehmenssoftware zu treffen.\" \/>\n<meta property=\"og:url\" content=\"https:\/\/smartfp.cz\/de\/plattform\/haeufig-gestellte-fragen\/\" \/>\n<meta property=\"og:site_name\" content=\"SmartFP\" \/>\n<meta property=\"article:publisher\" content=\"https:\/\/www.facebook.com\/smartformplatform\" \/>\n<meta property=\"article:modified_time\" content=\"2025-01-27T11:42:54+00:00\" \/>\n<meta name=\"twitter:card\" content=\"summary_large_image\" \/>\n<script type=\"application\/ld+json\" class=\"yoast-schema-graph\">{\"@context\":\"https:\\\/\\\/schema.org\",\"@graph\":[{\"@type\":\"WebPage\",\"@id\":\"https:\\\/\\\/smartfp.cz\\\/de\\\/plattform\\\/haeufig-gestellte-fragen\\\/\",\"url\":\"https:\\\/\\\/smartfp.cz\\\/de\\\/plattform\\\/haeufig-gestellte-fragen\\\/\",\"name\":\"H\u00e4ufig gestellte Fragen - SmartFP\",\"isPartOf\":{\"@id\":\"https:\\\/\\\/smartfp.cz\\\/de\\\/#website\"},\"datePublished\":\"2024-06-01T15:24:07+00:00\",\"dateModified\":\"2025-01-27T11:42:54+00:00\",\"description\":\"Antworten auf die am h\u00e4ufigsten gestellten Fragen zur SmartFP-Plattform. Hier finden Sie alle Informationen, die Sie ben\u00f6tigen, um die richtige Entscheidung bei der Auswahl Ihrer Unternehmenssoftware zu treffen.\",\"breadcrumb\":{\"@id\":\"https:\\\/\\\/smartfp.cz\\\/de\\\/plattform\\\/haeufig-gestellte-fragen\\\/#breadcrumb\"},\"inLanguage\":\"de\",\"potentialAction\":[{\"@type\":\"ReadAction\",\"target\":[\"https:\\\/\\\/smartfp.cz\\\/de\\\/plattform\\\/haeufig-gestellte-fragen\\\/\"]}]},{\"@type\":\"BreadcrumbList\",\"@id\":\"https:\\\/\\\/smartfp.cz\\\/de\\\/plattform\\\/haeufig-gestellte-fragen\\\/#breadcrumb\",\"itemListElement\":[{\"@type\":\"ListItem\",\"position\":1,\"name\":\"Dom\u016f\",\"item\":\"https:\\\/\\\/smartfp.cz\\\/de\\\/\"},{\"@type\":\"ListItem\",\"position\":2,\"name\":\"Plattform\",\"item\":\"https:\\\/\\\/smartfp.cz\\\/de\\\/plattform\\\/\"},{\"@type\":\"ListItem\",\"position\":3,\"name\":\"H\u00e4ufig gestellte Fragen\"}]},{\"@type\":\"WebSite\",\"@id\":\"https:\\\/\\\/smartfp.cz\\\/de\\\/#website\",\"url\":\"https:\\\/\\\/smartfp.cz\\\/de\\\/\",\"name\":\"SmartFP\",\"description\":\"Firemn\u00ed aplikace a integrace\",\"publisher\":{\"@id\":\"https:\\\/\\\/smartfp.cz\\\/de\\\/#organization\"},\"potentialAction\":[{\"@type\":\"SearchAction\",\"target\":{\"@type\":\"EntryPoint\",\"urlTemplate\":\"https:\\\/\\\/smartfp.cz\\\/de\\\/?s={search_term_string}\"},\"query-input\":{\"@type\":\"PropertyValueSpecification\",\"valueRequired\":true,\"valueName\":\"search_term_string\"}}],\"inLanguage\":\"de\"},{\"@type\":\"Organization\",\"@id\":\"https:\\\/\\\/smartfp.cz\\\/de\\\/#organization\",\"name\":\"Gappex s.r.o.\",\"alternateName\":\"SmartFP\",\"url\":\"https:\\\/\\\/smartfp.cz\\\/de\\\/\",\"logo\":{\"@type\":\"ImageObject\",\"inLanguage\":\"de\",\"@id\":\"https:\\\/\\\/smartfp.cz\\\/de\\\/#\\\/schema\\\/logo\\\/image\\\/\",\"url\":\"https:\\\/\\\/smartfp.cz\\\/wp-content\\\/uploads\\\/2024\\\/05\\\/SFP-long-color-1.svg\",\"contentUrl\":\"https:\\\/\\\/smartfp.cz\\\/wp-content\\\/uploads\\\/2024\\\/05\\\/SFP-long-color-1.svg\",\"width\":100,\"height\":100,\"caption\":\"Gappex s.r.o.\"},\"image\":{\"@id\":\"https:\\\/\\\/smartfp.cz\\\/de\\\/#\\\/schema\\\/logo\\\/image\\\/\"},\"sameAs\":[\"https:\\\/\\\/www.facebook.com\\\/smartformplatform\",\"https:\\\/\\\/www.instagram.com\\\/smart.fp\\\/\",\"https:\\\/\\\/cz.linkedin.com\\\/company\\\/gappex\",\"https:\\\/\\\/www.youtube.com\\\/@smartfp\"]}]}<\/script>\n<!-- \/ Yoast SEO plugin. -->","yoast_head_json":{"title":"H\u00e4ufig gestellte Fragen - SmartFP","description":"Antworten auf die am h\u00e4ufigsten gestellten Fragen zur SmartFP-Plattform. Hier finden Sie alle Informationen, die Sie ben\u00f6tigen, um die richtige Entscheidung bei der Auswahl Ihrer Unternehmenssoftware zu treffen.","robots":{"index":"index","follow":"follow","max-snippet":"max-snippet:-1","max-image-preview":"max-image-preview:large","max-video-preview":"max-video-preview:-1"},"canonical":"https:\/\/smartfp.cz\/de\/plattform\/haeufig-gestellte-fragen\/","og_locale":"de_DE","og_type":"article","og_title":"H\u00e4ufig gestellte Fragen - SmartFP","og_description":"Antworten auf die am h\u00e4ufigsten gestellten Fragen zur SmartFP-Plattform. Hier finden Sie alle Informationen, die Sie ben\u00f6tigen, um die richtige Entscheidung bei der Auswahl Ihrer Unternehmenssoftware zu treffen.","og_url":"https:\/\/smartfp.cz\/de\/plattform\/haeufig-gestellte-fragen\/","og_site_name":"SmartFP","article_publisher":"https:\/\/www.facebook.com\/smartformplatform","article_modified_time":"2025-01-27T11:42:54+00:00","twitter_card":"summary_large_image","schema":{"@context":"https:\/\/schema.org","@graph":[{"@type":"WebPage","@id":"https:\/\/smartfp.cz\/de\/plattform\/haeufig-gestellte-fragen\/","url":"https:\/\/smartfp.cz\/de\/plattform\/haeufig-gestellte-fragen\/","name":"H\u00e4ufig gestellte Fragen - SmartFP","isPartOf":{"@id":"https:\/\/smartfp.cz\/de\/#website"},"datePublished":"2024-06-01T15:24:07+00:00","dateModified":"2025-01-27T11:42:54+00:00","description":"Antworten auf die am h\u00e4ufigsten gestellten Fragen zur SmartFP-Plattform. Hier finden Sie alle Informationen, die Sie ben\u00f6tigen, um die richtige Entscheidung bei der Auswahl Ihrer Unternehmenssoftware zu treffen.","breadcrumb":{"@id":"https:\/\/smartfp.cz\/de\/plattform\/haeufig-gestellte-fragen\/#breadcrumb"},"inLanguage":"de","potentialAction":[{"@type":"ReadAction","target":["https:\/\/smartfp.cz\/de\/plattform\/haeufig-gestellte-fragen\/"]}]},{"@type":"BreadcrumbList","@id":"https:\/\/smartfp.cz\/de\/plattform\/haeufig-gestellte-fragen\/#breadcrumb","itemListElement":[{"@type":"ListItem","position":1,"name":"Dom\u016f","item":"https:\/\/smartfp.cz\/de\/"},{"@type":"ListItem","position":2,"name":"Plattform","item":"https:\/\/smartfp.cz\/de\/plattform\/"},{"@type":"ListItem","position":3,"name":"H\u00e4ufig gestellte Fragen"}]},{"@type":"WebSite","@id":"https:\/\/smartfp.cz\/de\/#website","url":"https:\/\/smartfp.cz\/de\/","name":"SmartFP","description":"Firemn\u00ed aplikace a integrace","publisher":{"@id":"https:\/\/smartfp.cz\/de\/#organization"},"potentialAction":[{"@type":"SearchAction","target":{"@type":"EntryPoint","urlTemplate":"https:\/\/smartfp.cz\/de\/?s={search_term_string}"},"query-input":{"@type":"PropertyValueSpecification","valueRequired":true,"valueName":"search_term_string"}}],"inLanguage":"de"},{"@type":"Organization","@id":"https:\/\/smartfp.cz\/de\/#organization","name":"Gappex s.r.o.","alternateName":"SmartFP","url":"https:\/\/smartfp.cz\/de\/","logo":{"@type":"ImageObject","inLanguage":"de","@id":"https:\/\/smartfp.cz\/de\/#\/schema\/logo\/image\/","url":"https:\/\/smartfp.cz\/wp-content\/uploads\/2024\/05\/SFP-long-color-1.svg","contentUrl":"https:\/\/smartfp.cz\/wp-content\/uploads\/2024\/05\/SFP-long-color-1.svg","width":100,"height":100,"caption":"Gappex s.r.o."},"image":{"@id":"https:\/\/smartfp.cz\/de\/#\/schema\/logo\/image\/"},"sameAs":["https:\/\/www.facebook.com\/smartformplatform","https:\/\/www.instagram.com\/smart.fp\/","https:\/\/cz.linkedin.com\/company\/gappex","https:\/\/www.youtube.com\/@smartfp"]}]}},"_links":{"self":[{"href":"https:\/\/smartfp.cz\/de\/wp-json\/wp\/v2\/pages\/5852","targetHints":{"allow":["GET"]}}],"collection":[{"href":"https:\/\/smartfp.cz\/de\/wp-json\/wp\/v2\/pages"}],"about":[{"href":"https:\/\/smartfp.cz\/de\/wp-json\/wp\/v2\/types\/page"}],"author":[{"embeddable":true,"href":"https:\/\/smartfp.cz\/de\/wp-json\/wp\/v2\/users\/4"}],"replies":[{"embeddable":true,"href":"https:\/\/smartfp.cz\/de\/wp-json\/wp\/v2\/comments?post=5852"}],"version-history":[{"count":1,"href":"https:\/\/smartfp.cz\/de\/wp-json\/wp\/v2\/pages\/5852\/revisions"}],"predecessor-version":[{"id":5853,"href":"https:\/\/smartfp.cz\/de\/wp-json\/wp\/v2\/pages\/5852\/revisions\/5853"}],"up":[{"embeddable":true,"href":"https:\/\/smartfp.cz\/de\/wp-json\/wp\/v2\/pages\/5892"}],"wp:attachment":[{"href":"https:\/\/smartfp.cz\/de\/wp-json\/wp\/v2\/media?parent=5852"}],"curies":[{"name":"wp","href":"https:\/\/api.w.org\/{rel}","templated":true}]}}