{"id":5849,"date":"2024-06-01T16:58:46","date_gmt":"2024-06-01T14:58:46","guid":{"rendered":"https:\/\/smartfp.cz\/mobile-anwendungen\/"},"modified":"2025-04-30T14:27:12","modified_gmt":"2025-04-30T12:27:12","slug":"mobile-anwendungen","status":"publish","type":"page","link":"https:\/\/smartfp.cz\/de\/plattform\/warum-smartfp\/mobile-anwendungen\/","title":{"rendered":"Mobile Anwendungen"},"content":{"rendered":"\n<div class=\"wp-block-media-text alignwide is-stacked-on-mobile is-vertically-aligned-center\" style=\"grid-template-columns:29% auto\"><figure class=\"wp-block-media-text__media\"><img loading=\"lazy\" decoding=\"async\" width=\"682\" height=\"1024\" src=\"https:\/\/smartfp.cz\/wp-content\/uploads\/2024\/05\/iPhone_02-edited-682x1024.png\" alt=\"\" class=\"wp-image-504 size-full\" srcset=\"https:\/\/smartfp.cz\/wp-content\/uploads\/2024\/05\/iPhone_02-edited-682x1024.png 682w, https:\/\/smartfp.cz\/wp-content\/uploads\/2024\/05\/iPhone_02-edited-200x300.png 200w, https:\/\/smartfp.cz\/wp-content\/uploads\/2024\/05\/iPhone_02-edited-768x1153.png 768w, https:\/\/smartfp.cz\/wp-content\/uploads\/2024\/05\/iPhone_02-edited-1023x1536.png 1023w, https:\/\/smartfp.cz\/wp-content\/uploads\/2024\/05\/iPhone_02-edited-1364x2048.png 1364w\" sizes=\"auto, (max-width: 682px) 100vw, 682px\" \/><\/figure><div class=\"wp-block-media-text__content\"><h1 class=\"wp-block-heading has-primary-color has-text-color\" style=\"font-size:clamp(20px, 1.25rem + ((1vw - 3.2px) * 1.224), 32px);\" id=\"vorteile-der-smartfp-mobile-app\"><strong>Vorteile der SmartFP Mobile App<\/strong><\/h1>\n\n\n<div class=\"wp-block-group has-global-padding is-layout-constrained wp-block-group-is-layout-constrained\">\n<ul class=\"wp-block-list\">\n<li class=\"has-medium-font-size\"><strong>Alle Funktionen aus dem Web<\/strong> &#8211; in finden Sie alle Funktionen, die Sie auf der Weboberfl\u00e4che Ihres SmartFP finden, n\u00e4mlich eine individuelle Ansicht Ihres Ger\u00e4ts<\/li>\n\n\n\n<li class=\"has-medium-font-size\"><strong>Synchronisierung in Echtzeit<\/strong> &#8211; Daten und Einstellungen werden automatisch zwischen dem Web und der mobilen App synchronisiert.  <\/li>\n\n\n\n<li class=\"has-medium-font-size\"><strong>Zugriff auf Daten und Dokumente<\/strong> &#8211; bietet die M\u00f6glichkeit, direkt von Ihrem mobilen Ger\u00e4t aus auf Dokumente und Daten zuzugreifen und diese zu verwalten, einschlie\u00dflich der Anzeige, Bearbeitung und Freigabe von Dateien<\/li>\n\n\n\n<li class=\"has-medium-font-size\"><strong>Analysen und Berichte<\/strong> &#8211; Zugriff auf wichtige Analysedaten und Berichte direkt von der mobilen App aus, was eine schnelle Entscheidungsfindung auf der Grundlage aktueller Informationen erm\u00f6glicht<\/li>\n\n\n\n<li class=\"has-medium-font-size\"><strong>Benutzerfreundliche Oberfl\u00e4che<\/strong> &#8211; intuitives Design gew\u00e4hrleistet einfache Bedienung auf mobilen Ger\u00e4ten<\/li>\n\n\n\n<li class=\"has-medium-font-size\"><strong>Sie ist f\u00fcr iOS und Android verf\u00fcgbar<\/strong> &#8211; Sie k\u00f6nnen die SmartFP App im App Store oder bei Google Play herunterladen. Nach dem Download und der Installation melden Sie sich mit Ihren Anmeldedaten an und k\u00f6nnen sofort alle Funktionen nutzen <\/li>\n<\/ul>\n\n\n\n<div class=\"wp-block-group has-small-font-size is-horizontal is-content-justification-left is-layout-flex wp-container-core-group-is-layout-864ef1a8 wp-block-group-is-layout-flex\" style=\"margin-top:var(--wp--preset--spacing--30);margin-bottom:var(--wp--preset--spacing--30)\">\n<div class=\"wp-block-group has-custom-sfp-light-grey-25-background-color has-background is-nowrap is-layout-flex wp-container-core-group-is-layout-e390da1d wp-block-group-is-layout-flex\" style=\"padding-top:6px;padding-right:12px;padding-bottom:6px;padding-left:12px\">\n<div class=\"wp-block-outermost-icon-block\"><div class=\"icon-container has-icon-color has-custom-sfp-dark-orange-color\" style=\"color:#ef7d25;width:30px\"><svg xmlns=\"http:\/\/www.w3.org\/2000\/svg\" viewbox=\"0 0 24 24\" aria-hidden=\"true\"><path d=\"M16.7 7.1l-6.3 8.5-3.3-2.5-.9 1.2 4.5 3.4L17.9 8z\"><\/path><\/svg><\/div><\/div>\n\n\n\n<p><a href=\"https:\/\/www.google.com\/url?sa=t&amp;source=web&amp;rct=j&amp;opi=89978449&amp;url=https:\/\/apps.apple.com\/cz\/app\/smartfp\/id1459993074&amp;ved=2ahUKEwi06uGjtaSIAxV-xQIHHbSzAIsQFnoECBUQAQ&amp;usg=AOvVaw1iOc_IttdzlWmWaTpFBW33\">iOS<\/a><\/p>\n<\/div>\n\n\n\n<div class=\"wp-block-group has-custom-sfp-light-grey-25-background-color has-background is-nowrap is-layout-flex wp-container-core-group-is-layout-e390da1d wp-block-group-is-layout-flex\" style=\"padding-top:6px;padding-right:12px;padding-bottom:6px;padding-left:12px\">\n<div class=\"wp-block-outermost-icon-block\"><div class=\"icon-container has-icon-color has-custom-sfp-dark-orange-color\" style=\"color:#ef7d25;width:30px\"><svg xmlns=\"http:\/\/www.w3.org\/2000\/svg\" viewbox=\"0 0 24 24\" aria-hidden=\"true\"><path d=\"M16.7 7.1l-6.3 8.5-3.3-2.5-.9 1.2 4.5 3.4L17.9 8z\"><\/path><\/svg><\/div><\/div>\n\n\n\n<p><a href=\"https:\/\/play.google.com\/store\/apps\/details?id=cz.smartformplatform.webviewer&amp;hl=cs\">Android<\/a><\/p>\n<\/div>\n<\/div>\n<\/div>\n<\/div><\/div>\n","protected":false},"excerpt":{"rendered":"<p>Greifen Sie mit unserer mobilen App f\u00fcr iOS und Android jederzeit und \u00fcberall auf Ihre Gesch\u00e4ftsanwendungen zu. Informationen an Ihren Fingerspitzen. <\/p>\n","protected":false},"author":4,"featured_media":0,"parent":5879,"menu_order":4,"comment_status":"closed","ping_status":"closed","template":"","meta":{"_eb_attr":"","inline_featured_image":false,"_eb_data_table":"","footnotes":""},"class_list":["post-5849","page","type-page","status-publish","hentry"],"yoast_head":"<!-- This site is optimized with the Yoast SEO plugin v27.5 - https:\/\/yoast.com\/product\/yoast-seo-wordpress\/ -->\n<title>Mobile Anwendungen - SmartFP<\/title>\n<meta name=\"description\" content=\"Greifen Sie mit unserer mobilen App f\u00fcr iOS und Android jederzeit und \u00fcberall auf Ihre Gesch\u00e4ftsanwendungen zu. Informationen an Ihren Fingerspitzen.\" \/>\n<meta name=\"robots\" content=\"index, follow, max-snippet:-1, max-image-preview:large, max-video-preview:-1\" \/>\n<link rel=\"canonical\" href=\"https:\/\/smartfp.cz\/de\/plattform\/warum-smartfp\/mobile-anwendungen\/\" \/>\n<meta property=\"og:locale\" content=\"de_DE\" \/>\n<meta property=\"og:type\" content=\"article\" \/>\n<meta property=\"og:title\" content=\"Mobile Anwendungen - SmartFP\" \/>\n<meta property=\"og:description\" content=\"Greifen Sie mit unserer mobilen App f\u00fcr iOS und Android jederzeit und \u00fcberall auf Ihre Gesch\u00e4ftsanwendungen zu. Informationen an Ihren Fingerspitzen.\" \/>\n<meta property=\"og:url\" content=\"https:\/\/smartfp.cz\/de\/plattform\/warum-smartfp\/mobile-anwendungen\/\" \/>\n<meta property=\"og:site_name\" content=\"SmartFP\" \/>\n<meta property=\"article:publisher\" content=\"https:\/\/www.facebook.com\/smartformplatform\" \/>\n<meta property=\"article:modified_time\" content=\"2025-04-30T12:27:12+00:00\" \/>\n<meta property=\"og:image\" content=\"https:\/\/smartfp.cz\/wp-content\/uploads\/2024\/05\/iPhone_02-edited-682x1024.png\" \/>\n\t<meta property=\"og:image:width\" content=\"682\" \/>\n\t<meta property=\"og:image:height\" content=\"1024\" \/>\n\t<meta property=\"og:image:type\" content=\"image\/png\" \/>\n<meta name=\"twitter:card\" content=\"summary_large_image\" \/>\n<script type=\"application\/ld+json\" class=\"yoast-schema-graph\">{\"@context\":\"https:\\\/\\\/schema.org\",\"@graph\":[{\"@type\":\"WebPage\",\"@id\":\"https:\\\/\\\/smartfp.cz\\\/de\\\/plattform\\\/warum-smartfp\\\/mobile-anwendungen\\\/\",\"url\":\"https:\\\/\\\/smartfp.cz\\\/de\\\/plattform\\\/warum-smartfp\\\/mobile-anwendungen\\\/\",\"name\":\"Mobile Anwendungen - SmartFP\",\"isPartOf\":{\"@id\":\"https:\\\/\\\/smartfp.cz\\\/de\\\/#website\"},\"primaryImageOfPage\":{\"@id\":\"https:\\\/\\\/smartfp.cz\\\/de\\\/plattform\\\/warum-smartfp\\\/mobile-anwendungen\\\/#primaryimage\"},\"image\":{\"@id\":\"https:\\\/\\\/smartfp.cz\\\/de\\\/plattform\\\/warum-smartfp\\\/mobile-anwendungen\\\/#primaryimage\"},\"thumbnailUrl\":\"https:\\\/\\\/smartfp.cz\\\/wp-content\\\/uploads\\\/2024\\\/05\\\/iPhone_02-edited-682x1024.png\",\"datePublished\":\"2024-06-01T14:58:46+00:00\",\"dateModified\":\"2025-04-30T12:27:12+00:00\",\"description\":\"Greifen Sie mit unserer mobilen App f\u00fcr iOS und Android jederzeit und \u00fcberall auf Ihre Gesch\u00e4ftsanwendungen zu. Informationen an Ihren Fingerspitzen.\",\"breadcrumb\":{\"@id\":\"https:\\\/\\\/smartfp.cz\\\/de\\\/plattform\\\/warum-smartfp\\\/mobile-anwendungen\\\/#breadcrumb\"},\"inLanguage\":\"de\",\"potentialAction\":[{\"@type\":\"ReadAction\",\"target\":[\"https:\\\/\\\/smartfp.cz\\\/de\\\/plattform\\\/warum-smartfp\\\/mobile-anwendungen\\\/\"]}]},{\"@type\":\"ImageObject\",\"inLanguage\":\"de\",\"@id\":\"https:\\\/\\\/smartfp.cz\\\/de\\\/plattform\\\/warum-smartfp\\\/mobile-anwendungen\\\/#primaryimage\",\"url\":\"https:\\\/\\\/smartfp.cz\\\/wp-content\\\/uploads\\\/2024\\\/05\\\/iPhone_02-edited-682x1024.png\",\"contentUrl\":\"https:\\\/\\\/smartfp.cz\\\/wp-content\\\/uploads\\\/2024\\\/05\\\/iPhone_02-edited-682x1024.png\"},{\"@type\":\"BreadcrumbList\",\"@id\":\"https:\\\/\\\/smartfp.cz\\\/de\\\/plattform\\\/warum-smartfp\\\/mobile-anwendungen\\\/#breadcrumb\",\"itemListElement\":[{\"@type\":\"ListItem\",\"position\":1,\"name\":\"Dom\u016f\",\"item\":\"https:\\\/\\\/smartfp.cz\\\/de\\\/\"},{\"@type\":\"ListItem\",\"position\":2,\"name\":\"Plattform\",\"item\":\"https:\\\/\\\/smartfp.cz\\\/de\\\/plattform\\\/\"},{\"@type\":\"ListItem\",\"position\":3,\"name\":\"Warum SmartFP\",\"item\":\"https:\\\/\\\/smartfp.cz\\\/de\\\/plattform\\\/warum-smartfp\\\/\"},{\"@type\":\"ListItem\",\"position\":4,\"name\":\"Mobile Anwendungen\"}]},{\"@type\":\"WebSite\",\"@id\":\"https:\\\/\\\/smartfp.cz\\\/de\\\/#website\",\"url\":\"https:\\\/\\\/smartfp.cz\\\/de\\\/\",\"name\":\"SmartFP\",\"description\":\"Firemn\u00ed aplikace a integrace\",\"publisher\":{\"@id\":\"https:\\\/\\\/smartfp.cz\\\/de\\\/#organization\"},\"potentialAction\":[{\"@type\":\"SearchAction\",\"target\":{\"@type\":\"EntryPoint\",\"urlTemplate\":\"https:\\\/\\\/smartfp.cz\\\/de\\\/?s={search_term_string}\"},\"query-input\":{\"@type\":\"PropertyValueSpecification\",\"valueRequired\":true,\"valueName\":\"search_term_string\"}}],\"inLanguage\":\"de\"},{\"@type\":\"Organization\",\"@id\":\"https:\\\/\\\/smartfp.cz\\\/de\\\/#organization\",\"name\":\"Gappex s.r.o.\",\"alternateName\":\"SmartFP\",\"url\":\"https:\\\/\\\/smartfp.cz\\\/de\\\/\",\"logo\":{\"@type\":\"ImageObject\",\"inLanguage\":\"de\",\"@id\":\"https:\\\/\\\/smartfp.cz\\\/de\\\/#\\\/schema\\\/logo\\\/image\\\/\",\"url\":\"https:\\\/\\\/smartfp.cz\\\/wp-content\\\/uploads\\\/2024\\\/05\\\/SFP-long-color-1.svg\",\"contentUrl\":\"https:\\\/\\\/smartfp.cz\\\/wp-content\\\/uploads\\\/2024\\\/05\\\/SFP-long-color-1.svg\",\"width\":100,\"height\":100,\"caption\":\"Gappex s.r.o.\"},\"image\":{\"@id\":\"https:\\\/\\\/smartfp.cz\\\/de\\\/#\\\/schema\\\/logo\\\/image\\\/\"},\"sameAs\":[\"https:\\\/\\\/www.facebook.com\\\/smartformplatform\",\"https:\\\/\\\/www.instagram.com\\\/smart.fp\\\/\",\"https:\\\/\\\/cz.linkedin.com\\\/company\\\/gappex\",\"https:\\\/\\\/www.youtube.com\\\/@smartfp\"]}]}<\/script>\n<!-- \/ Yoast SEO plugin. -->","yoast_head_json":{"title":"Mobile Anwendungen - SmartFP","description":"Greifen Sie mit unserer mobilen App f\u00fcr iOS und Android jederzeit und \u00fcberall auf Ihre Gesch\u00e4ftsanwendungen zu. Informationen an Ihren Fingerspitzen.","robots":{"index":"index","follow":"follow","max-snippet":"max-snippet:-1","max-image-preview":"max-image-preview:large","max-video-preview":"max-video-preview:-1"},"canonical":"https:\/\/smartfp.cz\/de\/plattform\/warum-smartfp\/mobile-anwendungen\/","og_locale":"de_DE","og_type":"article","og_title":"Mobile Anwendungen - SmartFP","og_description":"Greifen Sie mit unserer mobilen App f\u00fcr iOS und Android jederzeit und \u00fcberall auf Ihre Gesch\u00e4ftsanwendungen zu. Informationen an Ihren Fingerspitzen.","og_url":"https:\/\/smartfp.cz\/de\/plattform\/warum-smartfp\/mobile-anwendungen\/","og_site_name":"SmartFP","article_publisher":"https:\/\/www.facebook.com\/smartformplatform","article_modified_time":"2025-04-30T12:27:12+00:00","og_image":[{"width":682,"height":1024,"url":"https:\/\/smartfp.cz\/wp-content\/uploads\/2024\/05\/iPhone_02-edited-682x1024.png","type":"image\/png"}],"twitter_card":"summary_large_image","schema":{"@context":"https:\/\/schema.org","@graph":[{"@type":"WebPage","@id":"https:\/\/smartfp.cz\/de\/plattform\/warum-smartfp\/mobile-anwendungen\/","url":"https:\/\/smartfp.cz\/de\/plattform\/warum-smartfp\/mobile-anwendungen\/","name":"Mobile Anwendungen - SmartFP","isPartOf":{"@id":"https:\/\/smartfp.cz\/de\/#website"},"primaryImageOfPage":{"@id":"https:\/\/smartfp.cz\/de\/plattform\/warum-smartfp\/mobile-anwendungen\/#primaryimage"},"image":{"@id":"https:\/\/smartfp.cz\/de\/plattform\/warum-smartfp\/mobile-anwendungen\/#primaryimage"},"thumbnailUrl":"https:\/\/smartfp.cz\/wp-content\/uploads\/2024\/05\/iPhone_02-edited-682x1024.png","datePublished":"2024-06-01T14:58:46+00:00","dateModified":"2025-04-30T12:27:12+00:00","description":"Greifen Sie mit unserer mobilen App f\u00fcr iOS und Android jederzeit und \u00fcberall auf Ihre Gesch\u00e4ftsanwendungen zu. Informationen an Ihren Fingerspitzen.","breadcrumb":{"@id":"https:\/\/smartfp.cz\/de\/plattform\/warum-smartfp\/mobile-anwendungen\/#breadcrumb"},"inLanguage":"de","potentialAction":[{"@type":"ReadAction","target":["https:\/\/smartfp.cz\/de\/plattform\/warum-smartfp\/mobile-anwendungen\/"]}]},{"@type":"ImageObject","inLanguage":"de","@id":"https:\/\/smartfp.cz\/de\/plattform\/warum-smartfp\/mobile-anwendungen\/#primaryimage","url":"https:\/\/smartfp.cz\/wp-content\/uploads\/2024\/05\/iPhone_02-edited-682x1024.png","contentUrl":"https:\/\/smartfp.cz\/wp-content\/uploads\/2024\/05\/iPhone_02-edited-682x1024.png"},{"@type":"BreadcrumbList","@id":"https:\/\/smartfp.cz\/de\/plattform\/warum-smartfp\/mobile-anwendungen\/#breadcrumb","itemListElement":[{"@type":"ListItem","position":1,"name":"Dom\u016f","item":"https:\/\/smartfp.cz\/de\/"},{"@type":"ListItem","position":2,"name":"Plattform","item":"https:\/\/smartfp.cz\/de\/plattform\/"},{"@type":"ListItem","position":3,"name":"Warum SmartFP","item":"https:\/\/smartfp.cz\/de\/plattform\/warum-smartfp\/"},{"@type":"ListItem","position":4,"name":"Mobile Anwendungen"}]},{"@type":"WebSite","@id":"https:\/\/smartfp.cz\/de\/#website","url":"https:\/\/smartfp.cz\/de\/","name":"SmartFP","description":"Firemn\u00ed aplikace a integrace","publisher":{"@id":"https:\/\/smartfp.cz\/de\/#organization"},"potentialAction":[{"@type":"SearchAction","target":{"@type":"EntryPoint","urlTemplate":"https:\/\/smartfp.cz\/de\/?s={search_term_string}"},"query-input":{"@type":"PropertyValueSpecification","valueRequired":true,"valueName":"search_term_string"}}],"inLanguage":"de"},{"@type":"Organization","@id":"https:\/\/smartfp.cz\/de\/#organization","name":"Gappex s.r.o.","alternateName":"SmartFP","url":"https:\/\/smartfp.cz\/de\/","logo":{"@type":"ImageObject","inLanguage":"de","@id":"https:\/\/smartfp.cz\/de\/#\/schema\/logo\/image\/","url":"https:\/\/smartfp.cz\/wp-content\/uploads\/2024\/05\/SFP-long-color-1.svg","contentUrl":"https:\/\/smartfp.cz\/wp-content\/uploads\/2024\/05\/SFP-long-color-1.svg","width":100,"height":100,"caption":"Gappex s.r.o."},"image":{"@id":"https:\/\/smartfp.cz\/de\/#\/schema\/logo\/image\/"},"sameAs":["https:\/\/www.facebook.com\/smartformplatform","https:\/\/www.instagram.com\/smart.fp\/","https:\/\/cz.linkedin.com\/company\/gappex","https:\/\/www.youtube.com\/@smartfp"]}]}},"_links":{"self":[{"href":"https:\/\/smartfp.cz\/de\/wp-json\/wp\/v2\/pages\/5849","targetHints":{"allow":["GET"]}}],"collection":[{"href":"https:\/\/smartfp.cz\/de\/wp-json\/wp\/v2\/pages"}],"about":[{"href":"https:\/\/smartfp.cz\/de\/wp-json\/wp\/v2\/types\/page"}],"author":[{"embeddable":true,"href":"https:\/\/smartfp.cz\/de\/wp-json\/wp\/v2\/users\/4"}],"replies":[{"embeddable":true,"href":"https:\/\/smartfp.cz\/de\/wp-json\/wp\/v2\/comments?post=5849"}],"version-history":[{"count":1,"href":"https:\/\/smartfp.cz\/de\/wp-json\/wp\/v2\/pages\/5849\/revisions"}],"predecessor-version":[{"id":5851,"href":"https:\/\/smartfp.cz\/de\/wp-json\/wp\/v2\/pages\/5849\/revisions\/5851"}],"up":[{"embeddable":true,"href":"https:\/\/smartfp.cz\/de\/wp-json\/wp\/v2\/pages\/5879"}],"wp:attachment":[{"href":"https:\/\/smartfp.cz\/de\/wp-json\/wp\/v2\/media?parent=5849"}],"curies":[{"name":"wp","href":"https:\/\/api.w.org\/{rel}","templated":true}]}}