{"id":5846,"date":"2024-06-01T17:01:19","date_gmt":"2024-06-01T15:01:19","guid":{"rendered":"https:\/\/smartfp.cz\/repraesentation\/"},"modified":"2025-04-30T14:27:14","modified_gmt":"2025-04-30T12:27:14","slug":"repraesentation","status":"publish","type":"page","link":"https:\/\/smartfp.cz\/de\/plattform\/warum-smartfp\/repraesentation\/","title":{"rendered":"Repr\u00e4sentation"},"content":{"rendered":"\n<p class=\"has-medium-font-size\"><\/p>\n\n<div class=\"wp-block-media-text alignwide is-stacked-on-mobile is-vertically-aligned-center\" style=\"grid-template-columns:29% auto\"><figure class=\"wp-block-media-text__media\"><img decoding=\"async\" src=\"https:\/\/smartfp.cz\/wp-content\/uploads\/2024\/06\/hr.svg\" alt=\"\" class=\"wp-image-1767 size-full\"\/><\/figure><div class=\"wp-block-media-text__content\"><h1 class=\"wp-block-heading has-primary-color has-text-color\" style=\"font-size:clamp(20px, 1.25rem + ((1vw - 3.2px) * 1.224), 32px);\" id=\"repraesentation\"><strong>Repr\u00e4sentation<\/strong><\/h1>\n\n\n<div class=\"wp-block-group has-global-padding is-layout-constrained wp-block-group-is-layout-constrained\">\n<p class=\"has-medium-font-size\">Eine effektive L\u00f6sung f\u00fcr die Verwaltung der Verf\u00fcgbarkeit von Mitarbeitern in deren Abwesenheit. Die Vertretbarkeit ist eine der begehrten Funktionen von SmartFP. Die M\u00f6glichkeit, Ihr Unternehmen auch dann reibungslos am Laufen zu halten, wenn bestimmte Mitarbeiter im Urlaub oder langfristig krank sind, ist von unsch\u00e4tzbarem Wert. In SmartFP k\u00f6nnen Sie ganz einfach einem anderen Mitarbeiter Rechte zuweisen, der dann alle wichtigen Aufgaben \u00fcbernehmen kann.   <\/p>\n<\/div>\n<\/div><\/div>\n\n<div class=\"wp-block-media-text alignwide has-media-on-the-right is-stacked-on-mobile is-vertically-aligned-center\" style=\"grid-template-columns:auto 29%\"><div class=\"wp-block-media-text__content\"><h1 class=\"wp-block-heading has-primary-color has-text-color\" style=\"font-size:clamp(20px, 1.25rem + ((1vw - 3.2px) * 1.224), 32px);\" id=\"wie-funktioniert-die-substituierbarkeit-auf-der-smartfpplattform\"><strong>Wie funktioniert die Substituierbarkeit auf der SmartFP-Plattform?<\/strong><\/h1>\n\n\n<div class=\"wp-block-group has-global-padding is-layout-constrained wp-block-group-is-layout-constrained\">\n<p class=\"has-medium-font-size\">Ein Benutzer mit Administratorrechten legt einfach die Rechte f\u00fcr die Person fest, die ihn vertritt, entweder f\u00fcr das gesamte System oder nur f\u00fcr ausgew\u00e4hlte Abschnitte. Die ausgew\u00e4hlte Person kann dann Aufgaben l\u00f6sen und die Abschnitte einsehen, die ihr vor\u00fcbergehend zugewiesen wurden. Alternativ richtet der betreffende Mitarbeiter, der seine Abwesenheit plant, seine vor\u00fcbergehende Vertretung selbst f\u00fcr einen bestimmten Zeitraum ein.  <\/p>\n<\/div>\n<\/div><figure class=\"wp-block-media-text__media\"><img decoding=\"async\" src=\"https:\/\/smartfp.cz\/wp-content\/uploads\/2024\/06\/zobrazuje-dv-osoby-kter-pracuj-v-etn-m-odd-l.svg\" alt=\"\" class=\"wp-image-1647 size-full\"\/><\/figure><\/div>\n<h2 class=\"wp-block-heading\" id=\"\"><\/h2>\n<div class=\"wp-block-media-text alignwide is-stacked-on-mobile is-vertically-aligned-center\" style=\"grid-template-columns:29% auto\"><figure class=\"wp-block-media-text__media\"><img decoding=\"async\" src=\"https:\/\/smartfp.cz\/wp-content\/uploads\/2024\/06\/zobrazuje-dv-osoby-kter-pracuj-v-etn-m-odd-l.svg\" alt=\"\" class=\"wp-image-1647 size-full\"\/><\/figure><div class=\"wp-block-media-text__content\"><h1 class=\"wp-block-heading has-primary-color has-text-color\" style=\"font-size:clamp(20px, 1.25rem + ((1vw - 3.2px) * 1.224), 32px);\" id=\"vorteile-der-vertretung\"><strong>Vorteile der Vertretung<\/strong><\/h1>\n\n\n<div class=\"wp-block-group has-global-padding is-layout-constrained wp-block-group-is-layout-constrained\">\n<ul class=\"wp-block-list\">\n<li class=\"has-medium-font-size\"><strong>Kontinuierlicher Betrieb<\/strong> &#8211; gew\u00e4hrleistet kontinuierliche Arbeit und Betrieb auch bei Abwesenheit von Mitarbeitern<\/li>\n\n\n\n<li class=\"has-medium-font-size\"><strong>Flexibilit\u00e4t<\/strong> &#8211; einfache Verwaltung und Umverteilung von Aufgaben unter den Mitarbeitern je nach aktuellem Bedarf<\/li>\n\n\n\n<li class=\"has-medium-font-size\"><strong>Steigern Sie die Produktivit\u00e4t<\/strong> &#8211; minimieren Sie Ausfallzeiten und nutzen Sie die Arbeitszeit effizient.<\/li>\n\n\n\n<li class=\"has-medium-font-size\"><strong>Sicherheit<\/strong> &#8211; Zugriffsrechte k\u00f6nnen genau f\u00fcr bestimmte Bereiche festgelegt und jederzeit ge\u00e4ndert werden, um die Datensicherheit zu gew\u00e4hrleisten.<\/li>\n<\/ul>\n<\/div>\n<\/div><\/div>\n","protected":false},"excerpt":{"rendered":"<p>Erm\u00f6glicht es Benutzern der Plattform, einen Vertreter f\u00fcr ihre Abwesenheit auszuw\u00e4hlen. Die Genehmigung kann dann fortgesetzt werden, auch wenn der Mitarbeiter l\u00e4nger im Urlaub ist. <\/p>\n","protected":false},"author":4,"featured_media":0,"parent":5879,"menu_order":5,"comment_status":"closed","ping_status":"closed","template":"","meta":{"_eb_attr":"","inline_featured_image":false,"_eb_data_table":"","footnotes":""},"class_list":["post-5846","page","type-page","status-publish","hentry"],"yoast_head":"<!-- This site is optimized with the Yoast SEO plugin v27.4 - https:\/\/yoast.com\/product\/yoast-seo-wordpress\/ -->\n<title>Repr\u00e4sentation - SmartFP<\/title>\n<meta name=\"description\" content=\"Erm\u00f6glicht es Benutzern der Plattform, einen Vertreter f\u00fcr ihre Abwesenheit auszuw\u00e4hlen. Die Genehmigung kann dann fortgesetzt werden, auch wenn der Mitarbeiter l\u00e4nger im Urlaub ist.\" \/>\n<meta name=\"robots\" content=\"index, follow, max-snippet:-1, max-image-preview:large, max-video-preview:-1\" \/>\n<link rel=\"canonical\" href=\"https:\/\/smartfp.cz\/de\/plattform\/warum-smartfp\/repraesentation\/\" \/>\n<meta property=\"og:locale\" content=\"de_DE\" \/>\n<meta property=\"og:type\" content=\"article\" \/>\n<meta property=\"og:title\" content=\"Repr\u00e4sentation - SmartFP\" \/>\n<meta property=\"og:description\" content=\"Erm\u00f6glicht es Benutzern der Plattform, einen Vertreter f\u00fcr ihre Abwesenheit auszuw\u00e4hlen. Die Genehmigung kann dann fortgesetzt werden, auch wenn der Mitarbeiter l\u00e4nger im Urlaub ist.\" \/>\n<meta property=\"og:url\" content=\"https:\/\/smartfp.cz\/de\/plattform\/warum-smartfp\/repraesentation\/\" \/>\n<meta property=\"og:site_name\" content=\"SmartFP\" \/>\n<meta property=\"article:publisher\" content=\"https:\/\/www.facebook.com\/smartformplatform\" \/>\n<meta property=\"article:modified_time\" content=\"2025-04-30T12:27:14+00:00\" \/>\n<meta name=\"twitter:card\" content=\"summary_large_image\" \/>\n<script type=\"application\/ld+json\" class=\"yoast-schema-graph\">{\"@context\":\"https:\\\/\\\/schema.org\",\"@graph\":[{\"@type\":\"WebPage\",\"@id\":\"https:\\\/\\\/smartfp.cz\\\/de\\\/plattform\\\/warum-smartfp\\\/repraesentation\\\/\",\"url\":\"https:\\\/\\\/smartfp.cz\\\/de\\\/plattform\\\/warum-smartfp\\\/repraesentation\\\/\",\"name\":\"Repr\u00e4sentation - SmartFP\",\"isPartOf\":{\"@id\":\"https:\\\/\\\/smartfp.cz\\\/de\\\/#website\"},\"primaryImageOfPage\":{\"@id\":\"https:\\\/\\\/smartfp.cz\\\/de\\\/plattform\\\/warum-smartfp\\\/repraesentation\\\/#primaryimage\"},\"image\":{\"@id\":\"https:\\\/\\\/smartfp.cz\\\/de\\\/plattform\\\/warum-smartfp\\\/repraesentation\\\/#primaryimage\"},\"thumbnailUrl\":\"https:\\\/\\\/smartfp.cz\\\/wp-content\\\/uploads\\\/2024\\\/06\\\/hr.svg\",\"datePublished\":\"2024-06-01T15:01:19+00:00\",\"dateModified\":\"2025-04-30T12:27:14+00:00\",\"description\":\"Erm\u00f6glicht es Benutzern der Plattform, einen Vertreter f\u00fcr ihre Abwesenheit auszuw\u00e4hlen. Die Genehmigung kann dann fortgesetzt werden, auch wenn der Mitarbeiter l\u00e4nger im Urlaub ist.\",\"breadcrumb\":{\"@id\":\"https:\\\/\\\/smartfp.cz\\\/de\\\/plattform\\\/warum-smartfp\\\/repraesentation\\\/#breadcrumb\"},\"inLanguage\":\"de\",\"potentialAction\":[{\"@type\":\"ReadAction\",\"target\":[\"https:\\\/\\\/smartfp.cz\\\/de\\\/plattform\\\/warum-smartfp\\\/repraesentation\\\/\"]}]},{\"@type\":\"ImageObject\",\"inLanguage\":\"de\",\"@id\":\"https:\\\/\\\/smartfp.cz\\\/de\\\/plattform\\\/warum-smartfp\\\/repraesentation\\\/#primaryimage\",\"url\":\"https:\\\/\\\/smartfp.cz\\\/wp-content\\\/uploads\\\/2024\\\/06\\\/hr.svg\",\"contentUrl\":\"https:\\\/\\\/smartfp.cz\\\/wp-content\\\/uploads\\\/2024\\\/06\\\/hr.svg\"},{\"@type\":\"BreadcrumbList\",\"@id\":\"https:\\\/\\\/smartfp.cz\\\/de\\\/plattform\\\/warum-smartfp\\\/repraesentation\\\/#breadcrumb\",\"itemListElement\":[{\"@type\":\"ListItem\",\"position\":1,\"name\":\"Dom\u016f\",\"item\":\"https:\\\/\\\/smartfp.cz\\\/de\\\/\"},{\"@type\":\"ListItem\",\"position\":2,\"name\":\"Plattform\",\"item\":\"https:\\\/\\\/smartfp.cz\\\/de\\\/plattform\\\/\"},{\"@type\":\"ListItem\",\"position\":3,\"name\":\"Warum SmartFP\",\"item\":\"https:\\\/\\\/smartfp.cz\\\/de\\\/plattform\\\/warum-smartfp\\\/\"},{\"@type\":\"ListItem\",\"position\":4,\"name\":\"Repr\u00e4sentation\"}]},{\"@type\":\"WebSite\",\"@id\":\"https:\\\/\\\/smartfp.cz\\\/de\\\/#website\",\"url\":\"https:\\\/\\\/smartfp.cz\\\/de\\\/\",\"name\":\"SmartFP\",\"description\":\"Firemn\u00ed aplikace a integrace\",\"publisher\":{\"@id\":\"https:\\\/\\\/smartfp.cz\\\/de\\\/#organization\"},\"potentialAction\":[{\"@type\":\"SearchAction\",\"target\":{\"@type\":\"EntryPoint\",\"urlTemplate\":\"https:\\\/\\\/smartfp.cz\\\/de\\\/?s={search_term_string}\"},\"query-input\":{\"@type\":\"PropertyValueSpecification\",\"valueRequired\":true,\"valueName\":\"search_term_string\"}}],\"inLanguage\":\"de\"},{\"@type\":\"Organization\",\"@id\":\"https:\\\/\\\/smartfp.cz\\\/de\\\/#organization\",\"name\":\"Gappex s.r.o.\",\"alternateName\":\"SmartFP\",\"url\":\"https:\\\/\\\/smartfp.cz\\\/de\\\/\",\"logo\":{\"@type\":\"ImageObject\",\"inLanguage\":\"de\",\"@id\":\"https:\\\/\\\/smartfp.cz\\\/de\\\/#\\\/schema\\\/logo\\\/image\\\/\",\"url\":\"https:\\\/\\\/smartfp.cz\\\/wp-content\\\/uploads\\\/2024\\\/05\\\/SFP-long-color-1.svg\",\"contentUrl\":\"https:\\\/\\\/smartfp.cz\\\/wp-content\\\/uploads\\\/2024\\\/05\\\/SFP-long-color-1.svg\",\"width\":100,\"height\":100,\"caption\":\"Gappex s.r.o.\"},\"image\":{\"@id\":\"https:\\\/\\\/smartfp.cz\\\/de\\\/#\\\/schema\\\/logo\\\/image\\\/\"},\"sameAs\":[\"https:\\\/\\\/www.facebook.com\\\/smartformplatform\",\"https:\\\/\\\/www.instagram.com\\\/smart.fp\\\/\",\"https:\\\/\\\/cz.linkedin.com\\\/company\\\/gappex\",\"https:\\\/\\\/www.youtube.com\\\/@smartfp\"]}]}<\/script>\n<!-- \/ Yoast SEO plugin. -->","yoast_head_json":{"title":"Repr\u00e4sentation - SmartFP","description":"Erm\u00f6glicht es Benutzern der Plattform, einen Vertreter f\u00fcr ihre Abwesenheit auszuw\u00e4hlen. Die Genehmigung kann dann fortgesetzt werden, auch wenn der Mitarbeiter l\u00e4nger im Urlaub ist.","robots":{"index":"index","follow":"follow","max-snippet":"max-snippet:-1","max-image-preview":"max-image-preview:large","max-video-preview":"max-video-preview:-1"},"canonical":"https:\/\/smartfp.cz\/de\/plattform\/warum-smartfp\/repraesentation\/","og_locale":"de_DE","og_type":"article","og_title":"Repr\u00e4sentation - SmartFP","og_description":"Erm\u00f6glicht es Benutzern der Plattform, einen Vertreter f\u00fcr ihre Abwesenheit auszuw\u00e4hlen. Die Genehmigung kann dann fortgesetzt werden, auch wenn der Mitarbeiter l\u00e4nger im Urlaub ist.","og_url":"https:\/\/smartfp.cz\/de\/plattform\/warum-smartfp\/repraesentation\/","og_site_name":"SmartFP","article_publisher":"https:\/\/www.facebook.com\/smartformplatform","article_modified_time":"2025-04-30T12:27:14+00:00","twitter_card":"summary_large_image","schema":{"@context":"https:\/\/schema.org","@graph":[{"@type":"WebPage","@id":"https:\/\/smartfp.cz\/de\/plattform\/warum-smartfp\/repraesentation\/","url":"https:\/\/smartfp.cz\/de\/plattform\/warum-smartfp\/repraesentation\/","name":"Repr\u00e4sentation - SmartFP","isPartOf":{"@id":"https:\/\/smartfp.cz\/de\/#website"},"primaryImageOfPage":{"@id":"https:\/\/smartfp.cz\/de\/plattform\/warum-smartfp\/repraesentation\/#primaryimage"},"image":{"@id":"https:\/\/smartfp.cz\/de\/plattform\/warum-smartfp\/repraesentation\/#primaryimage"},"thumbnailUrl":"https:\/\/smartfp.cz\/wp-content\/uploads\/2024\/06\/hr.svg","datePublished":"2024-06-01T15:01:19+00:00","dateModified":"2025-04-30T12:27:14+00:00","description":"Erm\u00f6glicht es Benutzern der Plattform, einen Vertreter f\u00fcr ihre Abwesenheit auszuw\u00e4hlen. Die Genehmigung kann dann fortgesetzt werden, auch wenn der Mitarbeiter l\u00e4nger im Urlaub ist.","breadcrumb":{"@id":"https:\/\/smartfp.cz\/de\/plattform\/warum-smartfp\/repraesentation\/#breadcrumb"},"inLanguage":"de","potentialAction":[{"@type":"ReadAction","target":["https:\/\/smartfp.cz\/de\/plattform\/warum-smartfp\/repraesentation\/"]}]},{"@type":"ImageObject","inLanguage":"de","@id":"https:\/\/smartfp.cz\/de\/plattform\/warum-smartfp\/repraesentation\/#primaryimage","url":"https:\/\/smartfp.cz\/wp-content\/uploads\/2024\/06\/hr.svg","contentUrl":"https:\/\/smartfp.cz\/wp-content\/uploads\/2024\/06\/hr.svg"},{"@type":"BreadcrumbList","@id":"https:\/\/smartfp.cz\/de\/plattform\/warum-smartfp\/repraesentation\/#breadcrumb","itemListElement":[{"@type":"ListItem","position":1,"name":"Dom\u016f","item":"https:\/\/smartfp.cz\/de\/"},{"@type":"ListItem","position":2,"name":"Plattform","item":"https:\/\/smartfp.cz\/de\/plattform\/"},{"@type":"ListItem","position":3,"name":"Warum SmartFP","item":"https:\/\/smartfp.cz\/de\/plattform\/warum-smartfp\/"},{"@type":"ListItem","position":4,"name":"Repr\u00e4sentation"}]},{"@type":"WebSite","@id":"https:\/\/smartfp.cz\/de\/#website","url":"https:\/\/smartfp.cz\/de\/","name":"SmartFP","description":"Firemn\u00ed aplikace a integrace","publisher":{"@id":"https:\/\/smartfp.cz\/de\/#organization"},"potentialAction":[{"@type":"SearchAction","target":{"@type":"EntryPoint","urlTemplate":"https:\/\/smartfp.cz\/de\/?s={search_term_string}"},"query-input":{"@type":"PropertyValueSpecification","valueRequired":true,"valueName":"search_term_string"}}],"inLanguage":"de"},{"@type":"Organization","@id":"https:\/\/smartfp.cz\/de\/#organization","name":"Gappex s.r.o.","alternateName":"SmartFP","url":"https:\/\/smartfp.cz\/de\/","logo":{"@type":"ImageObject","inLanguage":"de","@id":"https:\/\/smartfp.cz\/de\/#\/schema\/logo\/image\/","url":"https:\/\/smartfp.cz\/wp-content\/uploads\/2024\/05\/SFP-long-color-1.svg","contentUrl":"https:\/\/smartfp.cz\/wp-content\/uploads\/2024\/05\/SFP-long-color-1.svg","width":100,"height":100,"caption":"Gappex s.r.o."},"image":{"@id":"https:\/\/smartfp.cz\/de\/#\/schema\/logo\/image\/"},"sameAs":["https:\/\/www.facebook.com\/smartformplatform","https:\/\/www.instagram.com\/smart.fp\/","https:\/\/cz.linkedin.com\/company\/gappex","https:\/\/www.youtube.com\/@smartfp"]}]}},"_links":{"self":[{"href":"https:\/\/smartfp.cz\/de\/wp-json\/wp\/v2\/pages\/5846","targetHints":{"allow":["GET"]}}],"collection":[{"href":"https:\/\/smartfp.cz\/de\/wp-json\/wp\/v2\/pages"}],"about":[{"href":"https:\/\/smartfp.cz\/de\/wp-json\/wp\/v2\/types\/page"}],"author":[{"embeddable":true,"href":"https:\/\/smartfp.cz\/de\/wp-json\/wp\/v2\/users\/4"}],"replies":[{"embeddable":true,"href":"https:\/\/smartfp.cz\/de\/wp-json\/wp\/v2\/comments?post=5846"}],"version-history":[{"count":1,"href":"https:\/\/smartfp.cz\/de\/wp-json\/wp\/v2\/pages\/5846\/revisions"}],"predecessor-version":[{"id":5848,"href":"https:\/\/smartfp.cz\/de\/wp-json\/wp\/v2\/pages\/5846\/revisions\/5848"}],"up":[{"embeddable":true,"href":"https:\/\/smartfp.cz\/de\/wp-json\/wp\/v2\/pages\/5879"}],"wp:attachment":[{"href":"https:\/\/smartfp.cz\/de\/wp-json\/wp\/v2\/media?parent=5846"}],"curies":[{"name":"wp","href":"https:\/\/api.w.org\/{rel}","templated":true}]}}