{"id":5841,"date":"2024-06-01T17:02:39","date_gmt":"2024-06-01T15:02:39","guid":{"rendered":"https:\/\/smartfp.cz\/integration\/"},"modified":"2026-03-04T08:34:31","modified_gmt":"2026-03-04T07:34:31","slug":"integration","status":"publish","type":"page","link":"https:\/\/smartfp.cz\/de\/plattform\/warum-smartfp\/integration\/","title":{"rendered":"Integration"},"content":{"rendered":"\n<div class=\"wp-block-group is-layout-flow wp-block-group-is-layout-flow\" style=\"margin-top:0;margin-bottom:0;padding-top:0;padding-bottom:0\">\n<div class=\"wp-block-group has-global-padding is-layout-constrained wp-container-core-group-is-layout-8e8a6b4a wp-block-group-is-layout-constrained\" style=\"padding-top:0;padding-right:0;padding-bottom:var(--wp--preset--spacing--40);padding-left:0\">\n<div class=\"wp-block-group is-vertical is-content-justification-center is-layout-flex wp-container-core-group-is-layout-3f0c86c7 wp-block-group-is-layout-flex\" style=\"padding-bottom:15px\">\n<div class=\"wp-block-group has-custom-sfp-light-blue-color has-custom-sfp-light-grey-25-background-color has-text-color has-background has-small-font-size is-nowrap is-layout-flex wp-container-core-group-is-layout-e390da1d wp-block-group-is-layout-flex\" style=\"border-radius:5px;padding-top:6px;padding-right:12px;padding-bottom:6px;padding-left:12px\">\n<p>  Integration<\/p>\n<\/div>\n<\/div>\n\n\n<h2 class=\"wp-block-heading has-text-align-center\" id=\"smartfp-kann-mit-den-am-haeufigsten-verwendeten-loesungen-auf-dem-markt-verbunden-werden\"><strong><strong>SmartFP kann mit den <mark style=\"background-color:rgba(0, 0, 0, 0)\" class=\"has-inline-color has-custom-sfp-light-orange-color\">am h\u00e4ufigsten verwendeten L\u00f6sungen auf dem Markt<\/mark> verbunden werden<\/strong><\/strong><\/h2>\n\n\n<div class=\"wp-block-group has-custom-sfp-dark-grey-color has-text-color has-link-color has-medium-font-size wp-elements-c9891b4003c282c401410a7054f7f9a3 has-global-padding is-layout-constrained wp-container-core-group-is-layout-ac8db00b wp-block-group-is-layout-constrained\" style=\"margin-top:0;margin-bottom:0;padding-top:15px\">\n<p class=\"has-text-align-center\">Entdecken Sie Integrationen mit den am h\u00e4ufigsten verwendeten L\u00f6sungen auf dem Markt, die von der SmartFP-Plattform angeboten werden.<\/p>\n<\/div>\n<\/div>\n\n\n\n<div class=\"wp-block-group has-global-padding is-layout-constrained wp-block-group-is-layout-constrained\" style=\"padding-top:0;padding-bottom:var(--wp--preset--spacing--40)\">\n<div class=\"wp-block-lcb-logo-carousel alcb__2fa6681d\"><div dir=\"ltr\" class=\"alcb__carousel_container swiper\" data-desktop=\"5\" data-tablet=\"2\" data-mobile=\"1\" data-autoplay=\"true\" data-autoplaydelay=\"2000\" data-autoplaydirection=\"false\" data-speed=\"400\" data-loop=\"true\" data-pauseonhover=\"true\" data-keyboard=\"false\" data-mousewheel=\"false\" data-autoheight=\"false\" data-deskspace=\"1\" data-tabspace=\"20\" data-phonespace=\"10\" data-id=\"alcb__2fa6681d\" data-pagination=\"false\" data-navigation=\"false\" id=\"alcb__2fa6681d\"><div class=\"swiper-wrapper\"><div class=\"swiper-slide alcb__logo-item\" style=\"border: 0 solid #333333;border-radius:0px\"><div class=\"alcb__logo-image alcb__none\"><img decoding=\"async\" src=\"https:\/\/smartfp.cz\/wp-content\/uploads\/2025\/02\/36.png\" alt=\"\" id=\"6469\"><\/div><\/div><div class=\"swiper-slide alcb__logo-item\" style=\"border: 0 solid #333333;border-radius:0px\"><div class=\"alcb__logo-image alcb__none\"><img decoding=\"async\" src=\"https:\/\/smartfp.cz\/wp-content\/uploads\/2025\/02\/Abra.png\" alt=\"\" id=\"6472\"><\/div><\/div><div class=\"swiper-slide alcb__logo-item\" style=\"border: 0 solid #333333;border-radius:0px\"><div class=\"alcb__logo-image alcb__none\"><img decoding=\"async\" src=\"https:\/\/smartfp.cz\/wp-content\/uploads\/2025\/02\/Active-Directory.png\" alt=\"\" id=\"6475\"><\/div><\/div><div class=\"swiper-slide alcb__logo-item\" style=\"border: 0 solid #333333;border-radius:0px\"><div class=\"alcb__logo-image alcb__none\"><img decoding=\"async\" src=\"https:\/\/smartfp.cz\/wp-content\/uploads\/2025\/02\/BankID.png\" alt=\"\" id=\"6478\"><\/div><\/div><div class=\"swiper-slide alcb__logo-item\" style=\"border: 0 solid #333333;border-radius:0px\"><div class=\"alcb__logo-image alcb__none\"><img decoding=\"async\" src=\"https:\/\/smartfp.cz\/wp-content\/uploads\/2025\/02\/comgate.png\" alt=\"\" id=\"6481\"><\/div><\/div><div class=\"swiper-slide alcb__logo-item\" style=\"border: 0 solid #333333;border-radius:0px\"><div class=\"alcb__logo-image alcb__none\"><img decoding=\"async\" src=\"https:\/\/smartfp.cz\/wp-content\/uploads\/2025\/02\/DigiSign.png\" alt=\"\" id=\"6484\"><\/div><\/div><div class=\"swiper-slide alcb__logo-item\" style=\"border: 0 solid #333333;border-radius:0px\"><div class=\"alcb__logo-image alcb__none\"><img decoding=\"async\" src=\"https:\/\/smartfp.cz\/wp-content\/uploads\/2025\/02\/Digitoo.png\" alt=\"\" id=\"6487\"><\/div><\/div><div class=\"swiper-slide alcb__logo-item\" style=\"border: 0 solid #333333;border-radius:0px\"><div class=\"alcb__logo-image alcb__none\"><img decoding=\"async\" src=\"https:\/\/smartfp.cz\/wp-content\/uploads\/2025\/02\/DS.png\" alt=\"\" id=\"6490\"><\/div><\/div><div class=\"swiper-slide alcb__logo-item\" style=\"border: 0 solid #333333;border-radius:0px\"><div class=\"alcb__logo-image alcb__none\"><img decoding=\"async\" src=\"https:\/\/smartfp.cz\/wp-content\/uploads\/2025\/02\/Dynamics-365.png\" alt=\"\" id=\"6493\"><\/div><\/div><div class=\"swiper-slide alcb__logo-item\" style=\"border: 0 solid #333333;border-radius:0px\"><div class=\"alcb__logo-image alcb__none\"><img decoding=\"async\" src=\"https:\/\/smartfp.cz\/wp-content\/uploads\/2025\/02\/eDoklady.png\" alt=\"\" id=\"6496\"><\/div><\/div><div class=\"swiper-slide alcb__logo-item\" style=\"border: 0 solid #333333;border-radius:0px\"><div class=\"alcb__logo-image alcb__none\"><img decoding=\"async\" src=\"https:\/\/smartfp.cz\/wp-content\/uploads\/2025\/02\/Esigno.png\" alt=\"\" id=\"6499\"><\/div><\/div><div class=\"swiper-slide alcb__logo-item\" style=\"border: 0 solid #333333;border-radius:0px\"><div class=\"alcb__logo-image alcb__none\"><img decoding=\"async\" src=\"https:\/\/smartfp.cz\/wp-content\/uploads\/2025\/02\/Fidoo.png\" alt=\"\" id=\"6502\"><\/div><\/div><div class=\"swiper-slide alcb__logo-item\" style=\"border: 0 solid #333333;border-radius:0px\"><div class=\"alcb__logo-image alcb__none\"><img decoding=\"async\" src=\"https:\/\/smartfp.cz\/wp-content\/uploads\/2025\/02\/Global-Payments.png\" alt=\"\" id=\"6505\"><\/div><\/div><div class=\"swiper-slide alcb__logo-item\" style=\"border: 0 solid #333333;border-radius:0px\"><div class=\"alcb__logo-image alcb__none\"><img decoding=\"async\" src=\"https:\/\/smartfp.cz\/wp-content\/uploads\/2025\/02\/Helios-iNuvio.png\" alt=\"\" id=\"6508\"><\/div><\/div><div class=\"swiper-slide alcb__logo-item\" style=\"border: 0 solid #333333;border-radius:0px\"><div class=\"alcb__logo-image alcb__none\"><img decoding=\"async\" src=\"https:\/\/smartfp.cz\/wp-content\/uploads\/2025\/02\/Helios-Nephrite.png\" alt=\"\" id=\"6511\"><\/div><\/div><div class=\"swiper-slide alcb__logo-item\" style=\"border: 0 solid #333333;border-radius:0px\"><div class=\"alcb__logo-image alcb__none\"><img decoding=\"async\" src=\"https:\/\/smartfp.cz\/wp-content\/uploads\/2025\/02\/Obelisk.png\" alt=\"\" id=\"6514\"><\/div><\/div><div class=\"swiper-slide alcb__logo-item\" style=\"border: 0 solid #333333;border-radius:0px\"><div class=\"alcb__logo-image alcb__none\"><img decoding=\"async\" src=\"https:\/\/smartfp.cz\/wp-content\/uploads\/2025\/02\/Pamica.png\" alt=\"\" id=\"6517\"><\/div><\/div><div class=\"swiper-slide alcb__logo-item\" style=\"border: 0 solid #333333;border-radius:0px\"><div class=\"alcb__logo-image alcb__none\"><img decoding=\"async\" src=\"https:\/\/smartfp.cz\/wp-content\/uploads\/2025\/02\/Pohoda.png\" alt=\"\" id=\"6520\"><\/div><\/div><div class=\"swiper-slide alcb__logo-item\" style=\"border: 0 solid #333333;border-radius:0px\"><div class=\"alcb__logo-image alcb__none\"><img decoding=\"async\" src=\"https:\/\/smartfp.cz\/wp-content\/uploads\/2025\/02\/Rossum.png\" alt=\"\" id=\"6523\"><\/div><\/div><div class=\"swiper-slide alcb__logo-item\" style=\"border: 0 solid #333333;border-radius:0px\"><div class=\"alcb__logo-image alcb__none\"><img decoding=\"async\" src=\"https:\/\/smartfp.cz\/wp-content\/uploads\/2025\/02\/SharePoint.png\" alt=\"\" id=\"6526\"><\/div><\/div><div class=\"swiper-slide alcb__logo-item\" style=\"border: 0 solid #333333;border-radius:0px\"><div class=\"alcb__logo-image alcb__none\"><img decoding=\"async\" src=\"https:\/\/smartfp.cz\/wp-content\/uploads\/2025\/02\/Signi.png\" alt=\"\" id=\"6529\"><\/div><\/div><div class=\"swiper-slide alcb__logo-item\" style=\"border: 0 solid #333333;border-radius:0px\"><div class=\"alcb__logo-image alcb__none\"><img decoding=\"async\" src=\"https:\/\/smartfp.cz\/wp-content\/uploads\/2026\/03\/unnamed-file-scaled.png\" alt=\"\" id=\"11817\"><\/div><\/div><\/div><\/div><\/div>\n<\/div>\n\n\n\n<div class=\"wp-block-query is-layout-flow wp-block-query-is-layout-flow\">\n\n<div class=\"wp-block-query-no-results\">\n\n<p>Wir haben keine Seiten gefunden, die die Kriterien erf\u00fcllen.<\/p>\n\n<\/div><\/div>\n<\/div>\n","protected":false},"excerpt":{"rendered":"<p>Wir verbinden Gesch\u00e4ftsanwendungen mit anderen Systemen und Diensten f\u00fcr eine bessere Zusammenarbeit und Effizienz. Machen Sie nichts unn\u00f6tig zweimal. <\/p>\n","protected":false},"author":4,"featured_media":0,"parent":5879,"menu_order":6,"comment_status":"closed","ping_status":"closed","template":"","meta":{"_eb_attr":"","inline_featured_image":false,"_eb_data_table":"","footnotes":""},"class_list":["post-5841","page","type-page","status-publish","hentry"],"yoast_head":"<!-- This site is optimized with the Yoast SEO plugin v27.5 - https:\/\/yoast.com\/product\/yoast-seo-wordpress\/ -->\n<title>Integration - SmartFP<\/title>\n<meta name=\"description\" content=\"Wir verbinden Gesch\u00e4ftsanwendungen mit anderen Systemen und Diensten f\u00fcr eine bessere Zusammenarbeit und Effizienz. Machen Sie nichts unn\u00f6tig zweimal.\" \/>\n<meta name=\"robots\" content=\"index, follow, max-snippet:-1, max-image-preview:large, max-video-preview:-1\" \/>\n<link rel=\"canonical\" href=\"https:\/\/smartfp.cz\/de\/plattform\/warum-smartfp\/integration\/\" \/>\n<meta property=\"og:locale\" content=\"de_DE\" \/>\n<meta property=\"og:type\" content=\"article\" \/>\n<meta property=\"og:title\" content=\"Integration - SmartFP\" \/>\n<meta property=\"og:description\" content=\"Wir verbinden Gesch\u00e4ftsanwendungen mit anderen Systemen und Diensten f\u00fcr eine bessere Zusammenarbeit und Effizienz. Machen Sie nichts unn\u00f6tig zweimal.\" \/>\n<meta property=\"og:url\" content=\"https:\/\/smartfp.cz\/de\/plattform\/warum-smartfp\/integration\/\" \/>\n<meta property=\"og:site_name\" content=\"SmartFP\" \/>\n<meta property=\"article:publisher\" content=\"https:\/\/www.facebook.com\/smartformplatform\" \/>\n<meta property=\"article:modified_time\" content=\"2026-03-04T07:34:31+00:00\" \/>\n<meta property=\"og:image\" content=\"https:\/\/smartfp.cz\/wp-content\/uploads\/2025\/02\/36.png\" \/>\n<meta name=\"twitter:card\" content=\"summary_large_image\" \/>\n<script type=\"application\/ld+json\" class=\"yoast-schema-graph\">{\"@context\":\"https:\\\/\\\/schema.org\",\"@graph\":[{\"@type\":\"WebPage\",\"@id\":\"https:\\\/\\\/smartfp.cz\\\/de\\\/plattform\\\/warum-smartfp\\\/integration\\\/\",\"url\":\"https:\\\/\\\/smartfp.cz\\\/de\\\/plattform\\\/warum-smartfp\\\/integration\\\/\",\"name\":\"Integration - SmartFP\",\"isPartOf\":{\"@id\":\"https:\\\/\\\/smartfp.cz\\\/de\\\/#website\"},\"primaryImageOfPage\":{\"@id\":\"https:\\\/\\\/smartfp.cz\\\/de\\\/plattform\\\/warum-smartfp\\\/integration\\\/#primaryimage\"},\"image\":{\"@id\":\"https:\\\/\\\/smartfp.cz\\\/de\\\/plattform\\\/warum-smartfp\\\/integration\\\/#primaryimage\"},\"thumbnailUrl\":\"https:\\\/\\\/smartfp.cz\\\/wp-content\\\/uploads\\\/2025\\\/02\\\/36.png\",\"datePublished\":\"2024-06-01T15:02:39+00:00\",\"dateModified\":\"2026-03-04T07:34:31+00:00\",\"description\":\"Wir verbinden Gesch\u00e4ftsanwendungen mit anderen Systemen und Diensten f\u00fcr eine bessere Zusammenarbeit und Effizienz. Machen Sie nichts unn\u00f6tig zweimal.\",\"breadcrumb\":{\"@id\":\"https:\\\/\\\/smartfp.cz\\\/de\\\/plattform\\\/warum-smartfp\\\/integration\\\/#breadcrumb\"},\"inLanguage\":\"de\",\"potentialAction\":[{\"@type\":\"ReadAction\",\"target\":[\"https:\\\/\\\/smartfp.cz\\\/de\\\/plattform\\\/warum-smartfp\\\/integration\\\/\"]}]},{\"@type\":\"ImageObject\",\"inLanguage\":\"de\",\"@id\":\"https:\\\/\\\/smartfp.cz\\\/de\\\/plattform\\\/warum-smartfp\\\/integration\\\/#primaryimage\",\"url\":\"https:\\\/\\\/smartfp.cz\\\/wp-content\\\/uploads\\\/2025\\\/02\\\/36.png\",\"contentUrl\":\"https:\\\/\\\/smartfp.cz\\\/wp-content\\\/uploads\\\/2025\\\/02\\\/36.png\"},{\"@type\":\"BreadcrumbList\",\"@id\":\"https:\\\/\\\/smartfp.cz\\\/de\\\/plattform\\\/warum-smartfp\\\/integration\\\/#breadcrumb\",\"itemListElement\":[{\"@type\":\"ListItem\",\"position\":1,\"name\":\"Dom\u016f\",\"item\":\"https:\\\/\\\/smartfp.cz\\\/de\\\/\"},{\"@type\":\"ListItem\",\"position\":2,\"name\":\"Plattform\",\"item\":\"https:\\\/\\\/smartfp.cz\\\/de\\\/plattform\\\/\"},{\"@type\":\"ListItem\",\"position\":3,\"name\":\"Warum SmartFP\",\"item\":\"https:\\\/\\\/smartfp.cz\\\/de\\\/plattform\\\/warum-smartfp\\\/\"},{\"@type\":\"ListItem\",\"position\":4,\"name\":\"Integration\"}]},{\"@type\":\"WebSite\",\"@id\":\"https:\\\/\\\/smartfp.cz\\\/de\\\/#website\",\"url\":\"https:\\\/\\\/smartfp.cz\\\/de\\\/\",\"name\":\"SmartFP\",\"description\":\"Firemn\u00ed aplikace a integrace\",\"publisher\":{\"@id\":\"https:\\\/\\\/smartfp.cz\\\/de\\\/#organization\"},\"potentialAction\":[{\"@type\":\"SearchAction\",\"target\":{\"@type\":\"EntryPoint\",\"urlTemplate\":\"https:\\\/\\\/smartfp.cz\\\/de\\\/?s={search_term_string}\"},\"query-input\":{\"@type\":\"PropertyValueSpecification\",\"valueRequired\":true,\"valueName\":\"search_term_string\"}}],\"inLanguage\":\"de\"},{\"@type\":\"Organization\",\"@id\":\"https:\\\/\\\/smartfp.cz\\\/de\\\/#organization\",\"name\":\"Gappex s.r.o.\",\"alternateName\":\"SmartFP\",\"url\":\"https:\\\/\\\/smartfp.cz\\\/de\\\/\",\"logo\":{\"@type\":\"ImageObject\",\"inLanguage\":\"de\",\"@id\":\"https:\\\/\\\/smartfp.cz\\\/de\\\/#\\\/schema\\\/logo\\\/image\\\/\",\"url\":\"https:\\\/\\\/smartfp.cz\\\/wp-content\\\/uploads\\\/2024\\\/05\\\/SFP-long-color-1.svg\",\"contentUrl\":\"https:\\\/\\\/smartfp.cz\\\/wp-content\\\/uploads\\\/2024\\\/05\\\/SFP-long-color-1.svg\",\"width\":100,\"height\":100,\"caption\":\"Gappex s.r.o.\"},\"image\":{\"@id\":\"https:\\\/\\\/smartfp.cz\\\/de\\\/#\\\/schema\\\/logo\\\/image\\\/\"},\"sameAs\":[\"https:\\\/\\\/www.facebook.com\\\/smartformplatform\",\"https:\\\/\\\/www.instagram.com\\\/smart.fp\\\/\",\"https:\\\/\\\/cz.linkedin.com\\\/company\\\/gappex\",\"https:\\\/\\\/www.youtube.com\\\/@smartfp\"]}]}<\/script>\n<!-- \/ Yoast SEO plugin. -->","yoast_head_json":{"title":"Integration - SmartFP","description":"Wir verbinden Gesch\u00e4ftsanwendungen mit anderen Systemen und Diensten f\u00fcr eine bessere Zusammenarbeit und Effizienz. Machen Sie nichts unn\u00f6tig zweimal.","robots":{"index":"index","follow":"follow","max-snippet":"max-snippet:-1","max-image-preview":"max-image-preview:large","max-video-preview":"max-video-preview:-1"},"canonical":"https:\/\/smartfp.cz\/de\/plattform\/warum-smartfp\/integration\/","og_locale":"de_DE","og_type":"article","og_title":"Integration - SmartFP","og_description":"Wir verbinden Gesch\u00e4ftsanwendungen mit anderen Systemen und Diensten f\u00fcr eine bessere Zusammenarbeit und Effizienz. Machen Sie nichts unn\u00f6tig zweimal.","og_url":"https:\/\/smartfp.cz\/de\/plattform\/warum-smartfp\/integration\/","og_site_name":"SmartFP","article_publisher":"https:\/\/www.facebook.com\/smartformplatform","article_modified_time":"2026-03-04T07:34:31+00:00","og_image":[{"url":"https:\/\/smartfp.cz\/wp-content\/uploads\/2025\/02\/36.png","type":"","width":"","height":""}],"twitter_card":"summary_large_image","schema":{"@context":"https:\/\/schema.org","@graph":[{"@type":"WebPage","@id":"https:\/\/smartfp.cz\/de\/plattform\/warum-smartfp\/integration\/","url":"https:\/\/smartfp.cz\/de\/plattform\/warum-smartfp\/integration\/","name":"Integration - SmartFP","isPartOf":{"@id":"https:\/\/smartfp.cz\/de\/#website"},"primaryImageOfPage":{"@id":"https:\/\/smartfp.cz\/de\/plattform\/warum-smartfp\/integration\/#primaryimage"},"image":{"@id":"https:\/\/smartfp.cz\/de\/plattform\/warum-smartfp\/integration\/#primaryimage"},"thumbnailUrl":"https:\/\/smartfp.cz\/wp-content\/uploads\/2025\/02\/36.png","datePublished":"2024-06-01T15:02:39+00:00","dateModified":"2026-03-04T07:34:31+00:00","description":"Wir verbinden Gesch\u00e4ftsanwendungen mit anderen Systemen und Diensten f\u00fcr eine bessere Zusammenarbeit und Effizienz. Machen Sie nichts unn\u00f6tig zweimal.","breadcrumb":{"@id":"https:\/\/smartfp.cz\/de\/plattform\/warum-smartfp\/integration\/#breadcrumb"},"inLanguage":"de","potentialAction":[{"@type":"ReadAction","target":["https:\/\/smartfp.cz\/de\/plattform\/warum-smartfp\/integration\/"]}]},{"@type":"ImageObject","inLanguage":"de","@id":"https:\/\/smartfp.cz\/de\/plattform\/warum-smartfp\/integration\/#primaryimage","url":"https:\/\/smartfp.cz\/wp-content\/uploads\/2025\/02\/36.png","contentUrl":"https:\/\/smartfp.cz\/wp-content\/uploads\/2025\/02\/36.png"},{"@type":"BreadcrumbList","@id":"https:\/\/smartfp.cz\/de\/plattform\/warum-smartfp\/integration\/#breadcrumb","itemListElement":[{"@type":"ListItem","position":1,"name":"Dom\u016f","item":"https:\/\/smartfp.cz\/de\/"},{"@type":"ListItem","position":2,"name":"Plattform","item":"https:\/\/smartfp.cz\/de\/plattform\/"},{"@type":"ListItem","position":3,"name":"Warum SmartFP","item":"https:\/\/smartfp.cz\/de\/plattform\/warum-smartfp\/"},{"@type":"ListItem","position":4,"name":"Integration"}]},{"@type":"WebSite","@id":"https:\/\/smartfp.cz\/de\/#website","url":"https:\/\/smartfp.cz\/de\/","name":"SmartFP","description":"Firemn\u00ed aplikace a integrace","publisher":{"@id":"https:\/\/smartfp.cz\/de\/#organization"},"potentialAction":[{"@type":"SearchAction","target":{"@type":"EntryPoint","urlTemplate":"https:\/\/smartfp.cz\/de\/?s={search_term_string}"},"query-input":{"@type":"PropertyValueSpecification","valueRequired":true,"valueName":"search_term_string"}}],"inLanguage":"de"},{"@type":"Organization","@id":"https:\/\/smartfp.cz\/de\/#organization","name":"Gappex s.r.o.","alternateName":"SmartFP","url":"https:\/\/smartfp.cz\/de\/","logo":{"@type":"ImageObject","inLanguage":"de","@id":"https:\/\/smartfp.cz\/de\/#\/schema\/logo\/image\/","url":"https:\/\/smartfp.cz\/wp-content\/uploads\/2024\/05\/SFP-long-color-1.svg","contentUrl":"https:\/\/smartfp.cz\/wp-content\/uploads\/2024\/05\/SFP-long-color-1.svg","width":100,"height":100,"caption":"Gappex s.r.o."},"image":{"@id":"https:\/\/smartfp.cz\/de\/#\/schema\/logo\/image\/"},"sameAs":["https:\/\/www.facebook.com\/smartformplatform","https:\/\/www.instagram.com\/smart.fp\/","https:\/\/cz.linkedin.com\/company\/gappex","https:\/\/www.youtube.com\/@smartfp"]}]}},"_links":{"self":[{"href":"https:\/\/smartfp.cz\/de\/wp-json\/wp\/v2\/pages\/5841","targetHints":{"allow":["GET"]}}],"collection":[{"href":"https:\/\/smartfp.cz\/de\/wp-json\/wp\/v2\/pages"}],"about":[{"href":"https:\/\/smartfp.cz\/de\/wp-json\/wp\/v2\/types\/page"}],"author":[{"embeddable":true,"href":"https:\/\/smartfp.cz\/de\/wp-json\/wp\/v2\/users\/4"}],"replies":[{"embeddable":true,"href":"https:\/\/smartfp.cz\/de\/wp-json\/wp\/v2\/comments?post=5841"}],"version-history":[{"count":3,"href":"https:\/\/smartfp.cz\/de\/wp-json\/wp\/v2\/pages\/5841\/revisions"}],"predecessor-version":[{"id":11820,"href":"https:\/\/smartfp.cz\/de\/wp-json\/wp\/v2\/pages\/5841\/revisions\/11820"}],"up":[{"embeddable":true,"href":"https:\/\/smartfp.cz\/de\/wp-json\/wp\/v2\/pages\/5879"}],"wp:attachment":[{"href":"https:\/\/smartfp.cz\/de\/wp-json\/wp\/v2\/media?parent=5841"}],"curies":[{"name":"wp","href":"https:\/\/api.w.org\/{rel}","templated":true}]}}