{"id":5833,"date":"2024-06-01T17:04:49","date_gmt":"2024-06-01T15:04:49","guid":{"rendered":"https:\/\/smartfp.cz\/andere-funktionalitaeten\/"},"modified":"2025-01-27T12:42:50","modified_gmt":"2025-01-27T11:42:50","slug":"andere-funktionalitaeten","status":"publish","type":"page","link":"https:\/\/smartfp.cz\/de\/plattform\/warum-smartfp\/andere-funktionalitaeten\/","title":{"rendered":"Andere Funktionalit\u00e4ten"},"content":{"rendered":"<h2 class=\"wp-block-heading has-large-font-size\" id=\"arbeiten-sie-mit-qrcodes\"><strong>Arbeiten Sie mit QR-Codes<\/strong><\/h2>\n<div class=\"wp-block-group has-global-padding is-layout-constrained wp-container-core-group-is-layout-7c193758 wp-block-group-is-layout-constrained\" style=\"padding-top:15px;padding-bottom:var(--wp--preset--spacing--30)\">\n<p class=\"has-medium-font-size\">QR-Codes sind ein hilfreiches Werkzeug bei der Arbeit im <a href=\"https:\/\/smartfp.cz\/dostupna-reseni\/detail\/crm\" target=\"_blank\" rel=\"noreferrer noopener\">CRM<\/a>, insbesondere bei der Arbeit mit Kontakten. Nicht nur Telefonnummern, sondern ganze Kontakte, die in SmartFP gespeichert sind, k\u00f6nnen per QR-Code auf Ihr Telefon \u00fcbertragen werden. Vermeiden Sie das Abschreiben von Telefonnummern und scannen Sie einfach.  <\/p>\n\n\n\n<p class=\"has-medium-font-size\">Sehen Sie sich im CRM-Modul die Liste der Kontakte an. In dieser Ansicht befindet sich neben jedem Kontakt ein kleines QR-Code-Symbol. Klicken Sie einfach darauf und verwenden Sie den QR-Code, um die gespeicherten Kontakte ganz einfach auf Ihr Telefon zu \u00fcbertragen.  <\/p>\n<\/div>\n<h2 class=\"wp-block-heading has-large-font-size\" id=\"pdfvorschau-direkt-in-der-listenansicht\"><strong>PDF-Vorschau direkt in der Listenansicht<\/strong><\/h2>\n<div class=\"wp-block-group has-global-padding is-layout-constrained wp-container-core-group-is-layout-7c193758 wp-block-group-is-layout-constrained\" style=\"padding-top:15px;padding-bottom:var(--wp--preset--spacing--30)\">\n<p class=\"has-medium-font-size\">Sie k\u00f6nnen jetzt eine Vorschau der angeh\u00e4ngten PDF-Dateien direkt in der Liste der Artikel und Ereignisse anzeigen.  <\/p>\n\n\n\n<p class=\"has-medium-font-size\">Derzeit klicken Sie auf das Symbol f\u00fcr den PDF-Anhang in der Liste und sehen sofort eine Vorschau. Diese Funktion erspart Ihnen das Klicken von Fenster zu Fenster, um Elemente bis ins kleinste Detail zu vergr\u00f6\u00dfern. <\/p>\n<\/div>\n<h2 class=\"wp-block-heading has-large-font-size\" id=\"webdav\"><strong>WebDAV<\/strong><\/h2>\n<div class=\"wp-block-group has-global-padding is-layout-constrained wp-container-core-group-is-layout-7c193758 wp-block-group-is-layout-constrained\" style=\"padding-top:15px;padding-bottom:var(--wp--preset--spacing--30)\">\n<p class=\"has-medium-font-size\">In SmartFP ist WebDAV ein integriertes Tool, mit dem Benutzer MS Office-Dokumente, die auf dem Server gespeichert sind, auf sichere Weise direkt von ihren eigenen Ger\u00e4ten aus bearbeiten k\u00f6nnen.<\/p>\n\n\n\n<p class=\"has-medium-font-size\">Dieses Protokoll erweitert die Standard-HTTP-Funktionen und bietet Unterst\u00fctzung f\u00fcr die Zusammenarbeit im Team und die Versionskontrolle von Dateien. In SmartFP erm\u00f6glicht WebDAV den Zugriff auf Dokumente, als ob sie lokal gespeichert w\u00e4ren, was die Arbeit mit Unternehmensdokumenten vereinfacht und die gemeinsame Nutzung und Organisation von Dateien innerhalb eines Unternehmens erleichtert. <\/p>\n<\/div>\n<h2 class=\"wp-block-heading has-large-font-size\" id=\"berichte\"><strong>Berichte<\/strong><\/h2>\n<div class=\"wp-block-group has-global-padding is-layout-constrained wp-container-core-group-is-layout-7c193758 wp-block-group-is-layout-constrained\" style=\"padding-top:15px;padding-bottom:var(--wp--preset--spacing--30)\">\n<p class=\"has-medium-font-size\">Die Berichtsvorlagen werden direkt vom SmartFP-Team erstellt und sind auf die spezifischen Bed\u00fcrfnisse der Benutzer abgestimmt. Jede Vorlage wurde sorgf\u00e4ltig erstellt, um mit den verschiedenen im System verf\u00fcgbaren Datentypen zu arbeiten. Die Benutzer k\u00f6nnen diese Vorlagen dann ganz einfach verwenden, um ihre eigenen Berichte zu erstellen, ohne dass technische Fachkenntnisse oder zus\u00e4tzliche Konfigurationen erforderlich sind.  <\/p>\n<\/div>\n\n<p><\/p>\n","protected":false},"excerpt":{"rendered":"<p>Alle anderen Funktionen der SmartFP-Plattform. Finden Sie heraus, warum SmartFP die beste Wahl f\u00fcr Ihr Unternehmen ist.   <\/p>\n","protected":false},"author":4,"featured_media":0,"parent":5879,"menu_order":11,"comment_status":"closed","ping_status":"closed","template":"","meta":{"_eb_attr":"","inline_featured_image":false,"_eb_data_table":"","footnotes":""},"class_list":["post-5833","page","type-page","status-publish","hentry"],"yoast_head":"<!-- This site is optimized with the Yoast SEO plugin v27.6 - https:\/\/yoast.com\/product\/yoast-seo-wordpress\/ -->\n<title>Andere Funktionalit\u00e4ten - SmartFP<\/title>\n<meta name=\"description\" content=\"Alle anderen Funktionen der SmartFP-Plattform. Finden Sie heraus, warum SmartFP die beste Wahl f\u00fcr Ihr Unternehmen ist.\" \/>\n<meta name=\"robots\" content=\"index, follow, max-snippet:-1, max-image-preview:large, max-video-preview:-1\" \/>\n<link rel=\"canonical\" href=\"https:\/\/smartfp.cz\/de\/plattform\/warum-smartfp\/andere-funktionalitaeten\/\" \/>\n<meta property=\"og:locale\" content=\"de_DE\" \/>\n<meta property=\"og:type\" content=\"article\" \/>\n<meta property=\"og:title\" content=\"Andere Funktionalit\u00e4ten - SmartFP\" \/>\n<meta property=\"og:description\" content=\"Alle anderen Funktionen der SmartFP-Plattform. Finden Sie heraus, warum SmartFP die beste Wahl f\u00fcr Ihr Unternehmen ist.\" \/>\n<meta property=\"og:url\" content=\"https:\/\/smartfp.cz\/de\/plattform\/warum-smartfp\/andere-funktionalitaeten\/\" \/>\n<meta property=\"og:site_name\" content=\"SmartFP\" \/>\n<meta property=\"article:publisher\" content=\"https:\/\/www.facebook.com\/smartformplatform\" \/>\n<meta property=\"article:modified_time\" content=\"2025-01-27T11:42:50+00:00\" \/>\n<meta name=\"twitter:card\" content=\"summary_large_image\" \/>\n<script type=\"application\/ld+json\" class=\"yoast-schema-graph\">{\"@context\":\"https:\\\/\\\/schema.org\",\"@graph\":[{\"@type\":\"WebPage\",\"@id\":\"https:\\\/\\\/smartfp.cz\\\/de\\\/plattform\\\/warum-smartfp\\\/andere-funktionalitaeten\\\/\",\"url\":\"https:\\\/\\\/smartfp.cz\\\/de\\\/plattform\\\/warum-smartfp\\\/andere-funktionalitaeten\\\/\",\"name\":\"Andere Funktionalit\u00e4ten - SmartFP\",\"isPartOf\":{\"@id\":\"https:\\\/\\\/smartfp.cz\\\/de\\\/#website\"},\"datePublished\":\"2024-06-01T15:04:49+00:00\",\"dateModified\":\"2025-01-27T11:42:50+00:00\",\"description\":\"Alle anderen Funktionen der SmartFP-Plattform. Finden Sie heraus, warum SmartFP die beste Wahl f\u00fcr Ihr Unternehmen ist.\",\"breadcrumb\":{\"@id\":\"https:\\\/\\\/smartfp.cz\\\/de\\\/plattform\\\/warum-smartfp\\\/andere-funktionalitaeten\\\/#breadcrumb\"},\"inLanguage\":\"de\",\"potentialAction\":[{\"@type\":\"ReadAction\",\"target\":[\"https:\\\/\\\/smartfp.cz\\\/de\\\/plattform\\\/warum-smartfp\\\/andere-funktionalitaeten\\\/\"]}]},{\"@type\":\"BreadcrumbList\",\"@id\":\"https:\\\/\\\/smartfp.cz\\\/de\\\/plattform\\\/warum-smartfp\\\/andere-funktionalitaeten\\\/#breadcrumb\",\"itemListElement\":[{\"@type\":\"ListItem\",\"position\":1,\"name\":\"Dom\u016f\",\"item\":\"https:\\\/\\\/smartfp.cz\\\/de\\\/\"},{\"@type\":\"ListItem\",\"position\":2,\"name\":\"Warum SmartFP\",\"item\":\"https:\\\/\\\/smartfp.cz\\\/de\\\/plattform\\\/warum-smartfp\\\/\"},{\"@type\":\"ListItem\",\"position\":3,\"name\":\"Andere Funktionalit\u00e4ten\"}]},{\"@type\":\"WebSite\",\"@id\":\"https:\\\/\\\/smartfp.cz\\\/de\\\/#website\",\"url\":\"https:\\\/\\\/smartfp.cz\\\/de\\\/\",\"name\":\"SmartFP\",\"description\":\"Firemn\u00ed aplikace a integrace\",\"publisher\":{\"@id\":\"https:\\\/\\\/smartfp.cz\\\/de\\\/#organization\"},\"potentialAction\":[{\"@type\":\"SearchAction\",\"target\":{\"@type\":\"EntryPoint\",\"urlTemplate\":\"https:\\\/\\\/smartfp.cz\\\/de\\\/?s={search_term_string}\"},\"query-input\":{\"@type\":\"PropertyValueSpecification\",\"valueRequired\":true,\"valueName\":\"search_term_string\"}}],\"inLanguage\":\"de\"},{\"@type\":\"Organization\",\"@id\":\"https:\\\/\\\/smartfp.cz\\\/de\\\/#organization\",\"name\":\"Gappex s.r.o.\",\"alternateName\":\"SmartFP\",\"url\":\"https:\\\/\\\/smartfp.cz\\\/de\\\/\",\"logo\":{\"@type\":\"ImageObject\",\"inLanguage\":\"de\",\"@id\":\"https:\\\/\\\/smartfp.cz\\\/de\\\/#\\\/schema\\\/logo\\\/image\\\/\",\"url\":\"https:\\\/\\\/smartfp.cz\\\/wp-content\\\/uploads\\\/2024\\\/05\\\/SFP-long-color-1.svg\",\"contentUrl\":\"https:\\\/\\\/smartfp.cz\\\/wp-content\\\/uploads\\\/2024\\\/05\\\/SFP-long-color-1.svg\",\"width\":100,\"height\":100,\"caption\":\"Gappex s.r.o.\"},\"image\":{\"@id\":\"https:\\\/\\\/smartfp.cz\\\/de\\\/#\\\/schema\\\/logo\\\/image\\\/\"},\"sameAs\":[\"https:\\\/\\\/www.facebook.com\\\/smartformplatform\",\"https:\\\/\\\/www.instagram.com\\\/smart.fp\\\/\",\"https:\\\/\\\/cz.linkedin.com\\\/company\\\/gappex\",\"https:\\\/\\\/www.youtube.com\\\/@smartfp\"]}]}<\/script>\n<!-- \/ Yoast SEO plugin. -->","yoast_head_json":{"title":"Andere Funktionalit\u00e4ten - SmartFP","description":"Alle anderen Funktionen der SmartFP-Plattform. Finden Sie heraus, warum SmartFP die beste Wahl f\u00fcr Ihr Unternehmen ist.","robots":{"index":"index","follow":"follow","max-snippet":"max-snippet:-1","max-image-preview":"max-image-preview:large","max-video-preview":"max-video-preview:-1"},"canonical":"https:\/\/smartfp.cz\/de\/plattform\/warum-smartfp\/andere-funktionalitaeten\/","og_locale":"de_DE","og_type":"article","og_title":"Andere Funktionalit\u00e4ten - SmartFP","og_description":"Alle anderen Funktionen der SmartFP-Plattform. Finden Sie heraus, warum SmartFP die beste Wahl f\u00fcr Ihr Unternehmen ist.","og_url":"https:\/\/smartfp.cz\/de\/plattform\/warum-smartfp\/andere-funktionalitaeten\/","og_site_name":"SmartFP","article_publisher":"https:\/\/www.facebook.com\/smartformplatform","article_modified_time":"2025-01-27T11:42:50+00:00","twitter_card":"summary_large_image","schema":{"@context":"https:\/\/schema.org","@graph":[{"@type":"WebPage","@id":"https:\/\/smartfp.cz\/de\/plattform\/warum-smartfp\/andere-funktionalitaeten\/","url":"https:\/\/smartfp.cz\/de\/plattform\/warum-smartfp\/andere-funktionalitaeten\/","name":"Andere Funktionalit\u00e4ten - SmartFP","isPartOf":{"@id":"https:\/\/smartfp.cz\/de\/#website"},"datePublished":"2024-06-01T15:04:49+00:00","dateModified":"2025-01-27T11:42:50+00:00","description":"Alle anderen Funktionen der SmartFP-Plattform. Finden Sie heraus, warum SmartFP die beste Wahl f\u00fcr Ihr Unternehmen ist.","breadcrumb":{"@id":"https:\/\/smartfp.cz\/de\/plattform\/warum-smartfp\/andere-funktionalitaeten\/#breadcrumb"},"inLanguage":"de","potentialAction":[{"@type":"ReadAction","target":["https:\/\/smartfp.cz\/de\/plattform\/warum-smartfp\/andere-funktionalitaeten\/"]}]},{"@type":"BreadcrumbList","@id":"https:\/\/smartfp.cz\/de\/plattform\/warum-smartfp\/andere-funktionalitaeten\/#breadcrumb","itemListElement":[{"@type":"ListItem","position":1,"name":"Dom\u016f","item":"https:\/\/smartfp.cz\/de\/"},{"@type":"ListItem","position":2,"name":"Warum SmartFP","item":"https:\/\/smartfp.cz\/de\/plattform\/warum-smartfp\/"},{"@type":"ListItem","position":3,"name":"Andere Funktionalit\u00e4ten"}]},{"@type":"WebSite","@id":"https:\/\/smartfp.cz\/de\/#website","url":"https:\/\/smartfp.cz\/de\/","name":"SmartFP","description":"Firemn\u00ed aplikace a integrace","publisher":{"@id":"https:\/\/smartfp.cz\/de\/#organization"},"potentialAction":[{"@type":"SearchAction","target":{"@type":"EntryPoint","urlTemplate":"https:\/\/smartfp.cz\/de\/?s={search_term_string}"},"query-input":{"@type":"PropertyValueSpecification","valueRequired":true,"valueName":"search_term_string"}}],"inLanguage":"de"},{"@type":"Organization","@id":"https:\/\/smartfp.cz\/de\/#organization","name":"Gappex s.r.o.","alternateName":"SmartFP","url":"https:\/\/smartfp.cz\/de\/","logo":{"@type":"ImageObject","inLanguage":"de","@id":"https:\/\/smartfp.cz\/de\/#\/schema\/logo\/image\/","url":"https:\/\/smartfp.cz\/wp-content\/uploads\/2024\/05\/SFP-long-color-1.svg","contentUrl":"https:\/\/smartfp.cz\/wp-content\/uploads\/2024\/05\/SFP-long-color-1.svg","width":100,"height":100,"caption":"Gappex s.r.o."},"image":{"@id":"https:\/\/smartfp.cz\/de\/#\/schema\/logo\/image\/"},"sameAs":["https:\/\/www.facebook.com\/smartformplatform","https:\/\/www.instagram.com\/smart.fp\/","https:\/\/cz.linkedin.com\/company\/gappex","https:\/\/www.youtube.com\/@smartfp"]}]}},"_links":{"self":[{"href":"https:\/\/smartfp.cz\/de\/wp-json\/wp\/v2\/pages\/5833","targetHints":{"allow":["GET"]}}],"collection":[{"href":"https:\/\/smartfp.cz\/de\/wp-json\/wp\/v2\/pages"}],"about":[{"href":"https:\/\/smartfp.cz\/de\/wp-json\/wp\/v2\/types\/page"}],"author":[{"embeddable":true,"href":"https:\/\/smartfp.cz\/de\/wp-json\/wp\/v2\/users\/4"}],"replies":[{"embeddable":true,"href":"https:\/\/smartfp.cz\/de\/wp-json\/wp\/v2\/comments?post=5833"}],"version-history":[{"count":1,"href":"https:\/\/smartfp.cz\/de\/wp-json\/wp\/v2\/pages\/5833\/revisions"}],"predecessor-version":[{"id":5835,"href":"https:\/\/smartfp.cz\/de\/wp-json\/wp\/v2\/pages\/5833\/revisions\/5835"}],"up":[{"embeddable":true,"href":"https:\/\/smartfp.cz\/de\/wp-json\/wp\/v2\/pages\/5879"}],"wp:attachment":[{"href":"https:\/\/smartfp.cz\/de\/wp-json\/wp\/v2\/media?parent=5833"}],"curies":[{"name":"wp","href":"https:\/\/api.w.org\/{rel}","templated":true}]}}