{"id":5770,"date":"2024-10-17T17:21:14","date_gmt":"2024-10-17T15:21:14","guid":{"rendered":"https:\/\/smartfp.cz\/marketing-spezialist\/"},"modified":"2025-03-07T15:28:36","modified_gmt":"2025-03-07T14:28:36","slug":"marketing-spezialist","status":"publish","type":"page","link":"https:\/\/smartfp.cz\/de\/plattform\/karriere\/marketing-spezialist\/","title":{"rendered":"Marketing Spezialist"},"content":{"rendered":"\n<div class=\"wp-block-group has-global-padding is-layout-constrained wp-container-core-group-is-layout-da70f3a0 wp-block-group-is-layout-constrained\">\n<p class=\"has-large-font-size\">Wir sind auf der Suche nach einem Marketingmitarbeiter, der f\u00fcr die Erstellung und Verwaltung von Inhalten und die kreative Werbung f\u00fcr das Unternehmen verantwortlich sein wird.<\/p>\n\n\n\n<p class=\"has-medium-font-size\">Der neue Kollege sollte ein Fan von digitalen Medien sein und Spa\u00df an der Erstellung von Inhalten haben. Zu den St\u00e4rken sollten Unabh\u00e4ngigkeit, Organisationstalent und die F\u00e4higkeit geh\u00f6ren, mehrere Aufgaben gleichzeitig zu erledigen.   <\/p>\n\n\n<h2 class=\"wp-block-heading has-secondary-color has-text-color has-link-color has-x-large-font-size wp-elements-173ea07c3e85d2abd6f23dd898f71996\" style=\"padding-top:15px\" id=\"was-koennen-sie-von-uns-erwarten\"><strong>Was k\u00f6nnen Sie von uns erwarten?<\/strong><\/h2>\n\n\n<ul class=\"wp-block-list has-medium-font-size\">\n<li class=\"has-medium-font-size\">Die Anwendungen sind f\u00fcr Kunden aus verschiedenen Branchen und mit unterschiedlichen Schwerpunkten, so dass garantiert keine Langeweile aufkommen wird.<\/li>\n\n\n\n<li class=\"has-medium-font-size\">Sie werden f\u00fcr verschiedene Zielgruppen (HR, Buchhaltung, IT, Management), verschiedene Branchen, f\u00fcr verschiedene Module (Funktionen) des Systems erstellen<\/li>\n\n\n\n<li class=\"has-medium-font-size\">Sie sind ein wichtiges Bindeglied im Marketing, Sie werden Teil einer Gruppe, die klare und gemeinsame Ziele hat &#8211; zu wachsen, best\u00e4ndig zu sein, die Zahl der zufriedenen Kunden zu erh\u00f6hen<\/li>\n<\/ul>\n\n\n<h2 class=\"wp-block-heading has-secondary-color has-text-color has-link-color has-x-large-font-size wp-elements-e948d8dce6cf905cafef5494a13b287e\" style=\"padding-top:15px\" id=\"was-ist-ihr-job\"><strong>Was ist Ihr Job?<\/strong><\/h2>\n\n\n<ul class=\"wp-block-list\">\n<li class=\"has-medium-font-size\">Verwaltung von Unternehmensprofilen in sozialen Netzwerken<\/li>\n\n\n\n<li class=\"has-medium-font-size\">Erstellung und Verwaltung von Newslettern<\/li>\n\n\n\n<li class=\"has-medium-font-size\">Schreiben von Artikeln f\u00fcr unseren Unternehmensblog<\/li>\n\n\n\n<li class=\"has-medium-font-size\">Schmuckinhalte im Internet<\/li>\n\n\n\n<li class=\"has-medium-font-size\">Grafische Bearbeitung von Ausgabedokumenten gem\u00e4\u00df Grafikhandbuch, Vorlagen<\/li>\n\n\n\n<li class=\"has-medium-font-size\">Eventmarketing &#8211; Zusammenarbeit auf Messen, Kundenveranstaltungen<\/li>\n\n\n\n<li class=\"has-medium-font-size\">Erfinden Sie proaktiv neue Wege, um Kunden zu erreichen<\/li>\n<\/ul>\n\n\n<h2 class=\"wp-block-heading has-secondary-color has-text-color has-link-color has-x-large-font-size wp-elements-584ed8214a0e4713a8e69704a4bc0808\" style=\"padding-top:15px\" id=\"was-brauchen-wir-von-ihnen\"><strong>Was brauchen wir von Ihnen?<\/strong><\/h2>\n\n\n<ul class=\"wp-block-list\">\n<li class=\"has-medium-font-size\">Gesp\u00fcr f\u00fcr kundenorientierte Formulierungen (B2B)<\/li>\n\n\n\n<li class=\"has-medium-font-size\">Erfahrung mit Tools wie Canva, WordPress von Vorteil <\/li>\n\n\n\n<li class=\"has-medium-font-size\">Arbeiten mit Vorlagen in Word<\/li>\n\n\n\n<li class=\"has-medium-font-size\">Enthusiasmus f\u00fcr die Digitalisierung<\/li>\n\n\n\n<li class=\"has-medium-font-size\">Organisatorische und kommunikative F\u00e4higkeiten<\/li>\n\n\n\n<li class=\"has-medium-font-size\">Erledigen Sie mehrere Aufgaben auf einmal<\/li>\n\n\n\n<li class=\"has-medium-font-size\">Fr\u00fchere Erfahrungen mit der Erstellung von Inhalten und grundlegendem Grafikdesign sind ein willkommener Bonus.<\/li>\n<\/ul>\n\n\n\n<p class=\"has-medium-font-size\" style=\"padding-top:var(--wp--preset--spacing--30);padding-bottom:0\">Wenn Sie sich zu einer abwechslungsreichen Arbeit hingezogen f\u00fchlen, die einen Sinn hat und einen Mehrwert schafft, dann kommen Sie zu uns! F\u00fcr diese Position bevorzugen wir die Arbeit vom B\u00fcro aus, um optimal zusammenzuarbeiten und zum Erfolg des Unternehmens beizutragen. <\/p>\n\n\n\n<p class=\"has-medium-font-size\" style=\"padding-top:0;padding-bottom:0\">Wenn Sie an der Stelle interessiert sind, <strong>senden Sie bitte Ihren Lebenslauf und Ihr Motivationsschreiben an Romana Petr\u00e1\u0148ov\u00e1<\/strong> <a href=\"mailto:rpetranova@smartfp.cz\">rpetranova@smartfp.cz.<\/a><\/p>\n<\/div>\n","protected":false},"excerpt":{"rendered":"<p>Wir sind auf der Suche nach einem Marketingmitarbeiter, der f\u00fcr die Erstellung und Verwaltung von Inhalten und die kreative Werbung f\u00fcr das Unternehmen verantwortlich sein wird.<\/p>\n","protected":false},"author":4,"featured_media":6448,"parent":5825,"menu_order":0,"comment_status":"closed","ping_status":"closed","template":"","meta":{"_eb_attr":"","inline_featured_image":false,"_eb_data_table":"","footnotes":""},"class_list":["post-5770","page","type-page","status-publish","has-post-thumbnail","hentry"],"yoast_head":"<!-- This site is optimized with the Yoast SEO plugin v27.5 - https:\/\/yoast.com\/product\/yoast-seo-wordpress\/ -->\n<title>Marketing Spezialist - SmartFP<\/title>\n<meta name=\"description\" content=\"Wir sind auf der Suche nach einem Marketingmitarbeiter, der f\u00fcr die Erstellung und Verwaltung von Inhalten und die kreative Werbung f\u00fcr das Unternehmen verantwortlich sein wird.\" \/>\n<meta name=\"robots\" content=\"index, follow, max-snippet:-1, max-image-preview:large, max-video-preview:-1\" \/>\n<link rel=\"canonical\" href=\"https:\/\/smartfp.cz\/de\/plattform\/karriere\/marketing-spezialist\/\" \/>\n<meta property=\"og:locale\" content=\"de_DE\" \/>\n<meta property=\"og:type\" content=\"article\" \/>\n<meta property=\"og:title\" content=\"Marketing Spezialist - SmartFP\" \/>\n<meta property=\"og:description\" content=\"Wir sind auf der Suche nach einem Marketingmitarbeiter, der f\u00fcr die Erstellung und Verwaltung von Inhalten und die kreative Werbung f\u00fcr das Unternehmen verantwortlich sein wird.\" \/>\n<meta property=\"og:url\" content=\"https:\/\/smartfp.cz\/de\/plattform\/karriere\/marketing-spezialist\/\" \/>\n<meta property=\"og:site_name\" content=\"SmartFP\" \/>\n<meta property=\"article:publisher\" content=\"https:\/\/www.facebook.com\/smartformplatform\" \/>\n<meta property=\"article:modified_time\" content=\"2025-03-07T14:28:36+00:00\" \/>\n<meta property=\"og:image\" content=\"https:\/\/smartfp.cz\/wp-content\/uploads\/2025\/02\/mkt-specialista-3-1015x1024.png\" \/>\n\t<meta property=\"og:image:width\" content=\"1015\" \/>\n\t<meta property=\"og:image:height\" content=\"1024\" \/>\n\t<meta property=\"og:image:type\" content=\"image\/png\" \/>\n<meta name=\"twitter:card\" content=\"summary_large_image\" \/>\n<script type=\"application\/ld+json\" class=\"yoast-schema-graph\">{\"@context\":\"https:\\\/\\\/schema.org\",\"@graph\":[{\"@type\":\"WebPage\",\"@id\":\"https:\\\/\\\/smartfp.cz\\\/de\\\/plattform\\\/karriere\\\/marketing-spezialist\\\/\",\"url\":\"https:\\\/\\\/smartfp.cz\\\/de\\\/plattform\\\/karriere\\\/marketing-spezialist\\\/\",\"name\":\"Marketing Spezialist - SmartFP\",\"isPartOf\":{\"@id\":\"https:\\\/\\\/smartfp.cz\\\/de\\\/#website\"},\"primaryImageOfPage\":{\"@id\":\"https:\\\/\\\/smartfp.cz\\\/de\\\/plattform\\\/karriere\\\/marketing-spezialist\\\/#primaryimage\"},\"image\":{\"@id\":\"https:\\\/\\\/smartfp.cz\\\/de\\\/plattform\\\/karriere\\\/marketing-spezialist\\\/#primaryimage\"},\"thumbnailUrl\":\"https:\\\/\\\/smartfp.cz\\\/wp-content\\\/uploads\\\/2025\\\/02\\\/mkt-specialista-3.png\",\"datePublished\":\"2024-10-17T15:21:14+00:00\",\"dateModified\":\"2025-03-07T14:28:36+00:00\",\"description\":\"Wir sind auf der Suche nach einem Marketingmitarbeiter, der f\u00fcr die Erstellung und Verwaltung von Inhalten und die kreative Werbung f\u00fcr das Unternehmen verantwortlich sein wird.\",\"breadcrumb\":{\"@id\":\"https:\\\/\\\/smartfp.cz\\\/de\\\/plattform\\\/karriere\\\/marketing-spezialist\\\/#breadcrumb\"},\"inLanguage\":\"de\",\"potentialAction\":[{\"@type\":\"ReadAction\",\"target\":[\"https:\\\/\\\/smartfp.cz\\\/de\\\/plattform\\\/karriere\\\/marketing-spezialist\\\/\"]}]},{\"@type\":\"ImageObject\",\"inLanguage\":\"de\",\"@id\":\"https:\\\/\\\/smartfp.cz\\\/de\\\/plattform\\\/karriere\\\/marketing-spezialist\\\/#primaryimage\",\"url\":\"https:\\\/\\\/smartfp.cz\\\/wp-content\\\/uploads\\\/2025\\\/02\\\/mkt-specialista-3.png\",\"contentUrl\":\"https:\\\/\\\/smartfp.cz\\\/wp-content\\\/uploads\\\/2025\\\/02\\\/mkt-specialista-3.png\",\"width\":1406,\"height\":1418},{\"@type\":\"BreadcrumbList\",\"@id\":\"https:\\\/\\\/smartfp.cz\\\/de\\\/plattform\\\/karriere\\\/marketing-spezialist\\\/#breadcrumb\",\"itemListElement\":[{\"@type\":\"ListItem\",\"position\":1,\"name\":\"Dom\u016f\",\"item\":\"https:\\\/\\\/smartfp.cz\\\/de\\\/\"},{\"@type\":\"ListItem\",\"position\":2,\"name\":\"Plattform\",\"item\":\"https:\\\/\\\/smartfp.cz\\\/de\\\/plattform\\\/\"},{\"@type\":\"ListItem\",\"position\":3,\"name\":\"Karriere\",\"item\":\"https:\\\/\\\/smartfp.cz\\\/de\\\/plattform\\\/karriere\\\/\"},{\"@type\":\"ListItem\",\"position\":4,\"name\":\"Marketing Spezialist\"}]},{\"@type\":\"WebSite\",\"@id\":\"https:\\\/\\\/smartfp.cz\\\/de\\\/#website\",\"url\":\"https:\\\/\\\/smartfp.cz\\\/de\\\/\",\"name\":\"SmartFP\",\"description\":\"Firemn\u00ed aplikace a integrace\",\"publisher\":{\"@id\":\"https:\\\/\\\/smartfp.cz\\\/de\\\/#organization\"},\"potentialAction\":[{\"@type\":\"SearchAction\",\"target\":{\"@type\":\"EntryPoint\",\"urlTemplate\":\"https:\\\/\\\/smartfp.cz\\\/de\\\/?s={search_term_string}\"},\"query-input\":{\"@type\":\"PropertyValueSpecification\",\"valueRequired\":true,\"valueName\":\"search_term_string\"}}],\"inLanguage\":\"de\"},{\"@type\":\"Organization\",\"@id\":\"https:\\\/\\\/smartfp.cz\\\/de\\\/#organization\",\"name\":\"Gappex s.r.o.\",\"alternateName\":\"SmartFP\",\"url\":\"https:\\\/\\\/smartfp.cz\\\/de\\\/\",\"logo\":{\"@type\":\"ImageObject\",\"inLanguage\":\"de\",\"@id\":\"https:\\\/\\\/smartfp.cz\\\/de\\\/#\\\/schema\\\/logo\\\/image\\\/\",\"url\":\"https:\\\/\\\/smartfp.cz\\\/wp-content\\\/uploads\\\/2024\\\/05\\\/SFP-long-color-1.svg\",\"contentUrl\":\"https:\\\/\\\/smartfp.cz\\\/wp-content\\\/uploads\\\/2024\\\/05\\\/SFP-long-color-1.svg\",\"width\":100,\"height\":100,\"caption\":\"Gappex s.r.o.\"},\"image\":{\"@id\":\"https:\\\/\\\/smartfp.cz\\\/de\\\/#\\\/schema\\\/logo\\\/image\\\/\"},\"sameAs\":[\"https:\\\/\\\/www.facebook.com\\\/smartformplatform\",\"https:\\\/\\\/www.instagram.com\\\/smart.fp\\\/\",\"https:\\\/\\\/cz.linkedin.com\\\/company\\\/gappex\",\"https:\\\/\\\/www.youtube.com\\\/@smartfp\"]}]}<\/script>\n<!-- \/ Yoast SEO plugin. -->","yoast_head_json":{"title":"Marketing Spezialist - SmartFP","description":"Wir sind auf der Suche nach einem Marketingmitarbeiter, der f\u00fcr die Erstellung und Verwaltung von Inhalten und die kreative Werbung f\u00fcr das Unternehmen verantwortlich sein wird.","robots":{"index":"index","follow":"follow","max-snippet":"max-snippet:-1","max-image-preview":"max-image-preview:large","max-video-preview":"max-video-preview:-1"},"canonical":"https:\/\/smartfp.cz\/de\/plattform\/karriere\/marketing-spezialist\/","og_locale":"de_DE","og_type":"article","og_title":"Marketing Spezialist - SmartFP","og_description":"Wir sind auf der Suche nach einem Marketingmitarbeiter, der f\u00fcr die Erstellung und Verwaltung von Inhalten und die kreative Werbung f\u00fcr das Unternehmen verantwortlich sein wird.","og_url":"https:\/\/smartfp.cz\/de\/plattform\/karriere\/marketing-spezialist\/","og_site_name":"SmartFP","article_publisher":"https:\/\/www.facebook.com\/smartformplatform","article_modified_time":"2025-03-07T14:28:36+00:00","og_image":[{"width":1015,"height":1024,"url":"https:\/\/smartfp.cz\/wp-content\/uploads\/2025\/02\/mkt-specialista-3-1015x1024.png","type":"image\/png"}],"twitter_card":"summary_large_image","schema":{"@context":"https:\/\/schema.org","@graph":[{"@type":"WebPage","@id":"https:\/\/smartfp.cz\/de\/plattform\/karriere\/marketing-spezialist\/","url":"https:\/\/smartfp.cz\/de\/plattform\/karriere\/marketing-spezialist\/","name":"Marketing Spezialist - SmartFP","isPartOf":{"@id":"https:\/\/smartfp.cz\/de\/#website"},"primaryImageOfPage":{"@id":"https:\/\/smartfp.cz\/de\/plattform\/karriere\/marketing-spezialist\/#primaryimage"},"image":{"@id":"https:\/\/smartfp.cz\/de\/plattform\/karriere\/marketing-spezialist\/#primaryimage"},"thumbnailUrl":"https:\/\/smartfp.cz\/wp-content\/uploads\/2025\/02\/mkt-specialista-3.png","datePublished":"2024-10-17T15:21:14+00:00","dateModified":"2025-03-07T14:28:36+00:00","description":"Wir sind auf der Suche nach einem Marketingmitarbeiter, der f\u00fcr die Erstellung und Verwaltung von Inhalten und die kreative Werbung f\u00fcr das Unternehmen verantwortlich sein wird.","breadcrumb":{"@id":"https:\/\/smartfp.cz\/de\/plattform\/karriere\/marketing-spezialist\/#breadcrumb"},"inLanguage":"de","potentialAction":[{"@type":"ReadAction","target":["https:\/\/smartfp.cz\/de\/plattform\/karriere\/marketing-spezialist\/"]}]},{"@type":"ImageObject","inLanguage":"de","@id":"https:\/\/smartfp.cz\/de\/plattform\/karriere\/marketing-spezialist\/#primaryimage","url":"https:\/\/smartfp.cz\/wp-content\/uploads\/2025\/02\/mkt-specialista-3.png","contentUrl":"https:\/\/smartfp.cz\/wp-content\/uploads\/2025\/02\/mkt-specialista-3.png","width":1406,"height":1418},{"@type":"BreadcrumbList","@id":"https:\/\/smartfp.cz\/de\/plattform\/karriere\/marketing-spezialist\/#breadcrumb","itemListElement":[{"@type":"ListItem","position":1,"name":"Dom\u016f","item":"https:\/\/smartfp.cz\/de\/"},{"@type":"ListItem","position":2,"name":"Plattform","item":"https:\/\/smartfp.cz\/de\/plattform\/"},{"@type":"ListItem","position":3,"name":"Karriere","item":"https:\/\/smartfp.cz\/de\/plattform\/karriere\/"},{"@type":"ListItem","position":4,"name":"Marketing Spezialist"}]},{"@type":"WebSite","@id":"https:\/\/smartfp.cz\/de\/#website","url":"https:\/\/smartfp.cz\/de\/","name":"SmartFP","description":"Firemn\u00ed aplikace a integrace","publisher":{"@id":"https:\/\/smartfp.cz\/de\/#organization"},"potentialAction":[{"@type":"SearchAction","target":{"@type":"EntryPoint","urlTemplate":"https:\/\/smartfp.cz\/de\/?s={search_term_string}"},"query-input":{"@type":"PropertyValueSpecification","valueRequired":true,"valueName":"search_term_string"}}],"inLanguage":"de"},{"@type":"Organization","@id":"https:\/\/smartfp.cz\/de\/#organization","name":"Gappex s.r.o.","alternateName":"SmartFP","url":"https:\/\/smartfp.cz\/de\/","logo":{"@type":"ImageObject","inLanguage":"de","@id":"https:\/\/smartfp.cz\/de\/#\/schema\/logo\/image\/","url":"https:\/\/smartfp.cz\/wp-content\/uploads\/2024\/05\/SFP-long-color-1.svg","contentUrl":"https:\/\/smartfp.cz\/wp-content\/uploads\/2024\/05\/SFP-long-color-1.svg","width":100,"height":100,"caption":"Gappex s.r.o."},"image":{"@id":"https:\/\/smartfp.cz\/de\/#\/schema\/logo\/image\/"},"sameAs":["https:\/\/www.facebook.com\/smartformplatform","https:\/\/www.instagram.com\/smart.fp\/","https:\/\/cz.linkedin.com\/company\/gappex","https:\/\/www.youtube.com\/@smartfp"]}]}},"_links":{"self":[{"href":"https:\/\/smartfp.cz\/de\/wp-json\/wp\/v2\/pages\/5770","targetHints":{"allow":["GET"]}}],"collection":[{"href":"https:\/\/smartfp.cz\/de\/wp-json\/wp\/v2\/pages"}],"about":[{"href":"https:\/\/smartfp.cz\/de\/wp-json\/wp\/v2\/types\/page"}],"author":[{"embeddable":true,"href":"https:\/\/smartfp.cz\/de\/wp-json\/wp\/v2\/users\/4"}],"replies":[{"embeddable":true,"href":"https:\/\/smartfp.cz\/de\/wp-json\/wp\/v2\/comments?post=5770"}],"version-history":[{"count":1,"href":"https:\/\/smartfp.cz\/de\/wp-json\/wp\/v2\/pages\/5770\/revisions"}],"predecessor-version":[{"id":5773,"href":"https:\/\/smartfp.cz\/de\/wp-json\/wp\/v2\/pages\/5770\/revisions\/5773"}],"up":[{"embeddable":true,"href":"https:\/\/smartfp.cz\/de\/wp-json\/wp\/v2\/pages\/5825"}],"wp:featuredmedia":[{"embeddable":true,"href":"https:\/\/smartfp.cz\/de\/wp-json\/wp\/v2\/media\/6448"}],"wp:attachment":[{"href":"https:\/\/smartfp.cz\/de\/wp-json\/wp\/v2\/media?parent=5770"}],"curies":[{"name":"wp","href":"https:\/\/api.w.org\/{rel}","templated":true}]}}