{"id":5763,"date":"2024-10-17T17:25:36","date_gmt":"2024-10-17T15:25:36","guid":{"rendered":"https:\/\/smartfp.cz\/trader-junior\/"},"modified":"2026-04-07T09:20:53","modified_gmt":"2026-04-07T07:20:53","slug":"trader-junior","status":"publish","type":"page","link":"https:\/\/smartfp.cz\/de\/plattform\/karriere\/trader-junior\/","title":{"rendered":"Verk\u00e4ufer\/Verk\u00e4uferin"},"content":{"rendered":"\n<div class=\"wp-block-group has-global-padding is-layout-constrained wp-container-core-group-is-layout-da70f3a0 wp-block-group-is-layout-constrained\">\n<p class=\"has-large-font-size\">Wir suchen einen Verk\u00e4ufer \/ eine Verk\u00e4uferin f\u00fcr IT-L\u00f6sungen (SmartFP)<\/p>\n\n\n\n<p class=\"has-medium-font-size\">M\u00f6chten Sie eine L\u00f6sung verkaufen, die Ihren Kunden echte Vorteile bietet? Kommen Sie zu uns als Wiederverk\u00e4ufer von SmartFP &#8211; einer propriet\u00e4ren Softwareplattform, die heute von Dutzenden von Unternehmen sowohl in SaaS- als auch in On-Premise-Modellen eingesetzt wird. Sie werden mit einer Kombination aus zugewiesenen Leads und kundenspezifischer Akquisition arbeiten, also weder passives Warten auf Anfragen noch reiner Kaltverkauf. Wir suchen jemanden, der neue M\u00f6glichkeiten er\u00f6ffnet, Kundenbeziehungen aufbaut und Gesch\u00e4fte abschlie\u00dfen kann. Sie beginnen sofort.    <\/p>\n\n\n\n<div style=\"height:30px\" aria-hidden=\"true\" class=\"wp-block-spacer\"><\/div>\n\n\n<h2 class=\"wp-block-heading has-large-font-size\" id=\"1-was-sie-tun-werden\"><strong><mark style=\"background-color:rgba(0, 0, 0, 0)\" class=\"has-inline-color has-custom-sfp-light-orange-color\">1. WAS SIE TUN WERDEN<\/mark><\/strong><\/h2>\n\n\n<ul class=\"wp-block-list\">\n<li class=\"has-medium-font-size\">Arbeiten Sie mit einer Kombination aus zugewiesenen Leads und tats\u00e4chlicher Akquise &#8211; vom ersten Kontakt bis zum Abschluss des Gesch\u00e4fts.<\/li>\n\n\n\n<li class=\"has-medium-font-size\">Kommunizieren Sie mit Vertretern mittlerer und gro\u00dfer Unternehmen aus dem B2B-Sektor in der gesamten Tschechischen Republik.<\/li>\n\n\n\n<li class=\"has-medium-font-size\">Entwickeln Sie Beziehungen zu bestehenden Kunden und suchen Sie nach M\u00f6glichkeiten f\u00fcr eine weitere Zusammenarbeit.<\/li>\n\n\n\n<li class=\"has-medium-font-size\">Suchen Sie aktiv nach neuen Gesch\u00e4ftsm\u00f6glichkeiten.<\/li>\n\n\n\n<li class=\"has-medium-font-size\">F\u00fchren Sie Gesch\u00e4ftsgespr\u00e4che, pr\u00e4sentieren Sie unsere L\u00f6sungen, erstellen Sie Angebote und verhandeln Sie die Gesch\u00e4ftsbedingungen.<\/li>\n\n\n\n<li class=\"has-medium-font-size\">Halten Sie den Gesch\u00e4ftsprozess in Gang &#8211; planen Sie die n\u00e4chsten Schritte, arrangieren Sie Meetings, verfolgen Sie das Geschehen und sorgen Sie daf\u00fcr, dass ein Vertrag oder eine Bestellung unterzeichnet wird.<\/li>\n\n\n\n<li class=\"has-medium-font-size\">Koordinieren Sie die interne Zusammenarbeit und wissen Sie, wann Sie Presales, Bid, Contract oder andere Kollegen einschalten m\u00fcssen.<\/li>\n\n\n\n<li class=\"has-medium-font-size\">Sammeln Sie Feedback vom Markt und navigieren Sie kontinuierlich unser Portfolio und neue Produkte.<\/li>\n<\/ul>\n\n\n\n<div style=\"height:30px\" aria-hidden=\"true\" class=\"wp-block-spacer\"><\/div>\n\n\n<h2 class=\"wp-block-heading has-large-font-size\" id=\"2-was-sie-haben-sollten\"><strong><mark style=\"background-color:rgba(0, 0, 0, 0)\" class=\"has-inline-color has-custom-sfp-light-orange-color\">2. WAS SIE HABEN SOLLTEN<\/mark><\/strong><\/h2>\n\n\n<ul class=\"wp-block-list\">\n<li class=\"has-medium-font-size\">Der Wunsch, mit Menschen zu kommunizieren.<\/li>\n\n\n\n<li class=\"has-medium-font-size\">Die F\u00e4higkeit, die Dinge zu straffen.<\/li>\n\n\n\n<li class=\"has-medium-font-size\">Gute Arbeitsorganisation und die F\u00e4higkeit, ein System in der Werkstatt aufrechtzuerhalten.<\/li>\n\n\n\n<li class=\"has-medium-font-size\">Erfahrung im Management von Gesch\u00e4ftsf\u00e4llen vom ersten Kontakt bis zum Abschluss.<\/li>\n\n\n\n<li class=\"has-medium-font-size\">Die F\u00e4higkeit, Verantwortung f\u00fcr das Ergebnis zu \u00fcbernehmen und das Gesch\u00e4ft am Laufen zu halten.<\/li>\n\n\n\n<li class=\"has-medium-font-size\">Positive Einstellung zu IT-L\u00f6sungen<\/li>\n<\/ul>\n\n\n\n<div style=\"height:30px\" aria-hidden=\"true\" class=\"wp-block-spacer\"><\/div>\n\n\n<h2 class=\"wp-block-heading has-large-font-size\" id=\"3-es-ist-von-vorteil-wenn-sie-ueber\"><strong><mark style=\"background-color:rgba(0, 0, 0, 0)\" class=\"has-inline-color has-custom-sfp-light-orange-color\">3. ES IST VON VORTEIL, WENN SIE \u00dcBER<\/mark><\/strong><\/h2>\n\n\n<ul class=\"wp-block-list\">\n<li class=\"has-medium-font-size\">Erfahrung mit RFPs oder Ausschreibungen.<\/li>\n\n\n\n<li class=\"has-medium-font-size\">Erfahrung im Bereich B2B SaaS oder Unternehmenssoftware.<\/li>\n\n\n\n<li class=\"has-medium-font-size\">Gutes Englisch f\u00fcr die Kommunikation per Telefon und E-Mail.<\/li>\n<\/ul>\n\n\n\n<div style=\"height:30px\" aria-hidden=\"true\" class=\"wp-block-spacer\"><\/div>\n\n\n<h2 class=\"wp-block-heading has-large-font-size\" id=\"4-was-wir-angeboten\"><strong><mark style=\"background-color:rgba(0, 0, 0, 0)\" class=\"has-inline-color has-custom-sfp-light-orange-color\">4. WAS WIR ANGEBOTEN<\/mark><\/strong><\/h2>\n\n\n<p class=\"has-medium-font-size\">Laptop, Telefon, angenehmer Hintergrund in einem modernen B\u00fcro in Prag.<\/p>\n\n\n\n<p class=\"has-medium-font-size\">Ein Unternehmen mit einer modernen Low-Code-Plattform (SaaS\/On-Premise), die den Kunden einen echten Mehrwert bietet und wirtschaftlich sinnvoll ist.<\/p>\n\n\n\n<p class=\"has-medium-font-size\">Ein hohes Ma\u00df an Selbstst\u00e4ndigkeit und Selbstvertrauen bei der Wahrnehmung von Gesch\u00e4ftsm\u00f6glichkeiten.<\/p>\n\n\n\n<p class=\"has-medium-font-size\">Faires, ergebnisabh\u00e4ngiges Verg\u00fctungsmodell (Fixum + Provision ohne Obergrenze).<\/p>\n\n\n\n<p class=\"has-medium-font-size\">Eine flexible Arbeitsweise und eine Umgebung ohne unn\u00f6tige Unternehmensverwaltung.<\/p>\n\n\n\n<div style=\"height:30px\" aria-hidden=\"true\" class=\"wp-block-spacer\"><\/div>\n\n\n<h2 class=\"wp-block-heading has-secondary-color has-text-color has-link-color has-x-large-font-size wp-elements-03fd8f30b1667b42f675458aa9cbd60b\" style=\"padding-top:15px\" id=\"sind-sie-interessiert\"><strong><mark style=\"background-color:rgba(0, 0, 0, 0)\" class=\"has-inline-color has-custom-sfp-light-orange-color\">Sind Sie interessiert?<\/mark><\/strong><\/h2>\n\n\n<p class=\"has-medium-font-size\" style=\"padding-top:var(--wp--preset--spacing--30);padding-bottom:0\">Wenn Sie an der Stelle interessiert sind, <strong>senden Sie bitte Ihren Lebenslauf und Ihr Motivationsschreiben an Romana Petr\u00e1\u0148ov\u00e1<\/strong> <a href=\"mailto:rpetranova@smartfp.cz\">rpetranova@smartfp.cz.<\/a><\/p>\n<\/div>\n\n<p><\/p>\n","protected":false},"excerpt":{"rendered":"<p>Haben Sie eine Leidenschaft f\u00fcr IT und m\u00f6chten Sie eine Karriere in der Wirtschaft anstreben? Wenn Sie zielstrebig und ausdauernd sind und die Kommunikation mit Menschen zu Ihren St\u00e4rken z\u00e4hlt, sollten Sie sich bei uns vorstellen. <\/p>\n","protected":false},"author":4,"featured_media":12383,"parent":5825,"menu_order":0,"comment_status":"closed","ping_status":"closed","template":"","meta":{"_eb_attr":"","inline_featured_image":false,"_eb_data_table":"","footnotes":""},"class_list":["post-5763","page","type-page","status-publish","has-post-thumbnail","hentry"],"yoast_head":"<!-- This site is optimized with the Yoast SEO plugin v27.4 - https:\/\/yoast.com\/product\/yoast-seo-wordpress\/ -->\n<title>Verk\u00e4ufer\/Verk\u00e4uferin - SmartFP<\/title>\n<meta name=\"description\" content=\"Haben Sie eine Leidenschaft f\u00fcr IT und m\u00f6chten Sie eine Karriere in der Wirtschaft anstreben? Wenn Sie zielstrebig und ausdauernd sind und die Kommunikation mit Menschen zu Ihren St\u00e4rken z\u00e4hlt, sollten Sie sich bei uns vorstellen.\" \/>\n<meta name=\"robots\" content=\"index, follow, max-snippet:-1, max-image-preview:large, max-video-preview:-1\" \/>\n<link rel=\"canonical\" href=\"https:\/\/smartfp.cz\/de\/plattform\/karriere\/trader-junior\/\" \/>\n<meta property=\"og:locale\" content=\"de_DE\" \/>\n<meta property=\"og:type\" content=\"article\" \/>\n<meta property=\"og:title\" content=\"Verk\u00e4ufer\/Verk\u00e4uferin - SmartFP\" \/>\n<meta property=\"og:description\" content=\"Haben Sie eine Leidenschaft f\u00fcr IT und m\u00f6chten Sie eine Karriere in der Wirtschaft anstreben? Wenn Sie zielstrebig und ausdauernd sind und die Kommunikation mit Menschen zu Ihren St\u00e4rken z\u00e4hlt, sollten Sie sich bei uns vorstellen.\" \/>\n<meta property=\"og:url\" content=\"https:\/\/smartfp.cz\/de\/plattform\/karriere\/trader-junior\/\" \/>\n<meta property=\"og:site_name\" content=\"SmartFP\" \/>\n<meta property=\"article:publisher\" content=\"https:\/\/www.facebook.com\/smartformplatform\" \/>\n<meta property=\"article:modified_time\" content=\"2026-04-07T07:20:53+00:00\" \/>\n<meta property=\"og:image\" content=\"https:\/\/smartfp.cz\/wp-content\/uploads\/2026\/03\/detaily-v-obrazku-prosim-vytvor-s-barvami-1e88e5-.png\" \/>\n\t<meta property=\"og:image:width\" content=\"1024\" \/>\n\t<meta property=\"og:image:height\" content=\"1024\" \/>\n\t<meta property=\"og:image:type\" content=\"image\/png\" \/>\n<meta name=\"twitter:card\" content=\"summary_large_image\" \/>\n<script type=\"application\/ld+json\" class=\"yoast-schema-graph\">{\"@context\":\"https:\\\/\\\/schema.org\",\"@graph\":[{\"@type\":\"WebPage\",\"@id\":\"https:\\\/\\\/smartfp.cz\\\/de\\\/plattform\\\/karriere\\\/trader-junior\\\/\",\"url\":\"https:\\\/\\\/smartfp.cz\\\/de\\\/plattform\\\/karriere\\\/trader-junior\\\/\",\"name\":\"Verk\u00e4ufer\\\/Verk\u00e4uferin - SmartFP\",\"isPartOf\":{\"@id\":\"https:\\\/\\\/smartfp.cz\\\/de\\\/#website\"},\"primaryImageOfPage\":{\"@id\":\"https:\\\/\\\/smartfp.cz\\\/de\\\/plattform\\\/karriere\\\/trader-junior\\\/#primaryimage\"},\"image\":{\"@id\":\"https:\\\/\\\/smartfp.cz\\\/de\\\/plattform\\\/karriere\\\/trader-junior\\\/#primaryimage\"},\"thumbnailUrl\":\"https:\\\/\\\/smartfp.cz\\\/wp-content\\\/uploads\\\/2026\\\/03\\\/detaily-v-obrazku-prosim-vytvor-s-barvami-1e88e5-.png\",\"datePublished\":\"2024-10-17T15:25:36+00:00\",\"dateModified\":\"2026-04-07T07:20:53+00:00\",\"description\":\"Haben Sie eine Leidenschaft f\u00fcr IT und m\u00f6chten Sie eine Karriere in der Wirtschaft anstreben? Wenn Sie zielstrebig und ausdauernd sind und die Kommunikation mit Menschen zu Ihren St\u00e4rken z\u00e4hlt, sollten Sie sich bei uns vorstellen.\",\"breadcrumb\":{\"@id\":\"https:\\\/\\\/smartfp.cz\\\/de\\\/plattform\\\/karriere\\\/trader-junior\\\/#breadcrumb\"},\"inLanguage\":\"de\",\"potentialAction\":[{\"@type\":\"ReadAction\",\"target\":[\"https:\\\/\\\/smartfp.cz\\\/de\\\/plattform\\\/karriere\\\/trader-junior\\\/\"]}]},{\"@type\":\"ImageObject\",\"inLanguage\":\"de\",\"@id\":\"https:\\\/\\\/smartfp.cz\\\/de\\\/plattform\\\/karriere\\\/trader-junior\\\/#primaryimage\",\"url\":\"https:\\\/\\\/smartfp.cz\\\/wp-content\\\/uploads\\\/2026\\\/03\\\/detaily-v-obrazku-prosim-vytvor-s-barvami-1e88e5-.png\",\"contentUrl\":\"https:\\\/\\\/smartfp.cz\\\/wp-content\\\/uploads\\\/2026\\\/03\\\/detaily-v-obrazku-prosim-vytvor-s-barvami-1e88e5-.png\",\"width\":1024,\"height\":1024},{\"@type\":\"BreadcrumbList\",\"@id\":\"https:\\\/\\\/smartfp.cz\\\/de\\\/plattform\\\/karriere\\\/trader-junior\\\/#breadcrumb\",\"itemListElement\":[{\"@type\":\"ListItem\",\"position\":1,\"name\":\"Dom\u016f\",\"item\":\"https:\\\/\\\/smartfp.cz\\\/de\\\/\"},{\"@type\":\"ListItem\",\"position\":2,\"name\":\"Plattform\",\"item\":\"https:\\\/\\\/smartfp.cz\\\/de\\\/plattform\\\/\"},{\"@type\":\"ListItem\",\"position\":3,\"name\":\"Karriere\",\"item\":\"https:\\\/\\\/smartfp.cz\\\/de\\\/plattform\\\/karriere\\\/\"},{\"@type\":\"ListItem\",\"position\":4,\"name\":\"Verk\u00e4ufer\\\/Verk\u00e4uferin\"}]},{\"@type\":\"WebSite\",\"@id\":\"https:\\\/\\\/smartfp.cz\\\/de\\\/#website\",\"url\":\"https:\\\/\\\/smartfp.cz\\\/de\\\/\",\"name\":\"SmartFP\",\"description\":\"Firemn\u00ed aplikace a integrace\",\"publisher\":{\"@id\":\"https:\\\/\\\/smartfp.cz\\\/de\\\/#organization\"},\"potentialAction\":[{\"@type\":\"SearchAction\",\"target\":{\"@type\":\"EntryPoint\",\"urlTemplate\":\"https:\\\/\\\/smartfp.cz\\\/de\\\/?s={search_term_string}\"},\"query-input\":{\"@type\":\"PropertyValueSpecification\",\"valueRequired\":true,\"valueName\":\"search_term_string\"}}],\"inLanguage\":\"de\"},{\"@type\":\"Organization\",\"@id\":\"https:\\\/\\\/smartfp.cz\\\/de\\\/#organization\",\"name\":\"Gappex s.r.o.\",\"alternateName\":\"SmartFP\",\"url\":\"https:\\\/\\\/smartfp.cz\\\/de\\\/\",\"logo\":{\"@type\":\"ImageObject\",\"inLanguage\":\"de\",\"@id\":\"https:\\\/\\\/smartfp.cz\\\/de\\\/#\\\/schema\\\/logo\\\/image\\\/\",\"url\":\"https:\\\/\\\/smartfp.cz\\\/wp-content\\\/uploads\\\/2024\\\/05\\\/SFP-long-color-1.svg\",\"contentUrl\":\"https:\\\/\\\/smartfp.cz\\\/wp-content\\\/uploads\\\/2024\\\/05\\\/SFP-long-color-1.svg\",\"width\":100,\"height\":100,\"caption\":\"Gappex s.r.o.\"},\"image\":{\"@id\":\"https:\\\/\\\/smartfp.cz\\\/de\\\/#\\\/schema\\\/logo\\\/image\\\/\"},\"sameAs\":[\"https:\\\/\\\/www.facebook.com\\\/smartformplatform\",\"https:\\\/\\\/www.instagram.com\\\/smart.fp\\\/\",\"https:\\\/\\\/cz.linkedin.com\\\/company\\\/gappex\",\"https:\\\/\\\/www.youtube.com\\\/@smartfp\"]}]}<\/script>\n<!-- \/ Yoast SEO plugin. -->","yoast_head_json":{"title":"Verk\u00e4ufer\/Verk\u00e4uferin - SmartFP","description":"Haben Sie eine Leidenschaft f\u00fcr IT und m\u00f6chten Sie eine Karriere in der Wirtschaft anstreben? Wenn Sie zielstrebig und ausdauernd sind und die Kommunikation mit Menschen zu Ihren St\u00e4rken z\u00e4hlt, sollten Sie sich bei uns vorstellen.","robots":{"index":"index","follow":"follow","max-snippet":"max-snippet:-1","max-image-preview":"max-image-preview:large","max-video-preview":"max-video-preview:-1"},"canonical":"https:\/\/smartfp.cz\/de\/plattform\/karriere\/trader-junior\/","og_locale":"de_DE","og_type":"article","og_title":"Verk\u00e4ufer\/Verk\u00e4uferin - SmartFP","og_description":"Haben Sie eine Leidenschaft f\u00fcr IT und m\u00f6chten Sie eine Karriere in der Wirtschaft anstreben? Wenn Sie zielstrebig und ausdauernd sind und die Kommunikation mit Menschen zu Ihren St\u00e4rken z\u00e4hlt, sollten Sie sich bei uns vorstellen.","og_url":"https:\/\/smartfp.cz\/de\/plattform\/karriere\/trader-junior\/","og_site_name":"SmartFP","article_publisher":"https:\/\/www.facebook.com\/smartformplatform","article_modified_time":"2026-04-07T07:20:53+00:00","og_image":[{"width":1024,"height":1024,"url":"https:\/\/smartfp.cz\/wp-content\/uploads\/2026\/03\/detaily-v-obrazku-prosim-vytvor-s-barvami-1e88e5-.png","type":"image\/png"}],"twitter_card":"summary_large_image","schema":{"@context":"https:\/\/schema.org","@graph":[{"@type":"WebPage","@id":"https:\/\/smartfp.cz\/de\/plattform\/karriere\/trader-junior\/","url":"https:\/\/smartfp.cz\/de\/plattform\/karriere\/trader-junior\/","name":"Verk\u00e4ufer\/Verk\u00e4uferin - SmartFP","isPartOf":{"@id":"https:\/\/smartfp.cz\/de\/#website"},"primaryImageOfPage":{"@id":"https:\/\/smartfp.cz\/de\/plattform\/karriere\/trader-junior\/#primaryimage"},"image":{"@id":"https:\/\/smartfp.cz\/de\/plattform\/karriere\/trader-junior\/#primaryimage"},"thumbnailUrl":"https:\/\/smartfp.cz\/wp-content\/uploads\/2026\/03\/detaily-v-obrazku-prosim-vytvor-s-barvami-1e88e5-.png","datePublished":"2024-10-17T15:25:36+00:00","dateModified":"2026-04-07T07:20:53+00:00","description":"Haben Sie eine Leidenschaft f\u00fcr IT und m\u00f6chten Sie eine Karriere in der Wirtschaft anstreben? Wenn Sie zielstrebig und ausdauernd sind und die Kommunikation mit Menschen zu Ihren St\u00e4rken z\u00e4hlt, sollten Sie sich bei uns vorstellen.","breadcrumb":{"@id":"https:\/\/smartfp.cz\/de\/plattform\/karriere\/trader-junior\/#breadcrumb"},"inLanguage":"de","potentialAction":[{"@type":"ReadAction","target":["https:\/\/smartfp.cz\/de\/plattform\/karriere\/trader-junior\/"]}]},{"@type":"ImageObject","inLanguage":"de","@id":"https:\/\/smartfp.cz\/de\/plattform\/karriere\/trader-junior\/#primaryimage","url":"https:\/\/smartfp.cz\/wp-content\/uploads\/2026\/03\/detaily-v-obrazku-prosim-vytvor-s-barvami-1e88e5-.png","contentUrl":"https:\/\/smartfp.cz\/wp-content\/uploads\/2026\/03\/detaily-v-obrazku-prosim-vytvor-s-barvami-1e88e5-.png","width":1024,"height":1024},{"@type":"BreadcrumbList","@id":"https:\/\/smartfp.cz\/de\/plattform\/karriere\/trader-junior\/#breadcrumb","itemListElement":[{"@type":"ListItem","position":1,"name":"Dom\u016f","item":"https:\/\/smartfp.cz\/de\/"},{"@type":"ListItem","position":2,"name":"Plattform","item":"https:\/\/smartfp.cz\/de\/plattform\/"},{"@type":"ListItem","position":3,"name":"Karriere","item":"https:\/\/smartfp.cz\/de\/plattform\/karriere\/"},{"@type":"ListItem","position":4,"name":"Verk\u00e4ufer\/Verk\u00e4uferin"}]},{"@type":"WebSite","@id":"https:\/\/smartfp.cz\/de\/#website","url":"https:\/\/smartfp.cz\/de\/","name":"SmartFP","description":"Firemn\u00ed aplikace a integrace","publisher":{"@id":"https:\/\/smartfp.cz\/de\/#organization"},"potentialAction":[{"@type":"SearchAction","target":{"@type":"EntryPoint","urlTemplate":"https:\/\/smartfp.cz\/de\/?s={search_term_string}"},"query-input":{"@type":"PropertyValueSpecification","valueRequired":true,"valueName":"search_term_string"}}],"inLanguage":"de"},{"@type":"Organization","@id":"https:\/\/smartfp.cz\/de\/#organization","name":"Gappex s.r.o.","alternateName":"SmartFP","url":"https:\/\/smartfp.cz\/de\/","logo":{"@type":"ImageObject","inLanguage":"de","@id":"https:\/\/smartfp.cz\/de\/#\/schema\/logo\/image\/","url":"https:\/\/smartfp.cz\/wp-content\/uploads\/2024\/05\/SFP-long-color-1.svg","contentUrl":"https:\/\/smartfp.cz\/wp-content\/uploads\/2024\/05\/SFP-long-color-1.svg","width":100,"height":100,"caption":"Gappex s.r.o."},"image":{"@id":"https:\/\/smartfp.cz\/de\/#\/schema\/logo\/image\/"},"sameAs":["https:\/\/www.facebook.com\/smartformplatform","https:\/\/www.instagram.com\/smart.fp\/","https:\/\/cz.linkedin.com\/company\/gappex","https:\/\/www.youtube.com\/@smartfp"]}]}},"_links":{"self":[{"href":"https:\/\/smartfp.cz\/de\/wp-json\/wp\/v2\/pages\/5763","targetHints":{"allow":["GET"]}}],"collection":[{"href":"https:\/\/smartfp.cz\/de\/wp-json\/wp\/v2\/pages"}],"about":[{"href":"https:\/\/smartfp.cz\/de\/wp-json\/wp\/v2\/types\/page"}],"author":[{"embeddable":true,"href":"https:\/\/smartfp.cz\/de\/wp-json\/wp\/v2\/users\/4"}],"replies":[{"embeddable":true,"href":"https:\/\/smartfp.cz\/de\/wp-json\/wp\/v2\/comments?post=5763"}],"version-history":[{"count":8,"href":"https:\/\/smartfp.cz\/de\/wp-json\/wp\/v2\/pages\/5763\/revisions"}],"predecessor-version":[{"id":13038,"href":"https:\/\/smartfp.cz\/de\/wp-json\/wp\/v2\/pages\/5763\/revisions\/13038"}],"up":[{"embeddable":true,"href":"https:\/\/smartfp.cz\/de\/wp-json\/wp\/v2\/pages\/5825"}],"wp:featuredmedia":[{"embeddable":true,"href":"https:\/\/smartfp.cz\/de\/wp-json\/wp\/v2\/media\/12383"}],"wp:attachment":[{"href":"https:\/\/smartfp.cz\/de\/wp-json\/wp\/v2\/media?parent=5763"}],"curies":[{"name":"wp","href":"https:\/\/api.w.org\/{rel}","templated":true}]}}