{"id":5747,"date":"2024-10-30T13:17:38","date_gmt":"2024-10-30T12:17:38","guid":{"rendered":"https:\/\/smartfp.cz\/smartfp-und-sicherheit\/"},"modified":"2025-01-27T12:42:51","modified_gmt":"2025-01-27T11:42:51","slug":"smartfp-und-sicherheit","status":"publish","type":"page","link":"https:\/\/smartfp.cz\/de\/plattform\/warum-smartfp\/smartfp-und-sicherheit\/","title":{"rendered":"SmartFP und Sicherheit"},"content":{"rendered":"\n<div class=\"wp-block-group has-medium-font-size has-global-padding is-layout-constrained wp-container-core-group-is-layout-da70f3a0 wp-block-group-is-layout-constrained\">\n<p class=\"has-large-font-size\">Die Sicherheit von Unternehmensdaten und -anwendungen ist eine der wichtigsten Priorit\u00e4ten f\u00fcr jedes moderne Unternehmen.  <\/p>\n\n\n\n<p>Die SmartFP-Plattform wurde im Hinblick auf Sicherheit, Flexibilit\u00e4t und Skalierbarkeit entwickelt und ist damit die ideale Wahl f\u00fcr den Einsatz in Unternehmen jeder Gr\u00f6\u00dfe. Mit einer breiten Palette von Sicherheitsfunktionen und der Unterst\u00fctzung fortschrittlicher Technologien sorgt SmartFP daf\u00fcr, dass Ihre sensiblen Daten stets gesch\u00fctzt sind. <\/p>\n\n\n<h2 class=\"wp-block-heading has-large-font-size\" style=\"padding-top:15px\" id=\"single-signon-sso-unterstuetzung-mit-integrierter-zweifaktorauthentifizierung-2fa\"><strong>Single Sign-On (SSO) Unterst\u00fctzung mit integrierter Zwei-Faktor-Authentifizierung (2FA)<\/strong><\/h2>\n\n\n<p>SmartFP bietet die Integration mit f\u00fchrenden Identit\u00e4tsanbietern wie Microsoft Azure Active Directory und Google Workspace durch Single Sign-On (SSO). Diese Funktion erm\u00f6glicht es Benutzern, sich mit ihren bestehenden Unternehmenskonten bei SmartFP anzumelden, was die Benutzerverwaltung vereinfacht und gleichzeitig die Sicherheit erh\u00f6ht. <\/p>\n\n\n\n<p>Wenn Sie SSO von Microsoft und Google verwenden, wird automatisch auch die Zwei-Faktor-Authentifizierung (2FA) unterst\u00fctzt, die ein fester Bestandteil dieser Dienste ist. Das bedeutet, dass Benutzer zus\u00e4tzlich zu einem Passwort einen zweiten Authentifizierungsfaktor wie eine mobile App, einen biometrischen oder einen SMS-Code verwenden m\u00fcssen. Diese Art der Authentifizierung bietet zus\u00e4tzlichen Schutz vor unbefugtem Zugriff und minimiert das Risiko von kompromittierten Konten.  <\/p>\n\n\n<h2 class=\"wp-block-heading has-large-font-size\" style=\"padding-top:15px\" id=\"flexible-bereitstellung-vor-ort-oder-in-der-cloud\"><strong>Flexible Bereitstellung: vor Ort oder in der Cloud<\/strong><\/h2>\n\n\n<p>SmartFP bietet die M\u00f6glichkeit, sowohl lokal (vor Ort) in Ihrer eigenen Infrastruktur als auch in einer sicheren Cloud wie Microsoft Azure eingesetzt zu werden. Diese Flexibilit\u00e4t erm\u00f6glicht es Ihnen, die L\u00f6sung zu w\u00e4hlen, die am besten zu Ihren Sicherheitsanforderungen und Ihrer Infrastruktur passt. <\/p>\n\n\n\n<p>Bei einer Vor-Ort-Bereitstellung haben Sie die vollst\u00e4ndige Kontrolle dar\u00fcber, wo und wie Ihre Daten gespeichert werden. Sie k\u00f6nnen den Zugriff auf die Plattform auf Ihr internes Unternehmensnetzwerk beschr\u00e4nken oder den Zugang beispielsweise \u00fcber VPN sichern. In der Cloud profitieren Sie von der erweiterten Sicherheit und Skalierbarkeit von Microsoft Azure, einschlie\u00dflich des integrierten Schutzes vor DDoS-Angriffen und verschl\u00fcsselter Daten\u00fcbertragung. <\/p>\n\n\n<h2 class=\"wp-block-heading has-large-font-size\" style=\"padding-top:15px\" id=\"transparente-auditprotokolle-und-nachverfolgung-forensischer-aktivitaeten\"><strong>Transparente Audit-Protokolle und Nachverfolgung forensischer Aktivit\u00e4ten<\/strong><\/h2>\n\n\n<p>Eine der wichtigsten Sicherheitsfunktionen von SmartFP ist die gr\u00fcndliche \u00dcberwachung aller Benutzeraktivit\u00e4ten durch Pr\u00fcfprotokolle. Jeder Benutzer hat sein eigenes Konto, so dass alle Aktionen, die er durchf\u00fchrt, detailliert aufgezeichnet werden. Dazu geh\u00f6ren Vorg\u00e4nge wie Datenexporte, \u00c4nderungen an Datenpostf\u00e4chern, Rechnungsfreigaben oder Vertrags\u00e4nderungen.  <\/p>\n\n\n\n<p>Die Aufzeichnungen in Audit-Protokollen werden zu einem unsch\u00e4tzbaren Hilfsmittel bei internen Audits oder in Situationen, in denen es notwendig ist, ein Problem oder einen Fehler zu analysieren. Es kann vorkommen, dass ein autorisierter Benutzer eine falsche Aktion durchf\u00fchrt, z.B. die Genehmigung eines Dokuments mit falschen Daten. In solchen F\u00e4llen k\u00f6nnen Sie mit Hilfe von Audit-Protokollen genau nachvollziehen, wer die Aktion wann durchgef\u00fchrt hat. Das erleichtert die Durchf\u00fchrung interner Kontrollen und die Behandlung potenzieller Sicherheitsvorf\u00e4lle.  <\/p>\n\n\n\n<p>W\u00e4hrend der Zugang zu sensiblen Funktionen durch strenge Berechtigungen kontrolliert wird, stellt die M\u00f6glichkeit, alle Aktivit\u00e4ten zur\u00fcckzuverfolgen, sicher, dass Sie selbst im Falle eines menschlichen Versagens den vollen \u00dcberblick \u00fcber die Vorg\u00e4nge haben und Korrekturma\u00dfnahmen ergreifen k\u00f6nnen.<\/p>\n\n\n<h2 class=\"wp-block-heading has-large-font-size\" style=\"padding-top:15px\" id=\"detaillierte-zugriffskontrolle-rbac\"><strong>Detaillierte Zugriffskontrolle (RBAC)<\/strong><\/h2>\n\n\n<p>SmartFP verwendet die rollenbasierte Zugriffskontrolle (Role-Based Access Control, RBAC), um die Zugriffsrechte der einzelnen Benutzer genau zu steuern. Dies erm\u00f6glicht pr\u00e4zise Berechtigungseinstellungen f\u00fcr jedes Modul der Plattform und stellt sicher, dass die Benutzer nur auf die Funktionen und Daten zugreifen k\u00f6nnen, die sie f\u00fcr ihre Arbeit ben\u00f6tigen. Dadurch wird das Risiko eines unbefugten Zugriffs und einer \u00dcberlastung des Systems mit \u00fcberfl\u00fcssigen Berechtigungen minimiert.  <\/p>\n\n\n\n<p>Dar\u00fcber hinaus ist diese fein abgestufte Zugriffskontrolle vollst\u00e4ndig an Ihre internen Prozesse anpassbar. Sie k\u00f6nnen beispielsweise spezifische Rechte f\u00fcr einzelne Teams, Abteilungen oder Einzelpersonen definieren, so dass Sie die Zugriffsregeln genau an die Bed\u00fcrfnisse Ihres Unternehmens anpassen k\u00f6nnen. <\/p>\n\n\n<h2 class=\"wp-block-heading has-large-font-size\" style=\"padding-top:15px\" id=\"verlaesslichkeit-dank-moderner-technologie\"><strong>Verl\u00e4sslichkeit dank moderner Technologie<\/strong><\/h2>\n\n\n<p>SmartFP basiert auf robusten und bew\u00e4hrten Technologien wie dem .NET Framework, C#, Microsoft SQL Server und Windows Server. Diese Technologien sind in Unternehmensumgebungen Standard und bieten ein hohes Ma\u00df an Zuverl\u00e4ssigkeit, Sicherheit und Leistung.<\/p>\n\n\n\n<p>Daher bietet SmartFP eine stabile und sichere Plattform f\u00fcr Unternehmen jeder Gr\u00f6\u00dfe, von kleinen Unternehmen bis hin zu Gro\u00dfkonzernen. Diese Technologien werden langfristig unterst\u00fctzt und st\u00e4ndig weiterentwickelt, so dass Sie vor den neuesten Bedrohungen gesch\u00fctzt sind und mit dem Wachstum Ihres Unternehmens Schritt halten k\u00f6nnen. <\/p>\n\n\n<h2 class=\"wp-block-heading has-large-font-size\" style=\"padding-top:15px\" id=\"datenverschluesselung-und-sichere-kommunikation-mit-https\"><strong>Datenverschl\u00fcsselung und sichere Kommunikation mit HTTPS<\/strong><\/h2>\n\n\n<p>Die Datensicherheit wird durch HTTPS-Verschl\u00fcsselung gew\u00e4hrleistet. Diese Technologie stellt sicher, dass die gesamte Kommunikation zwischen Benutzern und der SmartFP-Plattform vor Abh\u00f6ren oder unbefugtem Zugriff gesch\u00fctzt ist. HTTPS verwendet starke Verschl\u00fcsselungsprotokolle, die sowohl die \u00fcbertragenen Daten als auch die auf den Servern gespeicherten Daten sch\u00fctzen.  <\/p>\n\n\n\n<p>Auf diese Weise werden sensible Informationen wie pers\u00f6nliche Daten, Dokumente oder Rechnungen gesch\u00fctzt und die Kommunikation zwischen dem Benutzer und der Anwendung ist vor m\u00f6glichem Missbrauch gesichert.<\/p>\n\n\n<h2 class=\"wp-block-heading has-large-font-size\" style=\"padding-top:15px\" id=\"hohe-verfuegbarkeit\"><strong>Hohe Verf\u00fcgbarkeit<\/strong><\/h2>\n\n\n<p>SmartFP unterst\u00fctzt High Availability (HA) Implementierungen, die einen kontinuierlichen Betrieb sicherstellen, selbst wenn ein Teil der Infrastruktur ausf\u00e4llt. Der HA-Modus nutzt Technologien wie Datenbankreplikation, Lastausgleich und Failover-Mechanismen, die ein automatisches Failover auf Backup-Systeme erm\u00f6glichen, wenn das Prim\u00e4rsystem ausf\u00e4llt. Auf diese Weise k\u00f6nnen Sie Ausfallzeiten minimieren und sicherstellen, dass Ihre kritischen Prozesse immer verf\u00fcgbar sind.  <\/p>\n\n\n\n<p>F\u00e4llt beispielsweise ein Server aus, erfolgt eine automatische Umschaltung auf einen Backup-Server, so dass der Betrieb der Plattform ohne Unterbrechung fortgesetzt wird. Dieser Ansatz ist ideal f\u00fcr Unternehmen, die hohe Verf\u00fcgbarkeit ben\u00f6tigen und das Risiko von Datenverlusten oder ungeplanten Ausf\u00e4llen minimieren wollen. <\/p>\n\n\n<h2 class=\"wp-block-heading has-large-font-size\" style=\"padding-top:15px\" id=\"trennung-von-anwendungs-und-datenbankebene-sicherungsinstanzen-und-schnelle-wiederherstellung\"><strong>Trennung von Anwendungs- und Datenbankebene, Sicherungsinstanzen und schnelle Wiederherstellung<\/strong><\/h2>\n\n\n<p>SmartFP unterst\u00fctzt die Trennung der Anwendungsschicht von der Datenbankschicht und sorgt so f\u00fcr mehr Sicherheit und Skalierbarkeit. Durch die Trennung der beiden Schichten kann der direkte Zugriff auf sensible Daten verhindert werden, was die Sicherheit der Anwendung insgesamt erh\u00f6ht. <\/p>\n\n\n\n<p>Dar\u00fcber hinaus bietet SmartFP die M\u00f6glichkeit, Backup-Instanzen einzurichten, die im Falle eines Ausfalls der Hauptinstanz eine schnelle Wiederherstellung erm\u00f6glichen. Diese Option stellt sicher, dass Ihre Daten gesch\u00fctzt sind und innerhalb von Minuten wiederhergestellt werden k\u00f6nnen, wodurch die Auswirkungen ungeplanter Ausf\u00e4lle auf Ihr Unternehmen minimiert werden. <\/p>\n\n\n<h2 class=\"wp-block-heading has-large-font-size\" style=\"padding-top:15px\" id=\"regelmaessige-updates-und-slas-zur-gewaehrleistung-von-sicherheit-und-betriebszeit\"><strong>Regelm\u00e4\u00dfige Updates und SLAs zur Gew\u00e4hrleistung von Sicherheit und Betriebszeit<\/strong><\/h2>\n\n\n<p>Mit einem aktiven SLA (Service Level Agreement) stellen wir regelm\u00e4\u00dfige Updates f\u00fcr die SmartFP-Plattform bereit, um sicherzustellen, dass Ihre Installation jederzeit sicher und aktuell bleibt. Diese Updates enthalten nicht nur Korrekturen f\u00fcr potenzielle Sicherheitsl\u00fccken, sondern auch kleinere Funktionsverbesserungen, die die Effizienz und Sicherheit der Plattform erh\u00f6hen. Das SLA beinhaltet auch die Garantie, alle Probleme innerhalb des vereinbarten Zeitrahmens zu beheben.  <\/p>\n<\/div>\n","protected":false},"excerpt":{"rendered":"<p>SmartFP legt den Schwerpunkt auf die Sicherheit von Unternehmensdaten. Mit Zwei-Faktor-Authentifizierung, Zugriffskontrolle und regelm\u00e4\u00dfigen Tests gew\u00e4hrleistet es den Datenschutz f\u00fcr Unternehmen jeder Gr\u00f6\u00dfe. <\/p>\n","protected":false},"author":4,"featured_media":0,"parent":5879,"menu_order":7,"comment_status":"closed","ping_status":"closed","template":"","meta":{"_eb_attr":"","inline_featured_image":false,"_eb_data_table":"","footnotes":""},"class_list":["post-5747","page","type-page","status-publish","hentry"],"yoast_head":"<!-- This site is optimized with the Yoast SEO plugin v27.3 - https:\/\/yoast.com\/product\/yoast-seo-wordpress\/ -->\n<title>SmartFP und Sicherheit - SmartFP<\/title>\n<meta name=\"description\" content=\"SmartFP legt Wert auf die Sicherheit von Unternehmensdaten. Mit Zugriffskontrolle und regelm\u00e4\u00dfigen Tests gew\u00e4hrleistet es den Datenschutz f\u00fcr Ihr Unternehmen.\" \/>\n<meta name=\"robots\" content=\"index, follow, max-snippet:-1, max-image-preview:large, max-video-preview:-1\" \/>\n<link rel=\"canonical\" href=\"https:\/\/smartfp.cz\/de\/plattform\/warum-smartfp\/smartfp-und-sicherheit\/\" \/>\n<meta property=\"og:locale\" content=\"de_DE\" \/>\n<meta property=\"og:type\" content=\"article\" \/>\n<meta property=\"og:title\" content=\"SmartFP und Sicherheit - SmartFP\" \/>\n<meta property=\"og:description\" content=\"SmartFP legt Wert auf die Sicherheit von Unternehmensdaten. Mit Zugriffskontrolle und regelm\u00e4\u00dfigen Tests gew\u00e4hrleistet es den Datenschutz f\u00fcr Ihr Unternehmen.\" \/>\n<meta property=\"og:url\" content=\"https:\/\/smartfp.cz\/de\/plattform\/warum-smartfp\/smartfp-und-sicherheit\/\" \/>\n<meta property=\"og:site_name\" content=\"SmartFP\" \/>\n<meta property=\"article:publisher\" content=\"https:\/\/www.facebook.com\/smartformplatform\" \/>\n<meta property=\"article:modified_time\" content=\"2025-01-27T11:42:51+00:00\" \/>\n<meta name=\"twitter:card\" content=\"summary_large_image\" \/>\n<script type=\"application\/ld+json\" class=\"yoast-schema-graph\">{\"@context\":\"https:\\\/\\\/schema.org\",\"@graph\":[{\"@type\":\"WebPage\",\"@id\":\"https:\\\/\\\/smartfp.cz\\\/de\\\/plattform\\\/warum-smartfp\\\/smartfp-und-sicherheit\\\/\",\"url\":\"https:\\\/\\\/smartfp.cz\\\/de\\\/plattform\\\/warum-smartfp\\\/smartfp-und-sicherheit\\\/\",\"name\":\"SmartFP und Sicherheit - SmartFP\",\"isPartOf\":{\"@id\":\"https:\\\/\\\/smartfp.cz\\\/de\\\/#website\"},\"datePublished\":\"2024-10-30T12:17:38+00:00\",\"dateModified\":\"2025-01-27T11:42:51+00:00\",\"description\":\"SmartFP legt Wert auf die Sicherheit von Unternehmensdaten. Mit Zugriffskontrolle und regelm\u00e4\u00dfigen Tests gew\u00e4hrleistet es den Datenschutz f\u00fcr Ihr Unternehmen.\",\"breadcrumb\":{\"@id\":\"https:\\\/\\\/smartfp.cz\\\/de\\\/plattform\\\/warum-smartfp\\\/smartfp-und-sicherheit\\\/#breadcrumb\"},\"inLanguage\":\"de\",\"potentialAction\":[{\"@type\":\"ReadAction\",\"target\":[\"https:\\\/\\\/smartfp.cz\\\/de\\\/plattform\\\/warum-smartfp\\\/smartfp-und-sicherheit\\\/\"]}]},{\"@type\":\"BreadcrumbList\",\"@id\":\"https:\\\/\\\/smartfp.cz\\\/de\\\/plattform\\\/warum-smartfp\\\/smartfp-und-sicherheit\\\/#breadcrumb\",\"itemListElement\":[{\"@type\":\"ListItem\",\"position\":1,\"name\":\"Dom\u016f\",\"item\":\"https:\\\/\\\/smartfp.cz\\\/de\\\/\"},{\"@type\":\"ListItem\",\"position\":2,\"name\":\"Warum SmartFP\",\"item\":\"https:\\\/\\\/smartfp.cz\\\/de\\\/plattform\\\/warum-smartfp\\\/\"},{\"@type\":\"ListItem\",\"position\":3,\"name\":\"SmartFP und Sicherheit\"}]},{\"@type\":\"WebSite\",\"@id\":\"https:\\\/\\\/smartfp.cz\\\/de\\\/#website\",\"url\":\"https:\\\/\\\/smartfp.cz\\\/de\\\/\",\"name\":\"SmartFP\",\"description\":\"Firemn\u00ed aplikace a integrace\",\"publisher\":{\"@id\":\"https:\\\/\\\/smartfp.cz\\\/de\\\/#organization\"},\"potentialAction\":[{\"@type\":\"SearchAction\",\"target\":{\"@type\":\"EntryPoint\",\"urlTemplate\":\"https:\\\/\\\/smartfp.cz\\\/de\\\/?s={search_term_string}\"},\"query-input\":{\"@type\":\"PropertyValueSpecification\",\"valueRequired\":true,\"valueName\":\"search_term_string\"}}],\"inLanguage\":\"de\"},{\"@type\":\"Organization\",\"@id\":\"https:\\\/\\\/smartfp.cz\\\/de\\\/#organization\",\"name\":\"Gappex s.r.o.\",\"alternateName\":\"SmartFP\",\"url\":\"https:\\\/\\\/smartfp.cz\\\/de\\\/\",\"logo\":{\"@type\":\"ImageObject\",\"inLanguage\":\"de\",\"@id\":\"https:\\\/\\\/smartfp.cz\\\/de\\\/#\\\/schema\\\/logo\\\/image\\\/\",\"url\":\"https:\\\/\\\/smartfp.cz\\\/wp-content\\\/uploads\\\/2024\\\/05\\\/SFP-long-color-1.svg\",\"contentUrl\":\"https:\\\/\\\/smartfp.cz\\\/wp-content\\\/uploads\\\/2024\\\/05\\\/SFP-long-color-1.svg\",\"width\":100,\"height\":100,\"caption\":\"Gappex s.r.o.\"},\"image\":{\"@id\":\"https:\\\/\\\/smartfp.cz\\\/de\\\/#\\\/schema\\\/logo\\\/image\\\/\"},\"sameAs\":[\"https:\\\/\\\/www.facebook.com\\\/smartformplatform\",\"https:\\\/\\\/www.instagram.com\\\/smart.fp\\\/\",\"https:\\\/\\\/cz.linkedin.com\\\/company\\\/gappex\",\"https:\\\/\\\/www.youtube.com\\\/@smartfp\"]}]}<\/script>\n<!-- \/ Yoast SEO plugin. -->","yoast_head_json":{"title":"SmartFP und Sicherheit - SmartFP","description":"SmartFP legt Wert auf die Sicherheit von Unternehmensdaten. Mit Zugriffskontrolle und regelm\u00e4\u00dfigen Tests gew\u00e4hrleistet es den Datenschutz f\u00fcr Ihr Unternehmen.","robots":{"index":"index","follow":"follow","max-snippet":"max-snippet:-1","max-image-preview":"max-image-preview:large","max-video-preview":"max-video-preview:-1"},"canonical":"https:\/\/smartfp.cz\/de\/plattform\/warum-smartfp\/smartfp-und-sicherheit\/","og_locale":"de_DE","og_type":"article","og_title":"SmartFP und Sicherheit - SmartFP","og_description":"SmartFP legt Wert auf die Sicherheit von Unternehmensdaten. Mit Zugriffskontrolle und regelm\u00e4\u00dfigen Tests gew\u00e4hrleistet es den Datenschutz f\u00fcr Ihr Unternehmen.","og_url":"https:\/\/smartfp.cz\/de\/plattform\/warum-smartfp\/smartfp-und-sicherheit\/","og_site_name":"SmartFP","article_publisher":"https:\/\/www.facebook.com\/smartformplatform","article_modified_time":"2025-01-27T11:42:51+00:00","twitter_card":"summary_large_image","schema":{"@context":"https:\/\/schema.org","@graph":[{"@type":"WebPage","@id":"https:\/\/smartfp.cz\/de\/plattform\/warum-smartfp\/smartfp-und-sicherheit\/","url":"https:\/\/smartfp.cz\/de\/plattform\/warum-smartfp\/smartfp-und-sicherheit\/","name":"SmartFP und Sicherheit - SmartFP","isPartOf":{"@id":"https:\/\/smartfp.cz\/de\/#website"},"datePublished":"2024-10-30T12:17:38+00:00","dateModified":"2025-01-27T11:42:51+00:00","description":"SmartFP legt Wert auf die Sicherheit von Unternehmensdaten. Mit Zugriffskontrolle und regelm\u00e4\u00dfigen Tests gew\u00e4hrleistet es den Datenschutz f\u00fcr Ihr Unternehmen.","breadcrumb":{"@id":"https:\/\/smartfp.cz\/de\/plattform\/warum-smartfp\/smartfp-und-sicherheit\/#breadcrumb"},"inLanguage":"de","potentialAction":[{"@type":"ReadAction","target":["https:\/\/smartfp.cz\/de\/plattform\/warum-smartfp\/smartfp-und-sicherheit\/"]}]},{"@type":"BreadcrumbList","@id":"https:\/\/smartfp.cz\/de\/plattform\/warum-smartfp\/smartfp-und-sicherheit\/#breadcrumb","itemListElement":[{"@type":"ListItem","position":1,"name":"Dom\u016f","item":"https:\/\/smartfp.cz\/de\/"},{"@type":"ListItem","position":2,"name":"Warum SmartFP","item":"https:\/\/smartfp.cz\/de\/plattform\/warum-smartfp\/"},{"@type":"ListItem","position":3,"name":"SmartFP und Sicherheit"}]},{"@type":"WebSite","@id":"https:\/\/smartfp.cz\/de\/#website","url":"https:\/\/smartfp.cz\/de\/","name":"SmartFP","description":"Firemn\u00ed aplikace a integrace","publisher":{"@id":"https:\/\/smartfp.cz\/de\/#organization"},"potentialAction":[{"@type":"SearchAction","target":{"@type":"EntryPoint","urlTemplate":"https:\/\/smartfp.cz\/de\/?s={search_term_string}"},"query-input":{"@type":"PropertyValueSpecification","valueRequired":true,"valueName":"search_term_string"}}],"inLanguage":"de"},{"@type":"Organization","@id":"https:\/\/smartfp.cz\/de\/#organization","name":"Gappex s.r.o.","alternateName":"SmartFP","url":"https:\/\/smartfp.cz\/de\/","logo":{"@type":"ImageObject","inLanguage":"de","@id":"https:\/\/smartfp.cz\/de\/#\/schema\/logo\/image\/","url":"https:\/\/smartfp.cz\/wp-content\/uploads\/2024\/05\/SFP-long-color-1.svg","contentUrl":"https:\/\/smartfp.cz\/wp-content\/uploads\/2024\/05\/SFP-long-color-1.svg","width":100,"height":100,"caption":"Gappex s.r.o."},"image":{"@id":"https:\/\/smartfp.cz\/de\/#\/schema\/logo\/image\/"},"sameAs":["https:\/\/www.facebook.com\/smartformplatform","https:\/\/www.instagram.com\/smart.fp\/","https:\/\/cz.linkedin.com\/company\/gappex","https:\/\/www.youtube.com\/@smartfp"]}]}},"_links":{"self":[{"href":"https:\/\/smartfp.cz\/de\/wp-json\/wp\/v2\/pages\/5747","targetHints":{"allow":["GET"]}}],"collection":[{"href":"https:\/\/smartfp.cz\/de\/wp-json\/wp\/v2\/pages"}],"about":[{"href":"https:\/\/smartfp.cz\/de\/wp-json\/wp\/v2\/types\/page"}],"author":[{"embeddable":true,"href":"https:\/\/smartfp.cz\/de\/wp-json\/wp\/v2\/users\/4"}],"replies":[{"embeddable":true,"href":"https:\/\/smartfp.cz\/de\/wp-json\/wp\/v2\/comments?post=5747"}],"version-history":[{"count":1,"href":"https:\/\/smartfp.cz\/de\/wp-json\/wp\/v2\/pages\/5747\/revisions"}],"predecessor-version":[{"id":5749,"href":"https:\/\/smartfp.cz\/de\/wp-json\/wp\/v2\/pages\/5747\/revisions\/5749"}],"up":[{"embeddable":true,"href":"https:\/\/smartfp.cz\/de\/wp-json\/wp\/v2\/pages\/5879"}],"wp:attachment":[{"href":"https:\/\/smartfp.cz\/de\/wp-json\/wp\/v2\/media?parent=5747"}],"curies":[{"name":"wp","href":"https:\/\/api.w.org\/{rel}","templated":true}]}}