{"id":5745,"date":"2024-10-17T17:11:29","date_gmt":"2024-10-17T15:11:29","guid":{"rendered":"https:\/\/smartfp.cz\/it-projektleiter\/"},"modified":"2025-01-27T12:42:32","modified_gmt":"2025-01-27T11:42:32","slug":"it-projektleiter","status":"publish","type":"page","link":"https:\/\/smartfp.cz\/de\/plattform\/karriere\/it-projektleiter\/","title":{"rendered":"IT-Projektleiter"},"content":{"rendered":"\n<div class=\"wp-block-group has-global-padding is-layout-constrained wp-container-core-group-is-layout-da70f3a0 wp-block-group-is-layout-constrained\">\n<p class=\"has-large-font-size\">Wir sind auf der Suche nach einem Projektmanager, der die Kommunikation mit den Kunden leitet und ihre Anforderungen mit unseren Programmierern und Konfiguratoren bespricht.<\/p>\n\n\n\n<p class=\"has-medium-font-size\">Der neue Kollege muss ein Fan der IT-Technologie sein und wissen, was Anwendungsentwicklung bedeutet. Es ist nicht notwendig, Programmiersprachen zu beherrschen, aber Sie sollten mit der Terminologie vertraut sein und die grundlegenden Prinzipien kennen. Kommunikations- und Organisationstalent sollten auf jeden Fall eine St\u00e4rke sein und die F\u00e4higkeit besitzen, mehrere Aufgaben gleichzeitig zu erledigen.    <\/p>\n\n\n<h2 class=\"wp-block-heading has-secondary-color has-text-color has-link-color has-x-large-font-size wp-elements-173ea07c3e85d2abd6f23dd898f71996\" style=\"padding-top:15px\" id=\"was-koennen-sie-von-uns-erwarten\"><strong>Was k\u00f6nnen Sie von uns erwarten?<\/strong><\/h2>\n\n\n<p class=\"has-medium-font-size\">Die Anwendungen sind f\u00fcr Kunden aus verschiedenen Branchen und mit unterschiedlichen Schwerpunkten, so dass Sie sich garantiert nicht in denselben Bahnen langweilen werden. Sie sind ein wichtiges Bindeglied zwischen dem Kunden und unserem Entwicklungsteam, das von anderen Mitarbeitern des Unternehmens unterst\u00fctzt wird. Sie werden Teil einer Gruppe, die klare und gemeinsame Ziele hat &#8211; zu wachsen, best\u00e4ndig zu sein und die Zahl der zufriedenen Kunden zu erh\u00f6hen. Sie leisten sinnvolle Arbeit, die vielf\u00e4ltig ist und einen Mehrwert f\u00fcr den Endverbraucher bietet. Wir halten den pers\u00f6nlichen Kontakt mit dem Team f\u00fcr wichtig, weshalb wir f\u00fcr diese Position die Arbeit im B\u00fcro voraussetzen.    <\/p>\n\n\n<h2 class=\"wp-block-heading has-secondary-color has-text-color has-link-color has-x-large-font-size wp-elements-584ed8214a0e4713a8e69704a4bc0808\" style=\"padding-top:15px\" id=\"was-brauchen-wir-von-ihnen\"><strong>Was brauchen wir von Ihnen?<\/strong><\/h2>\n\n\n<ul class=\"wp-block-list\">\n<li class=\"has-medium-font-size\">Organisatorische F\u00e4higkeiten<\/li>\n\n\n\n<li class=\"has-medium-font-size\">Kommunikationsf\u00e4higkeit<\/li>\n\n\n\n<li class=\"has-medium-font-size\">L\u00f6sen Sie mehrere Aufgaben auf einmal<\/li>\n\n\n\n<li class=\"has-medium-font-size\">Systematischer Ansatz<\/li>\n\n\n\n<li class=\"has-medium-font-size\">Technische Begeisterung<\/li>\n\n\n\n<li class=\"has-medium-font-size\">Grundlegendes Verst\u00e4ndnis daf\u00fcr, was Anwendungsentwicklung bedeutet<\/li>\n\n\n\n<li class=\"has-medium-font-size\">Erfahrung im Projektmanagement von Vorteil<\/li>\n<\/ul>\n\n\n\n<p class=\"has-medium-font-size\" style=\"padding-top:var(--wp--preset--spacing--30)\">Wenn Sie an der Stelle interessiert sind, <strong>senden Sie bitte Ihren Lebenslauf und Ihr Motivationsschreiben an Romana Petr\u00e1\u0148ov\u00e1<\/strong> <a href=\"mailto:rpetranova@smartfp.cz\">rpetranova@smartfp.cz.<\/a><\/p>\n<\/div>\n","protected":false},"excerpt":{"rendered":"<p>Wir sind auf der Suche nach einem Projektmanager, der die Kommunikation mit den Kunden leitet und ihre Anforderungen mit unseren Programmierern und Konfiguratoren bespricht.<\/p>\n","protected":false},"author":4,"featured_media":5746,"parent":5825,"menu_order":0,"comment_status":"closed","ping_status":"closed","template":"","meta":{"_eb_attr":"","inline_featured_image":false,"_eb_data_table":"","footnotes":""},"class_list":["post-5745","page","type-page","status-publish","has-post-thumbnail","hentry"],"yoast_head":"<!-- This site is optimized with the Yoast SEO plugin v27.4 - https:\/\/yoast.com\/product\/yoast-seo-wordpress\/ -->\n<title>IT-Projektleiter - SmartFP<\/title>\n<meta name=\"description\" content=\"Wir sind auf der Suche nach einem Projektmanager, der die Kommunikation mit den Kunden leitet und ihre Anforderungen mit unseren Programmierern und Konfiguratoren bespricht.\" \/>\n<meta name=\"robots\" content=\"index, follow, max-snippet:-1, max-image-preview:large, max-video-preview:-1\" \/>\n<link rel=\"canonical\" href=\"https:\/\/smartfp.cz\/de\/plattform\/karriere\/it-projektleiter\/\" \/>\n<meta property=\"og:locale\" content=\"de_DE\" \/>\n<meta property=\"og:type\" content=\"article\" \/>\n<meta property=\"og:title\" content=\"IT-Projektleiter - SmartFP\" \/>\n<meta property=\"og:description\" content=\"Wir sind auf der Suche nach einem Projektmanager, der die Kommunikation mit den Kunden leitet und ihre Anforderungen mit unseren Programmierern und Konfiguratoren bespricht.\" \/>\n<meta property=\"og:url\" content=\"https:\/\/smartfp.cz\/de\/plattform\/karriere\/it-projektleiter\/\" \/>\n<meta property=\"og:site_name\" content=\"SmartFP\" \/>\n<meta property=\"article:publisher\" content=\"https:\/\/www.facebook.com\/smartformplatform\" \/>\n<meta property=\"article:modified_time\" content=\"2025-01-27T11:42:32+00:00\" \/>\n<meta property=\"og:image\" content=\"https:\/\/smartfp.cz\/wp-content\/uploads\/2024\/10\/detaily-v-obr-zku-pros-m-vytvo-s-barvami-1e88e5-3.png\" \/>\n\t<meta property=\"og:image:width\" content=\"1024\" \/>\n\t<meta property=\"og:image:height\" content=\"1024\" \/>\n\t<meta property=\"og:image:type\" content=\"image\/png\" \/>\n<meta name=\"twitter:card\" content=\"summary_large_image\" \/>\n<script type=\"application\/ld+json\" class=\"yoast-schema-graph\">{\"@context\":\"https:\\\/\\\/schema.org\",\"@graph\":[{\"@type\":\"WebPage\",\"@id\":\"https:\\\/\\\/smartfp.cz\\\/de\\\/plattform\\\/karriere\\\/it-projektleiter\\\/\",\"url\":\"https:\\\/\\\/smartfp.cz\\\/de\\\/plattform\\\/karriere\\\/it-projektleiter\\\/\",\"name\":\"IT-Projektleiter - SmartFP\",\"isPartOf\":{\"@id\":\"https:\\\/\\\/smartfp.cz\\\/de\\\/#website\"},\"primaryImageOfPage\":{\"@id\":\"https:\\\/\\\/smartfp.cz\\\/de\\\/plattform\\\/karriere\\\/it-projektleiter\\\/#primaryimage\"},\"image\":{\"@id\":\"https:\\\/\\\/smartfp.cz\\\/de\\\/plattform\\\/karriere\\\/it-projektleiter\\\/#primaryimage\"},\"thumbnailUrl\":\"https:\\\/\\\/smartfp.cz\\\/wp-content\\\/uploads\\\/2024\\\/10\\\/detaily-v-obr-zku-pros-m-vytvo-s-barvami-1e88e5-3.png\",\"datePublished\":\"2024-10-17T15:11:29+00:00\",\"dateModified\":\"2025-01-27T11:42:32+00:00\",\"description\":\"Wir sind auf der Suche nach einem Projektmanager, der die Kommunikation mit den Kunden leitet und ihre Anforderungen mit unseren Programmierern und Konfiguratoren bespricht.\",\"breadcrumb\":{\"@id\":\"https:\\\/\\\/smartfp.cz\\\/de\\\/plattform\\\/karriere\\\/it-projektleiter\\\/#breadcrumb\"},\"inLanguage\":\"de\",\"potentialAction\":[{\"@type\":\"ReadAction\",\"target\":[\"https:\\\/\\\/smartfp.cz\\\/de\\\/plattform\\\/karriere\\\/it-projektleiter\\\/\"]}]},{\"@type\":\"ImageObject\",\"inLanguage\":\"de\",\"@id\":\"https:\\\/\\\/smartfp.cz\\\/de\\\/plattform\\\/karriere\\\/it-projektleiter\\\/#primaryimage\",\"url\":\"https:\\\/\\\/smartfp.cz\\\/wp-content\\\/uploads\\\/2024\\\/10\\\/detaily-v-obr-zku-pros-m-vytvo-s-barvami-1e88e5-3.png\",\"contentUrl\":\"https:\\\/\\\/smartfp.cz\\\/wp-content\\\/uploads\\\/2024\\\/10\\\/detaily-v-obr-zku-pros-m-vytvo-s-barvami-1e88e5-3.png\",\"width\":1024,\"height\":1024},{\"@type\":\"BreadcrumbList\",\"@id\":\"https:\\\/\\\/smartfp.cz\\\/de\\\/plattform\\\/karriere\\\/it-projektleiter\\\/#breadcrumb\",\"itemListElement\":[{\"@type\":\"ListItem\",\"position\":1,\"name\":\"Dom\u016f\",\"item\":\"https:\\\/\\\/smartfp.cz\\\/de\\\/\"},{\"@type\":\"ListItem\",\"position\":2,\"name\":\"Plattform\",\"item\":\"https:\\\/\\\/smartfp.cz\\\/de\\\/plattform\\\/\"},{\"@type\":\"ListItem\",\"position\":3,\"name\":\"Karriere\",\"item\":\"https:\\\/\\\/smartfp.cz\\\/de\\\/plattform\\\/karriere\\\/\"},{\"@type\":\"ListItem\",\"position\":4,\"name\":\"IT-Projektleiter\"}]},{\"@type\":\"WebSite\",\"@id\":\"https:\\\/\\\/smartfp.cz\\\/de\\\/#website\",\"url\":\"https:\\\/\\\/smartfp.cz\\\/de\\\/\",\"name\":\"SmartFP\",\"description\":\"Firemn\u00ed aplikace a integrace\",\"publisher\":{\"@id\":\"https:\\\/\\\/smartfp.cz\\\/de\\\/#organization\"},\"potentialAction\":[{\"@type\":\"SearchAction\",\"target\":{\"@type\":\"EntryPoint\",\"urlTemplate\":\"https:\\\/\\\/smartfp.cz\\\/de\\\/?s={search_term_string}\"},\"query-input\":{\"@type\":\"PropertyValueSpecification\",\"valueRequired\":true,\"valueName\":\"search_term_string\"}}],\"inLanguage\":\"de\"},{\"@type\":\"Organization\",\"@id\":\"https:\\\/\\\/smartfp.cz\\\/de\\\/#organization\",\"name\":\"Gappex s.r.o.\",\"alternateName\":\"SmartFP\",\"url\":\"https:\\\/\\\/smartfp.cz\\\/de\\\/\",\"logo\":{\"@type\":\"ImageObject\",\"inLanguage\":\"de\",\"@id\":\"https:\\\/\\\/smartfp.cz\\\/de\\\/#\\\/schema\\\/logo\\\/image\\\/\",\"url\":\"https:\\\/\\\/smartfp.cz\\\/wp-content\\\/uploads\\\/2024\\\/05\\\/SFP-long-color-1.svg\",\"contentUrl\":\"https:\\\/\\\/smartfp.cz\\\/wp-content\\\/uploads\\\/2024\\\/05\\\/SFP-long-color-1.svg\",\"width\":100,\"height\":100,\"caption\":\"Gappex s.r.o.\"},\"image\":{\"@id\":\"https:\\\/\\\/smartfp.cz\\\/de\\\/#\\\/schema\\\/logo\\\/image\\\/\"},\"sameAs\":[\"https:\\\/\\\/www.facebook.com\\\/smartformplatform\",\"https:\\\/\\\/www.instagram.com\\\/smart.fp\\\/\",\"https:\\\/\\\/cz.linkedin.com\\\/company\\\/gappex\",\"https:\\\/\\\/www.youtube.com\\\/@smartfp\"]}]}<\/script>\n<!-- \/ Yoast SEO plugin. -->","yoast_head_json":{"title":"IT-Projektleiter - SmartFP","description":"Wir sind auf der Suche nach einem Projektmanager, der die Kommunikation mit den Kunden leitet und ihre Anforderungen mit unseren Programmierern und Konfiguratoren bespricht.","robots":{"index":"index","follow":"follow","max-snippet":"max-snippet:-1","max-image-preview":"max-image-preview:large","max-video-preview":"max-video-preview:-1"},"canonical":"https:\/\/smartfp.cz\/de\/plattform\/karriere\/it-projektleiter\/","og_locale":"de_DE","og_type":"article","og_title":"IT-Projektleiter - SmartFP","og_description":"Wir sind auf der Suche nach einem Projektmanager, der die Kommunikation mit den Kunden leitet und ihre Anforderungen mit unseren Programmierern und Konfiguratoren bespricht.","og_url":"https:\/\/smartfp.cz\/de\/plattform\/karriere\/it-projektleiter\/","og_site_name":"SmartFP","article_publisher":"https:\/\/www.facebook.com\/smartformplatform","article_modified_time":"2025-01-27T11:42:32+00:00","og_image":[{"width":1024,"height":1024,"url":"https:\/\/smartfp.cz\/wp-content\/uploads\/2024\/10\/detaily-v-obr-zku-pros-m-vytvo-s-barvami-1e88e5-3.png","type":"image\/png"}],"twitter_card":"summary_large_image","schema":{"@context":"https:\/\/schema.org","@graph":[{"@type":"WebPage","@id":"https:\/\/smartfp.cz\/de\/plattform\/karriere\/it-projektleiter\/","url":"https:\/\/smartfp.cz\/de\/plattform\/karriere\/it-projektleiter\/","name":"IT-Projektleiter - SmartFP","isPartOf":{"@id":"https:\/\/smartfp.cz\/de\/#website"},"primaryImageOfPage":{"@id":"https:\/\/smartfp.cz\/de\/plattform\/karriere\/it-projektleiter\/#primaryimage"},"image":{"@id":"https:\/\/smartfp.cz\/de\/plattform\/karriere\/it-projektleiter\/#primaryimage"},"thumbnailUrl":"https:\/\/smartfp.cz\/wp-content\/uploads\/2024\/10\/detaily-v-obr-zku-pros-m-vytvo-s-barvami-1e88e5-3.png","datePublished":"2024-10-17T15:11:29+00:00","dateModified":"2025-01-27T11:42:32+00:00","description":"Wir sind auf der Suche nach einem Projektmanager, der die Kommunikation mit den Kunden leitet und ihre Anforderungen mit unseren Programmierern und Konfiguratoren bespricht.","breadcrumb":{"@id":"https:\/\/smartfp.cz\/de\/plattform\/karriere\/it-projektleiter\/#breadcrumb"},"inLanguage":"de","potentialAction":[{"@type":"ReadAction","target":["https:\/\/smartfp.cz\/de\/plattform\/karriere\/it-projektleiter\/"]}]},{"@type":"ImageObject","inLanguage":"de","@id":"https:\/\/smartfp.cz\/de\/plattform\/karriere\/it-projektleiter\/#primaryimage","url":"https:\/\/smartfp.cz\/wp-content\/uploads\/2024\/10\/detaily-v-obr-zku-pros-m-vytvo-s-barvami-1e88e5-3.png","contentUrl":"https:\/\/smartfp.cz\/wp-content\/uploads\/2024\/10\/detaily-v-obr-zku-pros-m-vytvo-s-barvami-1e88e5-3.png","width":1024,"height":1024},{"@type":"BreadcrumbList","@id":"https:\/\/smartfp.cz\/de\/plattform\/karriere\/it-projektleiter\/#breadcrumb","itemListElement":[{"@type":"ListItem","position":1,"name":"Dom\u016f","item":"https:\/\/smartfp.cz\/de\/"},{"@type":"ListItem","position":2,"name":"Plattform","item":"https:\/\/smartfp.cz\/de\/plattform\/"},{"@type":"ListItem","position":3,"name":"Karriere","item":"https:\/\/smartfp.cz\/de\/plattform\/karriere\/"},{"@type":"ListItem","position":4,"name":"IT-Projektleiter"}]},{"@type":"WebSite","@id":"https:\/\/smartfp.cz\/de\/#website","url":"https:\/\/smartfp.cz\/de\/","name":"SmartFP","description":"Firemn\u00ed aplikace a integrace","publisher":{"@id":"https:\/\/smartfp.cz\/de\/#organization"},"potentialAction":[{"@type":"SearchAction","target":{"@type":"EntryPoint","urlTemplate":"https:\/\/smartfp.cz\/de\/?s={search_term_string}"},"query-input":{"@type":"PropertyValueSpecification","valueRequired":true,"valueName":"search_term_string"}}],"inLanguage":"de"},{"@type":"Organization","@id":"https:\/\/smartfp.cz\/de\/#organization","name":"Gappex s.r.o.","alternateName":"SmartFP","url":"https:\/\/smartfp.cz\/de\/","logo":{"@type":"ImageObject","inLanguage":"de","@id":"https:\/\/smartfp.cz\/de\/#\/schema\/logo\/image\/","url":"https:\/\/smartfp.cz\/wp-content\/uploads\/2024\/05\/SFP-long-color-1.svg","contentUrl":"https:\/\/smartfp.cz\/wp-content\/uploads\/2024\/05\/SFP-long-color-1.svg","width":100,"height":100,"caption":"Gappex s.r.o."},"image":{"@id":"https:\/\/smartfp.cz\/de\/#\/schema\/logo\/image\/"},"sameAs":["https:\/\/www.facebook.com\/smartformplatform","https:\/\/www.instagram.com\/smart.fp\/","https:\/\/cz.linkedin.com\/company\/gappex","https:\/\/www.youtube.com\/@smartfp"]}]}},"_links":{"self":[{"href":"https:\/\/smartfp.cz\/de\/wp-json\/wp\/v2\/pages\/5745","targetHints":{"allow":["GET"]}}],"collection":[{"href":"https:\/\/smartfp.cz\/de\/wp-json\/wp\/v2\/pages"}],"about":[{"href":"https:\/\/smartfp.cz\/de\/wp-json\/wp\/v2\/types\/page"}],"author":[{"embeddable":true,"href":"https:\/\/smartfp.cz\/de\/wp-json\/wp\/v2\/users\/4"}],"replies":[{"embeddable":true,"href":"https:\/\/smartfp.cz\/de\/wp-json\/wp\/v2\/comments?post=5745"}],"version-history":[{"count":1,"href":"https:\/\/smartfp.cz\/de\/wp-json\/wp\/v2\/pages\/5745\/revisions"}],"predecessor-version":[{"id":5748,"href":"https:\/\/smartfp.cz\/de\/wp-json\/wp\/v2\/pages\/5745\/revisions\/5748"}],"up":[{"embeddable":true,"href":"https:\/\/smartfp.cz\/de\/wp-json\/wp\/v2\/pages\/5825"}],"wp:featuredmedia":[{"embeddable":true,"href":"https:\/\/smartfp.cz\/de\/wp-json\/wp\/v2\/media\/5746"}],"wp:attachment":[{"href":"https:\/\/smartfp.cz\/de\/wp-json\/wp\/v2\/media?parent=5745"}],"curies":[{"name":"wp","href":"https:\/\/api.w.org\/{rel}","templated":true}]}}